{"id":27717,"date":"2021-01-12T11:01:56","date_gmt":"2021-01-12T10:01:56","guid":{"rendered":"https:\/\/www.interbusinesschamber.com\/produit\/hydraphase-uv-intense-riche\/"},"modified":"2021-01-13T11:13:49","modified_gmt":"2021-01-13T10:13:49","slug":"hydraphase-uv-intense-riche","status":"publish","type":"product","link":"https:\/\/www.sopha-sahara.com\/en\/product\/hydraphase-uv-intense-riche\/","title":{"rendered":"Hydraphase UV INTENSE Riche"},"content":{"rendered":"<div class=\"ctn_col var_efficacy\">\n<h4>EFFICACIT\u00c9<\/h4>\n<p>Hydratation imm\u00e9diate*: 93%.<br \/>Hydratation Longue dur\u00e9e** : +36% d'hydratation \u00e0 T8h.<br \/>SPF: 20<br \/>* Test d'usage sous contr\u00f4le dermatologique sur 39 femmes.<br \/>** Mesure de l\u2019hydratation des couches sup\u00e9rieures de l\u2019\u00e9piderme sur 24 femmes.<\/p>\n<\/div>\n<div class=\"ctn_col var_texture\">\n<h4>TEXTURE &amp; APPLICATION<\/h4>\n<div>Appliquer quotidiennement le matin sur le visage et le cou bien nettoy\u00e9s. Adapt\u00e9 aux peaux sensibles.<\/div>\n<\/div>","protected":false},"excerpt":{"rendered":"<div id=\"action\" class=\"ctn_desc\">\n<p>La Technologie Jonctions Cellulaires pour une hydratation Haute Performance ultra-longue dur\u00e9e pour les Peaux Sensibles.<br \/>Protection quotidienne contre les UV.<\/p>\n<\/div>\n<div class=\"ctn_format\">\n<p>Flacon pompe 50ml + \u00e9tui<\/p>\n<h4>PROPRI\u00c9T\u00c9S<\/h4>\n<p>Peaux sensibles d\u00e9shydrat\u00e9es \u00e0 tendance s\u00e8che.<br \/>Protection anti-UV renforc\u00e9e:<br \/>&#8211;\u00a0Formule enrichie en filtre UVB et UVA.<br \/>&#8211;\u00a0Protection \u00ab\u00a0sans faille\u00a0\u00bb: la nouvelle structure formulatoire ol\u00e9osome permet une r\u00e9partition homog\u00e8ne des filtres sur la peau.<\/p>\n<\/div>","protected":false},"featured_media":23187,"template":"","meta":{"arc_restricted_post":false},"product_cat":[48,389,331],"product_tag":[],"_links":{"self":[{"href":"https:\/\/www.sopha-sahara.com\/en\/wp-json\/wp\/v2\/product\/27717"}],"collection":[{"href":"https:\/\/www.sopha-sahara.com\/en\/wp-json\/wp\/v2\/product"}],"about":[{"href":"https:\/\/www.sopha-sahara.com\/en\/wp-json\/wp\/v2\/types\/product"}],"wp:featuredmedia":[{"embeddable":true,"href":"https:\/\/www.sopha-sahara.com\/en\/wp-json\/wp\/v2\/media\/23187"}],"wp:attachment":[{"href":"https:\/\/www.sopha-sahara.com\/en\/wp-json\/wp\/v2\/media?parent=27717"}],"wp:term":[{"taxonomy":"product_cat","embeddable":true,"href":"https:\/\/www.sopha-sahara.com\/en\/wp-json\/wp\/v2\/product_cat?post=27717"},{"taxonomy":"product_tag","embeddable":true,"href":"https:\/\/www.sopha-sahara.com\/en\/wp-json\/wp\/v2\/product_tag?post=27717"}],"curies":[{"name":"wp","href":"https:\/\/api.w.org\/{rel}","templated":true}]}}