{"id":27715,"date":"2021-01-12T11:01:56","date_gmt":"2021-01-12T10:01:56","guid":{"rendered":"https:\/\/www.interbusinesschamber.com\/produit\/effaclar-h\/"},"modified":"2021-01-13T11:02:52","modified_gmt":"2021-01-13T10:02:52","slug":"effaclar-h","status":"publish","type":"product","link":"https:\/\/www.sopha-sahara.com\/en\/product\/effaclar-h\/","title":{"rendered":"EFFACLAR H"},"content":{"rendered":"<div class=\"ctn_col var_efficacy\">\n<h4>EFFICACIT\u00c9<\/h4>\n<p>R\u00e9duction de -64% de la s\u00e9cheresse cutan\u00e9e (Evaluation sous contr\u00f4le dermatologique, scorage au Dermascore sur 30 patients sous Isotretinoine orale depuis au moins un mois. R\u00e9sultats \u00e0 4 semaines).<\/p>\n<\/div>\n<div class=\"ctn_col var_texture\">\n<h4>TEXTURE &amp; APPLICATION<\/h4>\n<div>Appliquer matin et soir sur une peau propre et s\u00e8che. Non com\u00e9dog\u00e8ne.<\/div>\n<\/div>","protected":false},"excerpt":{"rendered":"<div id=\"action\" class=\"ctn_desc\">\n<p>Hydrate les peaux grasses fragilis\u00e9es par les soins d\u00e9ss\u00e9chants.<\/p>\n<\/div>\n<div class=\"ctn_format\">\n<p>Tube 40 ml<\/p>\n<h4>PROPRI\u00c9T\u00c9S<\/h4>\n<p>Peaux grasses fragilis\u00e9es par les soins dess\u00e9chants.<br \/>EFFACLAR H hydrate les peaux grasses fragilis\u00e9es par les soins dess\u00e9chants. Il apporte \u00e9galement les lipides qui leur font sp\u00e9cifiquement d\u00e9faut pour reconstituer le film hydrolipidique protecteur et contient du C\u00e9ramide 5 (brevet d\u00e9pos\u00e9) pour renforcer la fonction barri\u00e8re de la peau. Il restaure ainsi confort et souplesse. Formule riche en eau thermale de La Roche-Posay et Bisabolol pour apaiser irritations et rougeurs.<br \/>Formule sans paraben.<\/p>\n<\/div>","protected":false},"featured_media":23176,"template":"","meta":{"arc_restricted_post":false},"product_cat":[48,388,331],"product_tag":[],"_links":{"self":[{"href":"https:\/\/www.sopha-sahara.com\/en\/wp-json\/wp\/v2\/product\/27715"}],"collection":[{"href":"https:\/\/www.sopha-sahara.com\/en\/wp-json\/wp\/v2\/product"}],"about":[{"href":"https:\/\/www.sopha-sahara.com\/en\/wp-json\/wp\/v2\/types\/product"}],"wp:featuredmedia":[{"embeddable":true,"href":"https:\/\/www.sopha-sahara.com\/en\/wp-json\/wp\/v2\/media\/23176"}],"wp:attachment":[{"href":"https:\/\/www.sopha-sahara.com\/en\/wp-json\/wp\/v2\/media?parent=27715"}],"wp:term":[{"taxonomy":"product_cat","embeddable":true,"href":"https:\/\/www.sopha-sahara.com\/en\/wp-json\/wp\/v2\/product_cat?post=27715"},{"taxonomy":"product_tag","embeddable":true,"href":"https:\/\/www.sopha-sahara.com\/en\/wp-json\/wp\/v2\/product_tag?post=27715"}],"curies":[{"name":"wp","href":"https:\/\/api.w.org\/{rel}","templated":true}]}}