{"id":27714,"date":"2021-01-12T11:01:56","date_gmt":"2021-01-12T10:01:56","guid":{"rendered":"https:\/\/www.interbusinesschamber.com\/produit\/effaclar-mat\/"},"modified":"2021-01-13T11:03:22","modified_gmt":"2021-01-13T10:03:22","slug":"effaclar-mat","status":"publish","type":"product","link":"https:\/\/www.sopha-sahara.com\/en\/product\/effaclar-mat\/","title":{"rendered":"EFFACLAR MAT"},"content":{"rendered":"<div class=\"ctn_col var_efficacy\">\n<h4>EFFICACIT\u00c9<\/h4>\n<p>ACTION ANTI-BRILLANCE<br \/>100% Le produit ne laisse pas de film gras<br \/>94% La peau est imm\u00e9diatement matifi\u00e9e<br \/>90% Jour apr\u00e8s jour, la peau est matifi\u00e9e<\/p>\n<p>ACTION ANTI-PORES DILAT\u00c9S<br \/>94% Le grain de peau est plus fin<br \/>76% Les pores sont resser\u00e9s<br \/>76% Les pores sont moins visibles<\/p>\n<p>POUR UNE MEILLEURE QUALIT\u00c9 DE PEAU<br \/>98% Le teint est homog\u00e8ne<br \/>96% La peau est plus lisse<br \/>90% La peau para\u00eet plus saine<\/p>\n<p>Test cosm\u00e9toclinique sous contr\u00f4le dermatologique, 4 semaines, auto \u00e9valuation, 150 femmes.<\/p>\n<\/div>\n<div class=\"ctn_col var_texture\">\n<h4>TEXTURE &amp; APPLICATION<\/h4>\n<div>Appliquer matin et\/ou soir sur l'ensemble du visage. Eviter le contour des yeux. Exellente base de maquillage.<\/div>\n<\/div>","protected":false},"excerpt":{"rendered":"<div id=\"action\" class=\"ctn_desc\">\n<p>R\u00e9duire les pores, le flux de s\u00e9bum. Et fait durer la matit\u00e9.<\/p>\n<\/div>\n<div class=\"ctn_format\">\n<p>Tube 40 ml<\/p>\n<section class=\"obj_detail product clearfix\">\n<div id=\"carousselpack\" class=\"ctn_description clearfix\">\n<div class=\"ctn_col var_center\">\n<div class=\"ctn_properties\">\n<h4>PROPRI\u00c9T\u00c9S<\/h4>\n<p>Peaux grasses. Convient aux peaux sensibles. Texture oil free effet buvard : effet matifiant longue dur\u00e9e d\u00e9montr\u00e9e. Non com\u00e9dog\u00e8ne. Test\u00e9 sous contr\u00f4le dermatologique.<br \/>Jour apr\u00e8s jour, agit \u00e0 la source pour une double performance anti brillance + anti pores dilat\u00e9s. Avec l\u2019association exclusive de :<br \/>&#8211; La Sebulyse, actif s\u00e9bo-r\u00e9gulateur plus puissant que le Zinc, pour sa capacit\u00e9 \u00e0 d\u00e9samorcer la production de s\u00e9bum \u00e0 sa source.<br \/>&#8211; Texture oil-free enrichie en microsph\u00e8res absorbantes et en perlite pour une peau imm\u00e9diatement matifi\u00e9e.<\/p>\n<\/div>\n<\/div>\n<\/div>\n<\/section>\n<section class=\"obj_detail product clearfix\">\n<div class=\"obj_encart clearfix\">\n<div class=\"ctn_col var_efficacy\">\n<p>&nbsp;<\/p>\n<\/div>\n<\/div>\n<\/section>\n<\/div>","protected":false},"featured_media":23180,"template":"","meta":{"arc_restricted_post":false},"product_cat":[48,388,331],"product_tag":[],"_links":{"self":[{"href":"https:\/\/www.sopha-sahara.com\/en\/wp-json\/wp\/v2\/product\/27714"}],"collection":[{"href":"https:\/\/www.sopha-sahara.com\/en\/wp-json\/wp\/v2\/product"}],"about":[{"href":"https:\/\/www.sopha-sahara.com\/en\/wp-json\/wp\/v2\/types\/product"}],"wp:featuredmedia":[{"embeddable":true,"href":"https:\/\/www.sopha-sahara.com\/en\/wp-json\/wp\/v2\/media\/23180"}],"wp:attachment":[{"href":"https:\/\/www.sopha-sahara.com\/en\/wp-json\/wp\/v2\/media?parent=27714"}],"wp:term":[{"taxonomy":"product_cat","embeddable":true,"href":"https:\/\/www.sopha-sahara.com\/en\/wp-json\/wp\/v2\/product_cat?post=27714"},{"taxonomy":"product_tag","embeddable":true,"href":"https:\/\/www.sopha-sahara.com\/en\/wp-json\/wp\/v2\/product_tag?post=27714"}],"curies":[{"name":"wp","href":"https:\/\/api.w.org\/{rel}","templated":true}]}}