{"id":27713,"date":"2021-01-12T11:01:55","date_gmt":"2021-01-12T10:01:55","guid":{"rendered":"https:\/\/www.interbusinesschamber.com\/produit\/effaclar-k\/"},"modified":"2021-01-13T11:06:39","modified_gmt":"2021-01-13T10:06:39","slug":"effaclar-k","status":"publish","type":"product","link":"https:\/\/www.sopha-sahara.com\/en\/product\/effaclar-k\/","title":{"rendered":"EFFACLAR K(+)"},"content":{"rendered":"<div class=\"ctn_col var_efficacy\">\n<h4>EFFICACIT\u00c9<\/h4>\n<p><strong>NOUVELLE EXPERTISE DERMATOLOGIQUE<\/strong><br \/>La Recherche La Roche-Posay a d\u00e9montr\u00e9 que, sous l\u2019effet des agressions ext\u00e9rieures (particules polluantes, poussi\u00e8res\u2026), la peau grasse \u00e0 imperfections subit une oxydation, d\u00e9clenchant alors des r\u00e9actions en cha\u00eene \u2013 hyperk\u00e9ratinisation, hyperproduction de s\u00e9bum, oxydation du s\u00e9bum et des impuret\u00e9s pr\u00e9sents \u00e0 la surface de la peau - pouvant conduire \u00e0 l\u2019apparition de nouvelles imperfections.<\/p>\n<\/div>\n<div class=\"ctn_col var_texture\">\n<h4>TEXTURE &amp; APPLICATION<\/h4>\n<div>Appliquer matin et\/ou soir sur l\u2019ensemble du visage.<br \/>Eviter le contour des yeux. Excellente base de maquillage.<\/div>\n<\/div>","protected":false},"excerpt":{"rendered":"<div id=\"action\" class=\"ctn_desc\">\n<p>La peau r\u00e9nov\u00e9e, liss\u00e9e, d\u00e9livr\u00e9e des points noirs r\u00e9cidivants.<\/p>\n<\/div>\n<div class=\"ctn_format\">\n<p>Tube\u00a030ml<\/p>\n<h4>PROPRI\u00c9T\u00c9S<\/h4>\n<p>Peaux mixtes \u00e0 grasses.<br \/>Points noirs r\u00e9cidivants, grain de peau irr\u00e9gulier, brillance.<br \/>Pour la 1\u00e8re fois,\u00a0<strong>le soin quotidien EFFACLAR K (+) associe le LHA micro-exfoliant au complexe anti-oxydant anti-s\u00e9bum 8h: [VITAMINE E + CARNOSINE +AIRLICIUM\u2122]<\/strong>.<\/p>\n<p>Nouvelle texture aquagel ultra-fra\u00eeche et non grasse, absorption rapide.<br \/>Hydratation et confort toute la journ\u00e9e.<\/p>\n<p>Non com\u00e9dog\u00e8ne.<\/p>\n<\/div>\n","protected":false},"featured_media":23178,"template":"","meta":{"arc_restricted_post":false},"product_cat":[48,388,331],"product_tag":[],"_links":{"self":[{"href":"https:\/\/www.sopha-sahara.com\/en\/wp-json\/wp\/v2\/product\/27713"}],"collection":[{"href":"https:\/\/www.sopha-sahara.com\/en\/wp-json\/wp\/v2\/product"}],"about":[{"href":"https:\/\/www.sopha-sahara.com\/en\/wp-json\/wp\/v2\/types\/product"}],"wp:featuredmedia":[{"embeddable":true,"href":"https:\/\/www.sopha-sahara.com\/en\/wp-json\/wp\/v2\/media\/23178"}],"wp:attachment":[{"href":"https:\/\/www.sopha-sahara.com\/en\/wp-json\/wp\/v2\/media?parent=27713"}],"wp:term":[{"taxonomy":"product_cat","embeddable":true,"href":"https:\/\/www.sopha-sahara.com\/en\/wp-json\/wp\/v2\/product_cat?post=27713"},{"taxonomy":"product_tag","embeddable":true,"href":"https:\/\/www.sopha-sahara.com\/en\/wp-json\/wp\/v2\/product_tag?post=27713"}],"curies":[{"name":"wp","href":"https:\/\/api.w.org\/{rel}","templated":true}]}}