{"id":27712,"date":"2021-01-12T11:01:55","date_gmt":"2021-01-12T10:01:55","guid":{"rendered":"https:\/\/www.interbusinesschamber.com\/produit\/effaclar-a-i\/"},"modified":"2021-01-13T11:07:09","modified_gmt":"2021-01-13T10:07:09","slug":"effaclar-a-i","status":"publish","type":"product","link":"https:\/\/www.sopha-sahara.com\/en\/product\/effaclar-a-i\/","title":{"rendered":"EFFACLAR A.I."},"content":{"rendered":"<div class=\"ctn_col var_efficacy\">\n<h4>EFFICACIT\u00c9<\/h4>\n<p>&gt; Chez 2\/3 des femmes, r\u00e9sorption de l'imperfection \u00e0 48 heures.*<br \/>&gt; Acc\u00e9l\u00e9ration du turn over cellulaire : gain de 3,5 jours.*** Cin\u00e9tique de r\u00e9sorption des imperfections : test men\u00e9 sur 27 femmes, sous contr\u00f4le dermatologique.<br \/>** Test au chlorure de Dansyle, men\u00e9 sur 26 sujets.<\/p>\n<\/div>\n<div class=\"ctn_col var_texture\">\n<h4>TEXTURE &amp; APPLICATION<\/h4>\n<div>Appliquer localement jusqu'\u00e0 disparition des imperfections. Effaclar A.I. permet le maquillage. Non com\u00e9dog\u00e8ne.<\/div>\n<\/div>","protected":false},"excerpt":{"rendered":"<div id=\"action\" class=\"ctn_desc\">\n<p>Purge en profondeur les imperfections.<br \/>Pr\u00e9vient les marques r\u00e9siduelles.<\/p>\n<\/div>\n<div class=\"ctn_format\">\n<p>Tube 15 ml<\/p>\n<h4>PROPRI\u00c9T\u00c9S<\/h4>\n<p>Eruptions cutan\u00e9es locales des peaux grasses \u00e0 imperfections.<br \/>Soin local intensif qui purge en profondeur l&rsquo;imperfection pour acc\u00e9l\u00e9rer sa r\u00e9sorption et pr\u00e9venir les marques r\u00e9siduelles :<br \/>&#8211; Le Niacinamide stoppe l&rsquo;\u00e9volution de la pouss\u00e9e,<br \/>&#8211; L&rsquo;association piroctone olamine \/ glycacil \u00e9pure le foyer bact\u00e9rien pour r\u00e9sorber l&rsquo;imperfection,<br \/>&#8211; Le LHA micro-exfoliant et l&rsquo;eau thermale de La Roche-Posay, r\u00e9paratrice, activent le processus de r\u00e9g\u00e9n\u00e9ration de la peau.<br \/>Formule sans paraben.<\/p>\n<\/div>","protected":false},"featured_media":23172,"template":"","meta":{"arc_restricted_post":false},"product_cat":[48,388,331],"product_tag":[],"_links":{"self":[{"href":"https:\/\/www.sopha-sahara.com\/en\/wp-json\/wp\/v2\/product\/27712"}],"collection":[{"href":"https:\/\/www.sopha-sahara.com\/en\/wp-json\/wp\/v2\/product"}],"about":[{"href":"https:\/\/www.sopha-sahara.com\/en\/wp-json\/wp\/v2\/types\/product"}],"wp:featuredmedia":[{"embeddable":true,"href":"https:\/\/www.sopha-sahara.com\/en\/wp-json\/wp\/v2\/media\/23172"}],"wp:attachment":[{"href":"https:\/\/www.sopha-sahara.com\/en\/wp-json\/wp\/v2\/media?parent=27712"}],"wp:term":[{"taxonomy":"product_cat","embeddable":true,"href":"https:\/\/www.sopha-sahara.com\/en\/wp-json\/wp\/v2\/product_cat?post=27712"},{"taxonomy":"product_tag","embeddable":true,"href":"https:\/\/www.sopha-sahara.com\/en\/wp-json\/wp\/v2\/product_tag?post=27712"}],"curies":[{"name":"wp","href":"https:\/\/api.w.org\/{rel}","templated":true}]}}