{"id":27711,"date":"2021-01-12T11:01:55","date_gmt":"2021-01-12T10:01:55","guid":{"rendered":"https:\/\/www.interbusinesschamber.com\/produit\/effaclar-h-creme-lavante-hydratante-dermo-apaisante\/"},"modified":"2021-01-13T11:07:41","modified_gmt":"2021-01-13T10:07:41","slug":"effaclar-h-creme-lavante-hydratante-dermo-apaisante","status":"publish","type":"product","link":"https:\/\/www.sopha-sahara.com\/en\/product\/effaclar-h-creme-lavante-hydratante-dermo-apaisante\/","title":{"rendered":"EFFACLAR H Cr\u00e8me Lavante Hydratante Dermo-apaisante"},"content":{"rendered":"<h4>TEXTURE &amp; APPLICATION<\/h4>\n<div>Innovation texture anti-frottements : Faire mousser une noisette de produit avec de l\u2019eau dans le creux de la main. Appliquer sur le visage humidifi\u00e9 de l\u2019int\u00e9rieur vers l\u2019ext\u00e9rieur, en un passage. Rincer abondamment et s\u00e9cher sans frotter. Evitez le contour des yeux. En cas de contact avec les yeux, rincer abondamment.<\/div>","protected":false},"excerpt":{"rendered":"<div id=\"action\" class=\"ctn_desc\">\n<p>Nettoie et purifie la peau en douceur et r\u00e9tablit le confort cutan\u00e9.<\/p>\n<\/div>\n<div class=\"ctn_format\">\n<p>Tube\u00a0200ml<\/p>\n<h4>PROPRI\u00c9T\u00c9S<\/h4>\n<p>Peaux grasses fragilis\u00e9es par les traitements dess\u00e9chants<br \/>Test\u00e9 sous contr\u00f4le dermatologique en combinaison des traitements dess\u00e9chants. Non com\u00e9dog\u00e8ne.<\/p>\n<\/div>","protected":false},"featured_media":23177,"template":"","meta":{"arc_restricted_post":false},"product_cat":[48,388,331],"product_tag":[],"_links":{"self":[{"href":"https:\/\/www.sopha-sahara.com\/en\/wp-json\/wp\/v2\/product\/27711"}],"collection":[{"href":"https:\/\/www.sopha-sahara.com\/en\/wp-json\/wp\/v2\/product"}],"about":[{"href":"https:\/\/www.sopha-sahara.com\/en\/wp-json\/wp\/v2\/types\/product"}],"wp:featuredmedia":[{"embeddable":true,"href":"https:\/\/www.sopha-sahara.com\/en\/wp-json\/wp\/v2\/media\/23177"}],"wp:attachment":[{"href":"https:\/\/www.sopha-sahara.com\/en\/wp-json\/wp\/v2\/media?parent=27711"}],"wp:term":[{"taxonomy":"product_cat","embeddable":true,"href":"https:\/\/www.sopha-sahara.com\/en\/wp-json\/wp\/v2\/product_cat?post=27711"},{"taxonomy":"product_tag","embeddable":true,"href":"https:\/\/www.sopha-sahara.com\/en\/wp-json\/wp\/v2\/product_tag?post=27711"}],"curies":[{"name":"wp","href":"https:\/\/api.w.org\/{rel}","templated":true}]}}