{"id":27710,"date":"2021-01-12T11:01:55","date_gmt":"2021-01-12T10:01:55","guid":{"rendered":"https:\/\/www.interbusinesschamber.com\/produit\/effaclar-gel-moussant\/"},"modified":"2021-01-13T11:08:31","modified_gmt":"2021-01-13T10:08:31","slug":"effaclar-gel-moussant","status":"publish","type":"product","link":"https:\/\/www.sopha-sahara.com\/en\/product\/effaclar-gel-moussant\/","title":{"rendered":"EFFACLAR Gel Moussant"},"content":{"rendered":"<div class=\"ctn_col var_efficacy\">\n<h4>EFFICACIT\u00c9<\/h4>\n<p>S\u00e9bum, imperfections, points noirs.<br \/>Efficacit\u00e9 cliniquement prouv\u00e9e sur 3000 personnes.<\/p>\n<\/div>\n<div class=\"ctn_col var_texture\">\n<h4>TEXTURE &amp; APPLICATION<\/h4>\n<div>Faire mousser dans la main avec un peu d\u2019eau et appliquer sur le visage en massant doucement. Rincer abondamment.<\/div>\n<\/div>","protected":false},"excerpt":{"rendered":"<p>Tubes 200ml et 400ml<\/p>\n<h4>PROPRI\u00c9T\u00c9S<\/h4>\n<p>Peaux grasses et sensibles.<br \/>Le Gel EFFACLAR purifie la peau en douceur gr\u00e2ce \u00e0 des agents nettoyants s\u00e9lectionn\u00e9s pour respecter les peaux sensibles. Il \u00e9limine les impuret\u00e9s et l&rsquo;exc\u00e8s de s\u00e9bum en laissant la peau nette et fra\u00eeche.<br \/>Avec de\u00a0l&rsquo;eau thermale de La Roche-Posay apaisante et anti-irritante &#8211; pH 5.5 &#8211; Sans savon &#8211; Sans alcool &#8211; Sans colorant &#8211; Sans paraben.<\/p>","protected":false},"featured_media":23242,"template":"","meta":{"arc_restricted_post":false},"product_cat":[48,388,331],"product_tag":[],"_links":{"self":[{"href":"https:\/\/www.sopha-sahara.com\/en\/wp-json\/wp\/v2\/product\/27710"}],"collection":[{"href":"https:\/\/www.sopha-sahara.com\/en\/wp-json\/wp\/v2\/product"}],"about":[{"href":"https:\/\/www.sopha-sahara.com\/en\/wp-json\/wp\/v2\/types\/product"}],"wp:featuredmedia":[{"embeddable":true,"href":"https:\/\/www.sopha-sahara.com\/en\/wp-json\/wp\/v2\/media\/23242"}],"wp:attachment":[{"href":"https:\/\/www.sopha-sahara.com\/en\/wp-json\/wp\/v2\/media?parent=27710"}],"wp:term":[{"taxonomy":"product_cat","embeddable":true,"href":"https:\/\/www.sopha-sahara.com\/en\/wp-json\/wp\/v2\/product_cat?post=27710"},{"taxonomy":"product_tag","embeddable":true,"href":"https:\/\/www.sopha-sahara.com\/en\/wp-json\/wp\/v2\/product_tag?post=27710"}],"curies":[{"name":"wp","href":"https:\/\/api.w.org\/{rel}","templated":true}]}}