{"id":27709,"date":"2021-01-12T11:01:55","date_gmt":"2021-01-12T10:01:55","guid":{"rendered":"https:\/\/www.interbusinesschamber.com\/produit\/effaclar-duo-antirecidive\/"},"modified":"2021-01-13T11:09:29","modified_gmt":"2021-01-13T10:09:29","slug":"effaclar-duo-antirecidive","status":"publish","type":"product","link":"https:\/\/www.sopha-sahara.com\/en\/product\/effaclar-duo-antirecidive\/","title":{"rendered":"EFFACLAR DUO(+) Antir\u00e9cidive"},"content":{"rendered":"<div class=\"ctn_col var_efficacy\">\n<h4>EFFICACIT\u00c9<\/h4>\n<p>Efficacit\u00e9 prouv\u00e9e sur plus de 1300 sujets pr\u00e9sentant de l'acn\u00e9*<br \/>- R\u00e9duit les imperfections inflammatoires et retentionnelles<br \/>- Pr\u00e9vient les marques d'hyperpigmentation post-inflammatoire<br \/>- R\u00e9duit les risques de r\u00e9cidive<\/p>\n<p>Efficacit\u00e9 visible d\u00e8s 12h<br \/>La peau est visiblement moins rouge, plus uniforme et plus lisse **<\/p>\n<p>Efficacit\u00e9 prouv\u00e9e sur les imperfections***<br \/>- imperfections totales : -56%<br \/>- hyperpigmentation post-inflammatoire: -42%<\/p>\n<p>Action anti-r\u00e9cidive****<br \/>R\u00e9sultats maintenus un mois apr\u00e8s l\u2019arr\u00eat de l\u2019application<br \/>Si arr\u00eat de l'application de EFFACLAR DUO(+) apr\u00e8s seulement 2 mois d'utilisation, les r\u00e9sultats positifs sont maintenus, et le nombre d'imperfections continue \u00e0 diminuer pendant encore 1 mois.<\/p>\n<p>Innovation d'ingr\u00e9dients actifs\u00a0<br \/>Efficacit\u00e9 anti-marques rouges et\u00a0 brunes.<\/p>\n<p>Excellente tol\u00e9rance\u00a0pour 90% des dermatologues et des utilisateurs *****<\/p>\n<p><em>* Compilation de 13 \u00e9tudes men\u00e9es par La-Roche Posay<\/em><br \/><em>** Test instrumental sur 43 femmes \u00e2g\u00e9es de 18 \u00e0 45 ans<\/em><br \/><em>*** Etude sur 15 sujets \u00e0 tendance acn\u00e9ique, avec une moyenne de 24 ans, phototype III \u00e0 V. Application de EFFACLAR DUO (+), 2 applications par jour, pendant 28 et 56 jours. Evaluation r\u00e9alis\u00e9e par le dermatologue.<\/em><br \/><em>****Etude men\u00e9e par Prof.Li (Chengdu, Chine sur 15 patients pr\u00e9sentant des phototypes III \u00e0 V. 2 fois par jour)<\/em><br \/><em>*****Protocole: 5700 patients, avec une moyenne de 23 ans, application de EFFACLAR DUO (+), 1 \u00e0 2 applications par jour pendant 2 mois.<\/em><\/p>\n<\/div>\n<div class=\"ctn_col var_texture\">\n<h4>TEXTURE &amp; APPLICATION<\/h4>\n<div>Gel-cr\u00e8me frais, hydratation 24h et matit\u00e9 longue-dur\u00e9e.Texture agr\u00e9able. Absorption rapide pour un fini non-collant et non-gras. Excellente base de maquillage. Non-com\u00e9dog\u00e8ne.<\/p>\n<p>Texture gel-cr\u00e8me pl\u00e9bicit\u00e9e par ses utilisateurs*:<\/p>\n<ul>\n<li>100% de sensation non-collante<\/li>\n<li>100% texture agr\u00e9able<\/li>\n<li>92% de p\u00e9n\u00e9tration rapide<\/li>\n<\/ul>\n<p>Appliquer le matin et\/ou le soir sur l'ensemble du visage sur une peau pr\u00e9alablement nettoy\u00e9e avec EFFACLAR GEL Moussant. Excellente base de maquillage pour les produits La Roche-Posay.<br \/>Prendre une petite quantit\u00e9 de cr\u00e8me sur le bout du doigt. Chauffer la cr\u00e8me entre les doigts pour faciliter sa p\u00e9n\u00e9tration sans insister excessivement sur le visage. Ensuite, placer les mains de chaque c\u00f4t\u00e9 du visage, masser doucement le front en faisant des mouvements l\u00e9gers de l'int\u00e9rieur vers l'ext\u00e9rieur du visage. Faire la m\u00eame chose sur le milieu du visage, toujours en partant du nez vers les joues.<\/div>\n<\/div>","protected":false},"excerpt":{"rendered":"<p>Tube 40 ml<\/p>\n<h4>PROPRI\u00c9T\u00c9S<\/h4>\n<p>Test\u00e9 sur peaux grasses \u00e0 tendance acn\u00e9ique, imperfections s\u00e9v\u00e8res, r\u00e9cidivantes et marques persistantes. Test\u00e9 sur plus de 6700 sujets, tous types de peaux mixtes ou grasses*. Test hypoallerg\u00e9nique. Non-com\u00e9dog\u00e8ne. Convient aux peaux sensibles. Test\u00e9 sous contr\u00f4le dermatologique. Pour adolescents et adultes.<br \/>Anti-imperfections, anti-marques et anti-r\u00e9cidive.<\/p>\n<p>Innovation actifs :<\/p>\n<ul>\n<li>PROCERAD\u00a0: c\u00e9ramide brevet\u00e9e anti-marques exclusif. Agit en amont pour \u00e9viter que le bouton ne laisse une marque rouge ou brune.<\/li>\n<li>MANNOSE\u00a0: favorise la r\u00e9g\u00e9n\u00e9ration de la peau<\/li>\n<li>APF\u00a0: aide \u00e0 restaurer l&rsquo;\u00e9quilibre cutan\u00e9<\/li>\n<li>NIACINAMIDE :\u00a0ingr\u00e9dient actif pour un effet apaisant intensif. R\u00e9duit les rougeurs.<\/li>\n<li>PIROCTONE\u00a0OLAMINE pour combattre la prolif\u00e9ration des bact\u00e9ries<\/li>\n<li>LHA et ACIDE SALICYLIQUE :\u00a0micro-exfolie sans irriter<\/li>\n<li>Zinc PCA\u00a0: anti-s\u00e9bum.<\/li>\n<\/ul>","protected":false},"featured_media":23174,"template":"","meta":{"arc_restricted_post":false},"product_cat":[48,388,331],"product_tag":[],"_links":{"self":[{"href":"https:\/\/www.sopha-sahara.com\/en\/wp-json\/wp\/v2\/product\/27709"}],"collection":[{"href":"https:\/\/www.sopha-sahara.com\/en\/wp-json\/wp\/v2\/product"}],"about":[{"href":"https:\/\/www.sopha-sahara.com\/en\/wp-json\/wp\/v2\/types\/product"}],"wp:featuredmedia":[{"embeddable":true,"href":"https:\/\/www.sopha-sahara.com\/en\/wp-json\/wp\/v2\/media\/23174"}],"wp:attachment":[{"href":"https:\/\/www.sopha-sahara.com\/en\/wp-json\/wp\/v2\/media?parent=27709"}],"wp:term":[{"taxonomy":"product_cat","embeddable":true,"href":"https:\/\/www.sopha-sahara.com\/en\/wp-json\/wp\/v2\/product_cat?post=27709"},{"taxonomy":"product_tag","embeddable":true,"href":"https:\/\/www.sopha-sahara.com\/en\/wp-json\/wp\/v2\/product_tag?post=27709"}],"curies":[{"name":"wp","href":"https:\/\/api.w.org\/{rel}","templated":true}]}}