{"id":27708,"date":"2021-01-12T11:01:55","date_gmt":"2021-01-12T10:01:55","guid":{"rendered":"https:\/\/www.interbusinesschamber.com\/produit\/effaclar-duo-spf-30\/"},"modified":"2021-01-13T11:05:44","modified_gmt":"2021-01-13T10:05:44","slug":"effaclar-duo-spf-30","status":"publish","type":"product","link":"https:\/\/www.sopha-sahara.com\/en\/product\/effaclar-duo-spf-30\/","title":{"rendered":"Effaclar DUO (+) SPF 30"},"content":{"rendered":"<h4>TEXTURE &amp; APPLICATION<\/h4>\n<div>Appliquer le matin sur l'ensemble du visage sur une peau pr\u00e9alablement nettoy\u00e9e avec EFFACLAR GEL Moussant. Excellente base de maquillage.<br \/>Pr\u00e9caution : Eviter le contour des yeux.\u00a0Ce produit n'est pas un produit solaire.\u00a0En cas d'exposition intense ou prolong\u00e9e, appliquer un produit de protection solaire et renouveler g\u00e9n\u00e9reusement et fr\u00e9quemment.<\/div>","protected":false},"excerpt":{"rendered":"<div id=\"action\" class=\"ctn_desc\">\n<p>Anti-imperfections, anti-marques, anti-UV<\/p>\n<\/div>\n<div class=\"ctn_format\">\n<p>Tube 40 ml<\/p>\n<h4>PROPRI\u00c9T\u00c9S<\/h4>\n<p>Peaux sensibles, peaux grasses \u00e0 tendance acn\u00e9ique, peaux \u00e0 imperfections s\u00e9v\u00e8res, marques<br \/>Expos\u00e9es aux UV quotidens, les imperfections s&rsquo;aggravent et pr\u00e9sentent un risque d&rsquo;hyperpigmentation (marques rouges ou brunes).<br \/>EFFACLAR Duo(+) SPF 30 prot\u00e8ge la peau des UV gr\u00e2ce \u00e0 une haute protection SPF30, pour une action renforc\u00e9e contre les marques<\/p>\n<ul>\n<li>Pr\u00e9vient l&rsquo;apparition des marques gr\u00e2ce au Proc\u00e9rad et au syt\u00e8me filtrant UVA\/UVB \u00a0[XL-PROTECT]<\/li>\n<li>R\u00e9duit les imperfections s\u00e9v\u00e8res gr\u00e2ce \u00e0 un complexe d&rsquo;actifs anti-imperfections<\/li>\n<\/ul>\n<p>Formule hypoallerg\u00e9nique<br \/>Sans paraben<\/p>\n<\/div>\n","protected":false},"featured_media":23173,"template":"","meta":{"arc_restricted_post":false},"product_cat":[48,388,331],"product_tag":[],"_links":{"self":[{"href":"https:\/\/www.sopha-sahara.com\/en\/wp-json\/wp\/v2\/product\/27708"}],"collection":[{"href":"https:\/\/www.sopha-sahara.com\/en\/wp-json\/wp\/v2\/product"}],"about":[{"href":"https:\/\/www.sopha-sahara.com\/en\/wp-json\/wp\/v2\/types\/product"}],"wp:featuredmedia":[{"embeddable":true,"href":"https:\/\/www.sopha-sahara.com\/en\/wp-json\/wp\/v2\/media\/23173"}],"wp:attachment":[{"href":"https:\/\/www.sopha-sahara.com\/en\/wp-json\/wp\/v2\/media?parent=27708"}],"wp:term":[{"taxonomy":"product_cat","embeddable":true,"href":"https:\/\/www.sopha-sahara.com\/en\/wp-json\/wp\/v2\/product_cat?post=27708"},{"taxonomy":"product_tag","embeddable":true,"href":"https:\/\/www.sopha-sahara.com\/en\/wp-json\/wp\/v2\/product_tag?post=27708"}],"curies":[{"name":"wp","href":"https:\/\/api.w.org\/{rel}","templated":true}]}}