{"id":27707,"date":"2021-01-12T11:01:55","date_gmt":"2021-01-12T10:01:55","guid":{"rendered":"https:\/\/www.interbusinesschamber.com\/produit\/eau-thermale-de-la-roche-posay\/"},"modified":"2021-01-13T10:57:59","modified_gmt":"2021-01-13T09:57:59","slug":"eau-thermale-de-la-roche-posay","status":"publish","type":"product","link":"https:\/\/www.sopha-sahara.com\/en\/product\/eau-thermale-de-la-roche-posay\/","title":{"rendered":"Eau Thermale de La Roche-Posay"},"content":{"rendered":"<div class=\"ctn_col var_efficacy\">\n<h4>EFFICACIT\u00c9<\/h4>\n<p>Des propri\u00e9t\u00e9s apaisantes et anti-irritantes cliniquement prouv\u00e9es. La caution du premier centre thermal europ\u00e9en exclusivement d\u00e9di\u00e9 \u00e0 la dermatologie.<\/p>\n<\/div>\n<div class=\"ctn_col var_texture\">\n<h4>TEXTURE &amp; APPLICATION<\/h4>\n<div>Vaporiser puis laisser p\u00e9n\u00e9trer 2-3 minutes.<br \/>Tamponner l'exc\u00e9dent avec douceur.<\/div>\n<\/div>","protected":false},"excerpt":{"rendered":"<div id=\"action\" class=\"ctn_desc\">\n<p>Apaise les peaux sensibles et irrit\u00e9es par des facteurs exog\u00e8nes (soleil, traitements dermatologiques, etc\u2026) et contribue \u00e0 pr\u00e9venir le vieillissement cutan\u00e9. Naturellement Anti-Oxydante.<\/p>\n<\/div>\n<div class=\"ctn_format\">\n<p>Pulv\u00e9risateur 50ml \/ 150ml \/ 300ml<\/p>\n<h4>PROPRI\u00c9T\u00c9S<\/h4>\n<p>Peaux sensibles et\/ou irrit\u00e9es par des facteurs exog\u00e8nes (soleil, traitements dermatologiques, etc\u2026).<br \/>L&rsquo;association unique de sels min\u00e9raux et oligo-\u00e9l\u00e9ments, dont le S\u00e9l\u00e9nium, conf\u00e8re \u00e0 l&rsquo;eau thermale de La Roche-Posay des propri\u00e9t\u00e9s anti-oxydante, apaisante et adoucissante scientifiquement d\u00e9montr\u00e9es. Charte stricte de formulation pour minimiser les risques d&rsquo;intol\u00e9rances. Convient aux adultes et aux b\u00e9b\u00e9s.<\/p>\n<\/div>","protected":false},"featured_media":27919,"template":"","meta":{"arc_restricted_post":false},"product_cat":[48,387,331],"product_tag":[],"_links":{"self":[{"href":"https:\/\/www.sopha-sahara.com\/en\/wp-json\/wp\/v2\/product\/27707"}],"collection":[{"href":"https:\/\/www.sopha-sahara.com\/en\/wp-json\/wp\/v2\/product"}],"about":[{"href":"https:\/\/www.sopha-sahara.com\/en\/wp-json\/wp\/v2\/types\/product"}],"wp:featuredmedia":[{"embeddable":true,"href":"https:\/\/www.sopha-sahara.com\/en\/wp-json\/wp\/v2\/media\/27919"}],"wp:attachment":[{"href":"https:\/\/www.sopha-sahara.com\/en\/wp-json\/wp\/v2\/media?parent=27707"}],"wp:term":[{"taxonomy":"product_cat","embeddable":true,"href":"https:\/\/www.sopha-sahara.com\/en\/wp-json\/wp\/v2\/product_cat?post=27707"},{"taxonomy":"product_tag","embeddable":true,"href":"https:\/\/www.sopha-sahara.com\/en\/wp-json\/wp\/v2\/product_tag?post=27707"}],"curies":[{"name":"wp","href":"https:\/\/api.w.org\/{rel}","templated":true}]}}