{"id":27706,"date":"2021-01-12T11:01:54","date_gmt":"2021-01-12T10:01:54","guid":{"rendered":"https:\/\/www.interbusinesschamber.com\/produit\/cicaplast-gel-b5\/"},"modified":"2021-01-13T10:50:59","modified_gmt":"2021-01-13T09:50:59","slug":"cicaplast-gel-b5","status":"publish","type":"product","link":"https:\/\/www.sopha-sahara.com\/en\/product\/cicaplast-gel-b5\/","title":{"rendered":"Cicaplast Gel B5"},"content":{"rendered":"<div class=\"ctn_col var_efficacy\">\n<h4>EFFICACIT\u00c9<\/h4>\n<ul>\n<li>Une r\u00e9paration optimis\u00e9e : la fonction barri\u00e8re de la peau est restaur\u00e9e plus rapidement.<\/li>\n<li>\u00a0Test\u00e9e sous contr\u00f4le dermatologique en post-points de suture, post-peeling, post-laser.<\/li>\n<\/ul>\n<\/div>\n<div class=\"ctn_col var_texture\">\n<h4>TEXTURE &amp; APPLICATION<\/h4>\n<div>\n<ul>\n<li>Appliquer tous les jours en massant.<\/li>\n<li>Sur une cicatrice r\u00e9cente (apr\u00e8s cicatrisation ou apr\u00e8s retrait de points de suture), suivre une routine de massage afin d\u2019en am\u00e9liorer l\u2019aspect.<\/li>\n<li>Peaux irrit\u00e9es, ger\u00e7ures : deux fois par jour.<\/li>\n<li>Suites d\u2019interventions dermatologiques : suivre les conseils de votre dermatologue.<\/li>\n<li>Texture agr\u00e9able : pansement invisible, gel pro-massant, non collante, s\u2019\u00e9tale facilement.<\/li>\n<li>Ne pas appliquer directement sur peau l\u00e9s\u00e9e. Eviter le contour des yeux.<\/li>\n<\/ul>\n<\/div>\n<\/div>","protected":false},"excerpt":{"rendered":"<div id=\"action\" class=\"ctn_desc\">\n<p>Apaise, prot\u00e8ge et r\u00e9pare les peaux fragilis\u00e9es post-points de suture, post peeling et post-laser. Acc\u00e9l\u00e9rateur de r\u00e9paration \u00e9pidermique.<\/p>\n<\/div>\n<div class=\"ctn_format\">\n<p>Tube 40ml\u00a0<\/p>\n<h4>PROPRI\u00c9T\u00c9S<\/h4>\n<p>Post-points de suture, post peeling, post-laser<\/p>\n<ul>\n<li>Peaux fragilis\u00e9es. Alt\u00e9rations \u00e9pidermiques : peaux irrit\u00e9es, ger\u00e7ures, suites d\u2019interventions dermatologiques.<\/li>\n<\/ul>\n<ul>\n<li>Ne pas appliquer sur les l\u00e8vres.<\/li>\n<li>Ne pas appliquer directement sur peau l\u00e9s\u00e9e.<\/li>\n<li>Eviter le contour des yeux.<\/li>\n<li>Convient aux enfants et aux adultes.<\/li>\n<\/ul>\n<ul>\n<li>Sans parfum.<\/li>\n<\/ul>\n<p>CICAPLAST GEL B5\u00a0acc\u00e9l\u00e8re la reconstruction de la barri\u00e8re de la peau gr\u00e2ce \u00e0 une formule qui combine :<\/p>\n<ul>\n<li>[5% Panth\u00e9nol] + [Eau Thermale La Roche-Posay] apaisement imm\u00e9diat<\/li>\n<li>[Mad\u00e9cassoside] + [Cuivre-Zinc-Mangan\u00e8se] + [Acide Hyaluronique] r\u00e9paration \u00e9pidermique de la barri\u00e8re cutan\u00e9e<\/li>\n<li>[Gel silicon\u00e9 enrichi en Glyc\u00e9rine] texture pro-massante<\/li>\n<\/ul>\n<\/div>\n","protected":false},"featured_media":27917,"template":"","meta":{"arc_restricted_post":false},"product_cat":[386,48,331],"product_tag":[],"_links":{"self":[{"href":"https:\/\/www.sopha-sahara.com\/en\/wp-json\/wp\/v2\/product\/27706"}],"collection":[{"href":"https:\/\/www.sopha-sahara.com\/en\/wp-json\/wp\/v2\/product"}],"about":[{"href":"https:\/\/www.sopha-sahara.com\/en\/wp-json\/wp\/v2\/types\/product"}],"wp:featuredmedia":[{"embeddable":true,"href":"https:\/\/www.sopha-sahara.com\/en\/wp-json\/wp\/v2\/media\/27917"}],"wp:attachment":[{"href":"https:\/\/www.sopha-sahara.com\/en\/wp-json\/wp\/v2\/media?parent=27706"}],"wp:term":[{"taxonomy":"product_cat","embeddable":true,"href":"https:\/\/www.sopha-sahara.com\/en\/wp-json\/wp\/v2\/product_cat?post=27706"},{"taxonomy":"product_tag","embeddable":true,"href":"https:\/\/www.sopha-sahara.com\/en\/wp-json\/wp\/v2\/product_tag?post=27706"}],"curies":[{"name":"wp","href":"https:\/\/api.w.org\/{rel}","templated":true}]}}