{"id":27705,"date":"2021-01-12T11:01:54","date_gmt":"2021-01-12T10:01:54","guid":{"rendered":"https:\/\/www.interbusinesschamber.com\/produit\/cicaplast-mains\/"},"modified":"2021-01-13T10:52:49","modified_gmt":"2021-01-13T09:52:49","slug":"cicaplast-mains","status":"publish","type":"product","link":"https:\/\/www.sopha-sahara.com\/en\/product\/cicaplast-mains\/","title":{"rendered":"CICAPLAST MAINS"},"content":{"rendered":"<div class=\"ctn_col var_efficacy\">\n<h4>EFFICACIT\u00c9<\/h4>\n<p>Test\u00e9e par les mains les plus exigeantes\u2026<br \/>Parce que leurs mains sont leurs outils de travail, qui mieux que des professionnels pouvaient juger de l'efficacit\u00e9 de CICAPLAST MAINS?<br \/>Apr\u00e8s la 1\u00e8re application:<\/p>\n<ul>\n<li>96% ont ressenti une douceur imm\u00e9diate<\/li>\n<li>90% ont trouv\u00e9 leur peau moins s\u00e8che<\/li>\n<\/ul>\n<p>Apr\u00e8s 4 semaines d'utilisation:<\/p>\n<ul>\n<li>92% ont vu dispara\u00eetre les signes visibles d'irritation<\/li>\n<li>85% ont senti leur peau se r\u00e9g\u00e9n\u00e9rer<\/li>\n<\/ul>\n<p>Protocole : Etude cosm\u00e9toclinique sur 53 volontaires, de 23 professions diff\u00e9rentes. Dur\u00e9e du protocole 4 semaines.<\/p>\n<p>&nbsp;<\/p>\n<\/div>\n<div class=\"ctn_col var_texture\">\n<h4>TEXTURE &amp; APPLICATION<\/h4>\n<div>Appliquer aussi souvent que n\u00e9cessaire. Permet de reprendre imm\u00e9diatement son activit\u00e9.<\/div>\n<\/div>","protected":false},"excerpt":{"rendered":"<div id=\"action\" class=\"ctn_desc\">\n<p>Cette cr\u00e8me barri\u00e8re r\u00e9paratrice apaise, prot\u00e8ge et restaure la barri\u00e8re cutan\u00e9e des mains sur-sollicit\u00e9es, ab\u00eem\u00e9es par les agressions domestiques et professionnelles, gr\u00e2ce \u00e0 sa formule associant le Niacinamide \u00e0 4% et la Glyc\u00e9rine, concentr\u00e9e \u00e0 30%, dans une texture haute-cosm\u00e9ticit\u00e9 permettant de reprendre son activit\u00e9 imm\u00e9diatement apr\u00e8s application.<\/p>\n<\/div>\n<div class=\"ctn_format\">\n<p>Tube 50ml.<\/p>\n<h5>PROPRI\u00c9T\u00c9S<\/h5>\n<p>Mains ab\u00eem\u00e9es, sur-sollicit\u00e9es.<br \/>Usage domestique et professionnel.<br \/>Tol\u00e9rance test\u00e9e sur peaux sensibles \u00e0 tendance atopique.<br \/>Sans paraben. Sans parfum.<br \/>Appliquer aussi souvent que n\u00e9cessaire. Permet de reprendre imm\u00e9diatement son activit\u00e9.<br \/>Une texture-barri\u00e8re nouvelle g\u00e9n\u00e9ration:<\/p>\n<ul>\n<li>Apaisement et r\u00e9paration de la barri\u00e8re cutan\u00e9e.[Niacinamide 4%]<\/li>\n<li>Protection barri\u00e8re anti-frottement r\u00e9sistante au lavage et aux frictions m\u00e9caniques. [Glyc\u00e9rine 30%]<\/li>\n<li>Texture absorption rapide, fini invisible, non gras, non collant.<\/li>\n<\/ul>\n<\/div>\n","protected":false},"featured_media":23142,"template":"","meta":{"arc_restricted_post":false},"product_cat":[386,48,331],"product_tag":[],"_links":{"self":[{"href":"https:\/\/www.sopha-sahara.com\/en\/wp-json\/wp\/v2\/product\/27705"}],"collection":[{"href":"https:\/\/www.sopha-sahara.com\/en\/wp-json\/wp\/v2\/product"}],"about":[{"href":"https:\/\/www.sopha-sahara.com\/en\/wp-json\/wp\/v2\/types\/product"}],"wp:featuredmedia":[{"embeddable":true,"href":"https:\/\/www.sopha-sahara.com\/en\/wp-json\/wp\/v2\/media\/23142"}],"wp:attachment":[{"href":"https:\/\/www.sopha-sahara.com\/en\/wp-json\/wp\/v2\/media?parent=27705"}],"wp:term":[{"taxonomy":"product_cat","embeddable":true,"href":"https:\/\/www.sopha-sahara.com\/en\/wp-json\/wp\/v2\/product_cat?post=27705"},{"taxonomy":"product_tag","embeddable":true,"href":"https:\/\/www.sopha-sahara.com\/en\/wp-json\/wp\/v2\/product_tag?post=27705"}],"curies":[{"name":"wp","href":"https:\/\/api.w.org\/{rel}","templated":true}]}}