{"id":27704,"date":"2021-01-12T11:01:54","date_gmt":"2021-01-12T10:01:54","guid":{"rendered":"https:\/\/www.interbusinesschamber.com\/produit\/cicaplast-levres\/"},"modified":"2021-01-13T10:53:10","modified_gmt":"2021-01-13T09:53:10","slug":"cicaplast-levres","status":"publish","type":"product","link":"https:\/\/www.sopha-sahara.com\/en\/product\/cicaplast-levres\/","title":{"rendered":"CICAPLAST LEVRES"},"content":{"rendered":"<div class=\"ctn_col var_efficacy\">\n<h4>EFFICACIT\u00c9<\/h4>\n<p>Test\u00e9e par les l\u00e8vres les plus fragiles...<br \/>Test\u00e9 sur les l\u00e8vres de sujets sous isotr\u00e9tino\u00efne, un traitement contre l'acn\u00e9 particuli\u00e8rement ass\u00e9chant, CICAPLAST L\u00e8vres a montr\u00e9 sa bonne tol\u00e9rance et son efficacit\u00e9 pour:<\/p>\n<ul>\n<li>Limiter la d\u00e9shydratation \u00e0 court terme<\/li>\n<li>Favoriser la reconstruction de la barri\u00e8re cutan\u00e9e<\/li>\n<li>Favoriser l'apaisement de fa\u00e7on imm\u00e9diate<\/li>\n<li>Am\u00e9liorer durablement le confort cutan\u00e9<\/li>\n<\/ul>\n<p>Protocole : Test d'usage sous contr\u00f4le dermatologique, sur 32 sujets sous traitement isotretinoine. Dur\u00e9e 4 semaines.<\/div>\n<div class=\"ctn_col var_texture\">\n<h4>TEXTURE &amp; APPLICATION<\/h4>\n<div>Appliquer aussi souvent que n\u00e9cessaire.<\/div>\n<\/div>","protected":false},"excerpt":{"rendered":"<div id=\"action\" class=\"ctn_desc\">\n<p>Ce baume barri\u00e8re r\u00e9parateur soulage, prot\u00e8ge et reconstruit l&rsquo;\u00e9piderme des l\u00e8vres et zones gerc\u00e9es, irrit\u00e9es, fendill\u00e9es, gr\u00e2ce \u00e0 sa formule concentr\u00e9e \u00e0 5% de Panth\u00e9nol apaisant et r\u00e9parateur, et enrichie en MP-Lipides, actifs relipidant de r\u00e9f\u00e9rence, dans une formule filmog\u00e8ne in\u00e9dite ultra-confortable et protectrice.<\/p>\n<\/div>\n<div class=\"ctn_format\">\n<p>Tube 7,5ml.<\/p>\n<h4>PROPRI\u00c9T\u00c9S<\/h4>\n<p>L\u00e8vres et zones gerc\u00e9es, irrit\u00e9es, fendill\u00e9es.<br \/>Enfants et adultes.\u00a0<br \/>Appliquer aussi souvent que n\u00e9cessaire.<br \/>Texture-barri\u00e8re nouvelle g\u00e9n\u00e9ration:<br \/>Sa texture barri\u00e8re isole contre les agressions, r\u00e9pare et apaise imm\u00e9diatement.<br \/>INNOVATION MP-lipides, pour aider \u00e0 reconstruire la barri\u00e8re cutan\u00e9e dans son ensemble, associ\u00e9s au [Panth\u00e9nol 5%] pour un apaisement imm\u00e9diat.<\/p>\n<\/div>\n","protected":false},"featured_media":23141,"template":"","meta":{"arc_restricted_post":false},"product_cat":[386,48,331],"product_tag":[],"_links":{"self":[{"href":"https:\/\/www.sopha-sahara.com\/en\/wp-json\/wp\/v2\/product\/27704"}],"collection":[{"href":"https:\/\/www.sopha-sahara.com\/en\/wp-json\/wp\/v2\/product"}],"about":[{"href":"https:\/\/www.sopha-sahara.com\/en\/wp-json\/wp\/v2\/types\/product"}],"wp:featuredmedia":[{"embeddable":true,"href":"https:\/\/www.sopha-sahara.com\/en\/wp-json\/wp\/v2\/media\/23141"}],"wp:attachment":[{"href":"https:\/\/www.sopha-sahara.com\/en\/wp-json\/wp\/v2\/media?parent=27704"}],"wp:term":[{"taxonomy":"product_cat","embeddable":true,"href":"https:\/\/www.sopha-sahara.com\/en\/wp-json\/wp\/v2\/product_cat?post=27704"},{"taxonomy":"product_tag","embeddable":true,"href":"https:\/\/www.sopha-sahara.com\/en\/wp-json\/wp\/v2\/product_tag?post=27704"}],"curies":[{"name":"wp","href":"https:\/\/api.w.org\/{rel}","templated":true}]}}