{"id":27703,"date":"2021-01-12T11:01:54","date_gmt":"2021-01-12T10:01:54","guid":{"rendered":"https:\/\/www.interbusinesschamber.com\/produit\/cicaplast-baume-b5-spf50\/"},"modified":"2021-01-13T10:54:09","modified_gmt":"2021-01-13T09:54:09","slug":"cicaplast-baume-b5-spf50","status":"publish","type":"product","link":"https:\/\/www.sopha-sahara.com\/en\/product\/cicaplast-baume-b5-spf50\/","title":{"rendered":"CICAPLAST BAUME B5 SPF50"},"content":{"rendered":"<h3>TEXTURE &amp; APPLICATION<\/h3>\n<div>Peaux fragilis\u00e9es. Convient aux peaux tatou\u00e9es.<br \/>Ne pas appliquer sur peau l\u00e9s\u00e9e. Eviter les l\u00e8vres et le contour des yeux.<\/div>","protected":false},"excerpt":{"rendered":"<div id=\"action\" class=\"ctn_desc\">\n<p>R\u00e9parateur. Apaisant. Protecteur anti-marques.<\/p>\n<\/div>\n<div class=\"ctn_format\">\n<p>Tube 40ml<\/p>\n<section class=\"obj_detail product clearfix\">\n<div id=\"carousselpack\" class=\"ctn_description clearfix\">\n<div class=\"ctn_col var_center\">\n<div class=\"ctn_properties\">\n<h4>PROPRI\u00c9T\u00c9S<\/h4>\n<p>Peaux fragilis\u00e9es.<br \/>R\u00e9paration \u00e9pidermique de qualit\u00e9 [Mad\u00e9cassoside]. Apaisement, confort, anti-d\u00e9mangeaisons [Panth\u00e9nol \u00e0 5%]. Pr\u00e9vention des marques cicatricielles rouges ou brunes \u00a0[Haute protection UVA\/UVB spf 50] + [ProceradTM, c\u00e9ramide brevet\u00e9].<\/p>\n<\/div>\n<\/div>\n<\/div>\n<\/section>\n<\/div>\n","protected":false},"featured_media":23139,"template":"","meta":{"arc_restricted_post":false},"product_cat":[386,48,331],"product_tag":[],"_links":{"self":[{"href":"https:\/\/www.sopha-sahara.com\/en\/wp-json\/wp\/v2\/product\/27703"}],"collection":[{"href":"https:\/\/www.sopha-sahara.com\/en\/wp-json\/wp\/v2\/product"}],"about":[{"href":"https:\/\/www.sopha-sahara.com\/en\/wp-json\/wp\/v2\/types\/product"}],"wp:featuredmedia":[{"embeddable":true,"href":"https:\/\/www.sopha-sahara.com\/en\/wp-json\/wp\/v2\/media\/23139"}],"wp:attachment":[{"href":"https:\/\/www.sopha-sahara.com\/en\/wp-json\/wp\/v2\/media?parent=27703"}],"wp:term":[{"taxonomy":"product_cat","embeddable":true,"href":"https:\/\/www.sopha-sahara.com\/en\/wp-json\/wp\/v2\/product_cat?post=27703"},{"taxonomy":"product_tag","embeddable":true,"href":"https:\/\/www.sopha-sahara.com\/en\/wp-json\/wp\/v2\/product_tag?post=27703"}],"curies":[{"name":"wp","href":"https:\/\/api.w.org\/{rel}","templated":true}]}}