{"id":27702,"date":"2021-01-12T11:01:54","date_gmt":"2021-01-12T10:01:54","guid":{"rendered":"https:\/\/www.interbusinesschamber.com\/produit\/cicaplast-baume-b5\/"},"modified":"2021-01-13T10:54:54","modified_gmt":"2021-01-13T09:54:54","slug":"cicaplast-baume-b5","status":"publish","type":"product","link":"https:\/\/www.sopha-sahara.com\/en\/product\/cicaplast-baume-b5\/","title":{"rendered":"CICAPLAST BAUME B5"},"content":{"rendered":"<div class=\"ctn_col var_efficacy\">\n<h4>EFFICACIT\u00c9<\/h4>\n<p>Pour 100% des patients:<br \/>&gt; est agr\u00e9able \u00e0 utiliser.<br \/>&gt; ne laisse pas la peau collante.<br \/>Pour 96% des patients:<br \/>&gt; ne laisse pas de film gras.<br \/>&gt; p\u00e9n\u00e8tre rapidement.<\/p>\n<p>Protocole : 52 b\u00e9b\u00e9s, 4-34 mois, peau s\u00e8che et sensible pr\u00e9sentant de l\u00e9g\u00e8res irritations cutan\u00e9es.<br \/>Application sur le visage (y compris l\u00e8vres) ou corps au moins 2 fois\/jour, 4 semaines.<\/p>\n<\/div>\n<div class=\"ctn_col var_texture\">\n<h4>TEXTURE &amp; APPLICATION<\/h4>\n<div>Appliquer 2 fois par jour sur une peau pr\u00e9alablement nettoy\u00e9e et s\u00e9ch\u00e9e. Peut s\u2019appliquer en couche \u00e9paisse. Peut s\u2019appliquer sur le corps, le visage et les l\u00e8vres. Eviter le contour des yeux.<\/div>\n<\/div>","protected":false},"excerpt":{"rendered":"<div id=\"action\" class=\"ctn_desc\">\n<p>Ce baume apaisant multi-r\u00e9parateur favorise la r\u00e9cup\u00e9ration des peaux sensibles suite \u00e0 des dermatites irritatives et des atteintes \u00e9pidermiques gr\u00e2ce \u00e0 sa formule associant le Panth\u00e9nol 5% et le Mad\u00e9cassoside et \u00e0 la texture baume \u00e0 la haute cosm\u00e9ticit\u00e9.Convient \u00e0 toute la famille : nourrissons, enfants et adultes.<\/p>\n<\/div>\n<div class=\"ctn_format\">\n<p>Tube 40ml.<\/p>\n<h4>PROPRI\u00c9T\u00c9S<\/h4>\n<p>Irritations cutan\u00e9es de l\u2019adulte, de l\u2019enfant et du nourrisson (ger\u00e7ures, dartres\u2026).<br \/>Echauffements cutan\u00e9s superficiels de l&rsquo;adulte.<br \/>Peut s\u2019appliquer sur le corps, le visage et les l\u00e8vres.<br \/>Tol\u00e9rance optimale test\u00e9e sur peaux sensibles.<br \/>Sans paraben. Sans parfum. Sans lanoline. Ne laisse pas de trace blanche.<\/p>\n<p>Une formule triple action compl\u00e8te:<br \/>\u2022 R\u00e9paration \u00e9pidermique de qualit\u00e9<br \/>[Mad\u00e9cassoside] + [Cuivre \u2013 Zinc \u2013 Mangan\u00e8se]<br \/>\u2022 Soulagement des zones s\u00e8ches et irrit\u00e9es<br \/>[Panth\u00e9nol \u00e0 5%]<br \/>\u2022 Protection de la peau<br \/>[Texture riche et nourrissante] + [Agents antibact\u00e9riens]<\/p>\n<\/div>\n","protected":false},"featured_media":23164,"template":"","meta":{"arc_restricted_post":false},"product_cat":[386,48,331],"product_tag":[],"_links":{"self":[{"href":"https:\/\/www.sopha-sahara.com\/en\/wp-json\/wp\/v2\/product\/27702"}],"collection":[{"href":"https:\/\/www.sopha-sahara.com\/en\/wp-json\/wp\/v2\/product"}],"about":[{"href":"https:\/\/www.sopha-sahara.com\/en\/wp-json\/wp\/v2\/types\/product"}],"wp:featuredmedia":[{"embeddable":true,"href":"https:\/\/www.sopha-sahara.com\/en\/wp-json\/wp\/v2\/media\/23164"}],"wp:attachment":[{"href":"https:\/\/www.sopha-sahara.com\/en\/wp-json\/wp\/v2\/media?parent=27702"}],"wp:term":[{"taxonomy":"product_cat","embeddable":true,"href":"https:\/\/www.sopha-sahara.com\/en\/wp-json\/wp\/v2\/product_cat?post=27702"},{"taxonomy":"product_tag","embeddable":true,"href":"https:\/\/www.sopha-sahara.com\/en\/wp-json\/wp\/v2\/product_tag?post=27702"}],"curies":[{"name":"wp","href":"https:\/\/api.w.org\/{rel}","templated":true}]}}