{"id":27701,"date":"2021-01-12T11:01:54","date_gmt":"2021-01-12T10:01:54","guid":{"rendered":"https:\/\/www.interbusinesschamber.com\/produit\/cicaplast-lavant-b5\/"},"modified":"2021-01-13T10:55:53","modified_gmt":"2021-01-13T09:55:53","slug":"cicaplast-lavant-b5","status":"publish","type":"product","link":"https:\/\/www.sopha-sahara.com\/en\/product\/cicaplast-lavant-b5\/","title":{"rendered":"CICAPLAST LAVANT B5"},"content":{"rendered":"<div class=\"ctn_col var_efficacy\">\n<h4>EFFICACIT\u00c9<\/h4>\n<p>Tol\u00e9rance optimale d\u00e9montr\u00e9e par des tests sur peaux sensibles sous contr\u00f4le dermatologique, p\u00e9diatrique, gyn\u00e9cologique et ophtalmologique.<\/p>\n<p>D\u00e8s la 1\u00e8re application:<\/p>\n<ul>\n<li>94<strong>%<\/strong><\/li>\n<li>d'entre eux ont trouv\u00e9 sa texture tr\u00e8s douce.<\/li>\n<\/ul>\n<ul>\n<li>96<strong>%<\/strong><\/li>\n<li>ont \u00e9prouv\u00e9 une sensation d'apaisement cutan\u00e9.<\/li>\n<li>92<strong>%<\/strong><\/li>\n<li>des parents ont observ\u00e9 une sensation d'apaisement sur la peau de leur enfant.<\/li>\n<\/ul>\n<\/div>\n<div class=\"ctn_col var_texture\">\n<h4>TEXTURE &amp; APPLICATION<\/h4>\n<div>1 \u00e0 2 fois par jour, faire mousser CICAPLAST LAVANT B5 au creux de la main avec de l'eau et appliquer en douceur sur la zone fragilis\u00e9e ou irrit\u00e9e pour la nettoyer. Rincer abondamment et s\u00e9cher sans frotter.<\/div>\n<\/div>","protected":false},"excerpt":{"rendered":"<div id=\"action\" class=\"ctn_desc\">\n<p>Formule moussante ultra-douce qui apaise et nettoie sans dess\u00e9cher les zones cutan\u00e9es irrit\u00e9es ou fragilis\u00e9es par un \u00e9tat de s\u00e9cheresse chez l&rsquo;adulte, l&rsquo;enfant, et le nourrisson.<\/p>\n<\/div>\n<div class=\"ctn_format\">\n<p>Flacon 200ml<\/p>\n<h4>PROPRI\u00c9T\u00c9S<\/h4>\n<p>Zones cutan\u00e9es irrit\u00e9es ou fragilis\u00e9es par un \u00e9tat de s\u00e9cheresse.<br \/>Pour contribuer \u00e0 une r\u00e9paration cutan\u00e9e de qualit\u00e9, CICAPLAST LAVANT B5 contient:<br \/>\u2022 Des agents antibact\u00e9riens\u00a0<strong>[Cuivre &#8211; Zinc &#8211; Mangan\u00e8se]<\/strong>\u00a0qui assainissent la peau sans alt\u00e9rer son \u00e9quilibre naturel.<br \/>\u2022 Du\u00a0<strong>[Panth\u00e9nol]<\/strong>\u00a0concentr\u00e9 \u00e0 5%, actif connu pour ses propri\u00e9t\u00e9s r\u00e9paratrices et apaisantes.<\/p>\n<p>PH physiologique. Ne pique pas les yeux. Sans paraben. Sans parfum.<\/p>\n<\/div>\n","protected":false},"featured_media":27918,"template":"","meta":{"arc_restricted_post":false},"product_cat":[386,48,331],"product_tag":[],"_links":{"self":[{"href":"https:\/\/www.sopha-sahara.com\/en\/wp-json\/wp\/v2\/product\/27701"}],"collection":[{"href":"https:\/\/www.sopha-sahara.com\/en\/wp-json\/wp\/v2\/product"}],"about":[{"href":"https:\/\/www.sopha-sahara.com\/en\/wp-json\/wp\/v2\/types\/product"}],"wp:featuredmedia":[{"embeddable":true,"href":"https:\/\/www.sopha-sahara.com\/en\/wp-json\/wp\/v2\/media\/27918"}],"wp:attachment":[{"href":"https:\/\/www.sopha-sahara.com\/en\/wp-json\/wp\/v2\/media?parent=27701"}],"wp:term":[{"taxonomy":"product_cat","embeddable":true,"href":"https:\/\/www.sopha-sahara.com\/en\/wp-json\/wp\/v2\/product_cat?post=27701"},{"taxonomy":"product_tag","embeddable":true,"href":"https:\/\/www.sopha-sahara.com\/en\/wp-json\/wp\/v2\/product_tag?post=27701"}],"curies":[{"name":"wp","href":"https:\/\/api.w.org\/{rel}","templated":true}]}}