{"id":27700,"date":"2021-01-12T11:01:53","date_gmt":"2021-01-12T10:01:53","guid":{"rendered":"https:\/\/www.interbusinesschamber.com\/produit\/anthelios-dermo-pediatrics-spf50-spray-multi-positions\/"},"modified":"2021-01-13T10:40:12","modified_gmt":"2021-01-13T09:40:12","slug":"anthelios-dermo-pediatrics-spf50-spray-multi-positions","status":"publish","type":"product","link":"https:\/\/www.sopha-sahara.com\/en\/product\/anthelios-dermo-pediatrics-spf50-spray-multi-positions\/","title":{"rendered":"Anthelios Dermo-Pediatrics SPF50+ Spray Multi-positions"},"content":{"rendered":"<div class=\"ctn_col var_efficacy\">\n<h4>EFFICACIT\u00c9<\/h4>\n<p>Protection large et photostable contre les UVB\/UVA.<br \/>Protection UVA ULTRA.<\/p>\n<\/div>\n<div class=\"ctn_col var_texture\">\n<h4>TEXTURE &amp; APPLICATION<\/h4>\n<div>Appliquer le produit juste avant l\u2019exposition. Renouveler g\u00e9n\u00e9reusement et fr\u00e9quemment, surtout apr\u00e8s une baignade ou s\u2019\u00eatre essuy\u00e9. Ne pas exposer les enfants de moins de 3 ans. Usage Externe.<\/p>\n<p>* Par rapport \u00e0 l'ancienne formule.<\/p><\/div>\n<\/div>","protected":false},"excerpt":{"rendered":"<div id=\"action\" class=\"ctn_desc\">\n<p>Sans parfum. 0% paraben. All\u00e9g\u00e9 en filtres chimiques*. Tr\u00e8s r\u00e9sistant \u00e0 l\u2019eau.<\/p>\n<\/div>\n<div class=\"ctn_format\">\n<p>Spray a\u00e9rosol 125ml<\/p>\n<h4>PROPRI\u00c9T\u00c9S<\/h4>\n<p>Peau sensible de l\u2019enfant. Intol\u00e9rances solaires.<br \/>Ensoleillement extr\u00eame.<\/p>\n<p>Tr\u00e8s haute protection UVA\/UVB, large et photostable.<br \/>Protection optimale SPF 50+ renforc\u00e9e contre les UVA (niveau plus strict que la recommandation europ\u00e9enne) gr\u00e2ce \u00e0 un nouveau syst\u00e8me filtrant \u00a0brevet\u00e9 Mexoplex\u00ae associ\u00e9 \u00e0 l\u2019eau thermale de La Roche-Posay, apaisante et antioxydante.<br \/>Dans une nouvelle formule encore plus minimaliste test\u00e9e sous contr\u00f4le dermatologique : sans parfum, sans paraben, all\u00e9g\u00e9e en filtres chimiques*, nickel tested (garantie d&rsquo;un taux de nickel inf\u00e9rieur au seuil d\u00e9clencheur de r\u00e9actions allergiques chez les sujets sensibilis\u00e9s).<br \/>&#8211; Diffusion fine et continue.<br \/>&#8211; Tr\u00e8s haute r\u00e9sistance \u00e0 l&rsquo;eau.<\/p>\n<\/div>","protected":false},"featured_media":27916,"template":"","meta":{"arc_restricted_post":false},"product_cat":[385,48,331],"product_tag":[],"_links":{"self":[{"href":"https:\/\/www.sopha-sahara.com\/en\/wp-json\/wp\/v2\/product\/27700"}],"collection":[{"href":"https:\/\/www.sopha-sahara.com\/en\/wp-json\/wp\/v2\/product"}],"about":[{"href":"https:\/\/www.sopha-sahara.com\/en\/wp-json\/wp\/v2\/types\/product"}],"wp:featuredmedia":[{"embeddable":true,"href":"https:\/\/www.sopha-sahara.com\/en\/wp-json\/wp\/v2\/media\/27916"}],"wp:attachment":[{"href":"https:\/\/www.sopha-sahara.com\/en\/wp-json\/wp\/v2\/media?parent=27700"}],"wp:term":[{"taxonomy":"product_cat","embeddable":true,"href":"https:\/\/www.sopha-sahara.com\/en\/wp-json\/wp\/v2\/product_cat?post=27700"},{"taxonomy":"product_tag","embeddable":true,"href":"https:\/\/www.sopha-sahara.com\/en\/wp-json\/wp\/v2\/product_tag?post=27700"}],"curies":[{"name":"wp","href":"https:\/\/api.w.org\/{rel}","templated":true}]}}