{"id":27699,"date":"2021-01-12T11:01:53","date_gmt":"2021-01-12T10:01:53","guid":{"rendered":"https:\/\/www.interbusinesschamber.com\/produit\/posthelios\/"},"modified":"2021-01-13T10:29:53","modified_gmt":"2021-01-13T09:29:53","slug":"posthelios","status":"publish","type":"product","link":"https:\/\/www.sopha-sahara.com\/en\/product\/posthelios\/","title":{"rendered":"Posthelios"},"content":{"rendered":"<h4>TEXTURE &amp; APPLICATION<\/h4>\n<div>Appliquer apr\u00e8s le bain ou la douche et masser l\u00e9g\u00e8rement. Usage externe<\/div>","protected":false},"excerpt":{"rendered":"<div id=\"action\" class=\"ctn_desc\">\n<p>10% d&rsquo;agents relipidants &amp; apaisants. Sans paraben<\/p>\n<\/div>\n<div class=\"ctn_format\">\n<p>Tube 200 ml &amp; flacon 400 ml<\/p>\n<h4>PROPRI\u00c9T\u00c9S<\/h4>\n<p>Peau \u00e9chauff\u00e9e et dess\u00e9ch\u00e9e.<br \/>Soin apr\u00e8s soleil r\u00e9parateur<br \/>&#8211; Nickel tested : garantie d&rsquo;un taux de nickel inf\u00e9rieur au seuil d\u00e9clencheur de r\u00e9actions allergiques chez les sujets sensibilis\u00e9s.<br \/>&#8211; Facile \u00e0 appliquer<br \/>&#8211; Enrichi en agents relipidants pour favoriser la r\u00e9paration<\/p>\n<\/div>","protected":false},"featured_media":27915,"template":"","meta":{"arc_restricted_post":false},"product_cat":[385,48,331],"product_tag":[],"_links":{"self":[{"href":"https:\/\/www.sopha-sahara.com\/en\/wp-json\/wp\/v2\/product\/27699"}],"collection":[{"href":"https:\/\/www.sopha-sahara.com\/en\/wp-json\/wp\/v2\/product"}],"about":[{"href":"https:\/\/www.sopha-sahara.com\/en\/wp-json\/wp\/v2\/types\/product"}],"wp:featuredmedia":[{"embeddable":true,"href":"https:\/\/www.sopha-sahara.com\/en\/wp-json\/wp\/v2\/media\/27915"}],"wp:attachment":[{"href":"https:\/\/www.sopha-sahara.com\/en\/wp-json\/wp\/v2\/media?parent=27699"}],"wp:term":[{"taxonomy":"product_cat","embeddable":true,"href":"https:\/\/www.sopha-sahara.com\/en\/wp-json\/wp\/v2\/product_cat?post=27699"},{"taxonomy":"product_tag","embeddable":true,"href":"https:\/\/www.sopha-sahara.com\/en\/wp-json\/wp\/v2\/product_tag?post=27699"}],"curies":[{"name":"wp","href":"https:\/\/api.w.org\/{rel}","templated":true}]}}