{"id":27698,"date":"2021-01-12T11:01:53","date_gmt":"2021-01-12T10:01:53","guid":{"rendered":"https:\/\/www.interbusinesschamber.com\/produit\/anthelios-brume-fraiche-invisible-spf-50\/"},"modified":"2021-01-13T10:31:56","modified_gmt":"2021-01-13T09:31:56","slug":"anthelios-brume-fraiche-invisible-spf-50","status":"publish","type":"product","link":"https:\/\/www.sopha-sahara.com\/en\/product\/anthelios-brume-fraiche-invisible-spf-50\/","title":{"rendered":"ANTHELIOS BRUME  FRAICHE INVISIBLE SPF 50"},"content":{"rendered":"<h4>TEXTURE &amp; APPLICATION<\/h4>\n<div>Appliquer le produit juste avant l'exposition. Renouveler g\u00e9n\u00e9reusement et fr\u00e9quemment, surtout apr\u00e8s une baignade ou s'\u00eatre essuy\u00e9. Application 5 secondes sans application main : fermer les yeux et pincer les l\u00e8vres durant l'application. Vaporisez g\u00e9n\u00e9reusement et uniform\u00e9ment \u00e0 15 cm du visage. Ne pas inhaler. L'abus de soleil est dangereux. Un produit solaire ne prot\u00e8ge jamais totalement.<\/div>","protected":false},"excerpt":{"rendered":"<h4>PROPRI\u00c9T\u00c9S<\/h4>\n<p>Peau sensible ou sujette aux intol\u00e9rences solaires, commun\u00e9ment appel\u00e9es allergies solaires.<br \/>Peau mixte \u00e0 grasse \u00e0 tendance acn\u00e9ique.\u00a0<\/p>\n<ul>\n<li>Haute protection UVA\/UVB [Syst\u00e8me filtrant brevet\u00e9 Mexoplex\u00ae]<\/li>\n<li>Efficacit\u00e9 anti-brillance [Technologie Airlicium\u2122]<\/li>\n<li>Application sans les mains<\/li>\n<li>Appplication 5 secondes<\/li>\n<li>Format pocket<\/li>\n<\/ul>\n","protected":false},"featured_media":27907,"template":"","meta":{"arc_restricted_post":false},"product_cat":[385,48,331],"product_tag":[],"_links":{"self":[{"href":"https:\/\/www.sopha-sahara.com\/en\/wp-json\/wp\/v2\/product\/27698"}],"collection":[{"href":"https:\/\/www.sopha-sahara.com\/en\/wp-json\/wp\/v2\/product"}],"about":[{"href":"https:\/\/www.sopha-sahara.com\/en\/wp-json\/wp\/v2\/types\/product"}],"wp:featuredmedia":[{"embeddable":true,"href":"https:\/\/www.sopha-sahara.com\/en\/wp-json\/wp\/v2\/media\/27907"}],"wp:attachment":[{"href":"https:\/\/www.sopha-sahara.com\/en\/wp-json\/wp\/v2\/media?parent=27698"}],"wp:term":[{"taxonomy":"product_cat","embeddable":true,"href":"https:\/\/www.sopha-sahara.com\/en\/wp-json\/wp\/v2\/product_cat?post=27698"},{"taxonomy":"product_tag","embeddable":true,"href":"https:\/\/www.sopha-sahara.com\/en\/wp-json\/wp\/v2\/product_tag?post=27698"}],"curies":[{"name":"wp","href":"https:\/\/api.w.org\/{rel}","templated":true}]}}