{"id":27697,"date":"2021-01-12T11:01:53","date_gmt":"2021-01-12T10:01:53","guid":{"rendered":"https:\/\/www.interbusinesschamber.com\/produit\/anthelios-ultra-creme-teintee-spf50\/"},"modified":"2021-01-13T10:32:23","modified_gmt":"2021-01-13T09:32:23","slug":"anthelios-ultra-creme-teintee-spf50","status":"publish","type":"product","link":"https:\/\/www.sopha-sahara.com\/en\/product\/anthelios-ultra-creme-teintee-spf50\/","title":{"rendered":"ANTHELIOS ULTRA CR\u00c8ME TEINT\u00c9E SPF50+"},"content":{"rendered":"<div class=\"ctn_col var_efficacy\">\n<h4>EFFICACIT\u00c9<\/h4>\n<p>&nbsp;<\/p>\n<ul>\n<li>Efficacit\u00e9 cliniquement prouv\u00e9e sur peau sujette aux intol\u00e9rances solaires: l'efficacit\u00e9 ANTHELIOS XL a \u00e9t\u00e9 d\u00e9montr\u00e9e par 29 \u00e9tudes cliniques men\u00e9es in vivo par des dermatologues experts en photo-dermatologie reconnus mondialement.<\/li>\n<\/ul>\n<ul>\n<li>Les produits de protection solaire ANTHELIOS sont enrichis \u00e0 l'eau thermale La Roche-Posay. Cette eau unique, particuli\u00e8rement efficace contre les dommages cutan\u00e9s qui peuvent \u00eatre induits par des rayons UVA-UVB, poss\u00e8de des propri\u00e9t\u00e9s apaisantes et anti-oxydantes.<\/li>\n<\/ul>\n<ul>\n<li>Hydratation 24h<\/li>\n<\/ul>\n<p>&nbsp;<\/p>\n<\/div>\n<div class=\"ctn_col var_texture\">\n<h4>TEXTURE &amp; APPLICATION<\/h4>\n<div>\n<ul>\n<li>Sans traces blanches<\/li>\n<li>Non-gras<\/li>\n<li>Non-collant<\/li>\n<\/ul>\n<p>Riche mais non-gras, la texture prot\u00e8ge, hydrate et unifie la peau en une seule \u00e9tape. Ses micro-pigments universels se fondent sur la peau, elle est adapt\u00e9e \u00e0 toutes les carnations de peau pour un teint naturellement frais et lumineux.<\/p>\n<p>Appliquer le produit juste avant de vous exposer au soleil.<br \/>Renouvelez fr\u00e9quemment et g\u00e9n\u00e9reusement l'application pour maintenir la protection, surtout apr\u00e8s avoir transpir\u00e9 ou vous \u00eatre essuy\u00e9<br \/>Usage externe<\/div>\n<\/div>","protected":false},"excerpt":{"rendered":"<div id=\"action\" class=\"ctn_desc\">\n<p>Une tr\u00e8s haute protection solaire \u00e0 large spectre contre les UVA \/ UVB et qui prot\u00e8ge \u00e9galement des dommages li\u00e9s \u00e0 la pollution et aux infrarouges.<br \/>Test\u00e9 sous contr\u00f4le dermatologique sur peau sensible et r\u00e9active.\u00a0<br \/>Test\u00e9 sous contr\u00f4le ophtalmologique sur contour des yeux sensibles.\u00a0<br \/>Test\u00e9 sur porteurs de lentilles de contact.<\/p>\n<\/div>\n<div class=\"ctn_format\">\n<p>Tube 50ml<\/p>\n<h4>PROPRI\u00c9T\u00c9S<\/h4>\n<p>Convient aux peaux sensibles et r\u00e9actives. Pour peaux sujettes aux intol\u00e9rances solaires dans le cadre d&rsquo;un ensoleillement extr\u00eame. Peut \u00eatre appliqu\u00e9e sur le contour des yeux \u00a0 R\u00e9siste \u00e0 la sueur\u00a0<\/p>\n<p>Formul\u00e9 pour limiter le picotement oculaire<br \/>Une formule minimaliste sans compromis sur la protection. 12 ingr\u00e9dients de moins que la formule pr\u00e9c\u00e9dente.\u00a0<br \/>Sans conservateur. Sans paraben. Avec emballage protecteur.<\/p>\n<p>Complexe XL-PROTECT pour une tr\u00e8s haute protection UVA\/UVB, \u00e0 large spectre et photostable. Protection SPF50+ optimale renforc\u00e9e contre les rayons UVA (niveau plus strict que la recommandation europ\u00e9enne sur les produits solaires) gr\u00e2ce \u00e0 XL-Protect TM, technologie de syst\u00e8me filtrant, associ\u00e9e \u00e0 l&rsquo;eau thermale de La Roche-Posay, apaisante et anti-oxydante<\/p>\n<\/div>","protected":false},"featured_media":27912,"template":"","meta":{"arc_restricted_post":false},"product_cat":[385,48,331],"product_tag":[],"_links":{"self":[{"href":"https:\/\/www.sopha-sahara.com\/en\/wp-json\/wp\/v2\/product\/27697"}],"collection":[{"href":"https:\/\/www.sopha-sahara.com\/en\/wp-json\/wp\/v2\/product"}],"about":[{"href":"https:\/\/www.sopha-sahara.com\/en\/wp-json\/wp\/v2\/types\/product"}],"wp:featuredmedia":[{"embeddable":true,"href":"https:\/\/www.sopha-sahara.com\/en\/wp-json\/wp\/v2\/media\/27912"}],"wp:attachment":[{"href":"https:\/\/www.sopha-sahara.com\/en\/wp-json\/wp\/v2\/media?parent=27697"}],"wp:term":[{"taxonomy":"product_cat","embeddable":true,"href":"https:\/\/www.sopha-sahara.com\/en\/wp-json\/wp\/v2\/product_cat?post=27697"},{"taxonomy":"product_tag","embeddable":true,"href":"https:\/\/www.sopha-sahara.com\/en\/wp-json\/wp\/v2\/product_tag?post=27697"}],"curies":[{"name":"wp","href":"https:\/\/api.w.org\/{rel}","templated":true}]}}