{"id":27696,"date":"2021-01-12T11:01:53","date_gmt":"2021-01-12T10:01:53","guid":{"rendered":"https:\/\/www.interbusinesschamber.com\/produit\/anthelios-ultra-creme-spf50\/"},"modified":"2021-01-13T10:33:55","modified_gmt":"2021-01-13T09:33:55","slug":"anthelios-ultra-creme-spf50","status":"publish","type":"product","link":"https:\/\/www.sopha-sahara.com\/en\/product\/anthelios-ultra-creme-spf50\/","title":{"rendered":"ANTHELIOS ULTRA CR\u00c8ME SPF50+"},"content":{"rendered":"<div class=\"ctn_col var_efficacy\">\n<h4>EFFICACIT\u00c9<\/h4>\n<ul>\n<li>Efficacit\u00e9 cliniquement prouv\u00e9e sur peaux sujettes aux intol\u00e9rances solaires: L'efficacit\u00e9 ANTHELIOS XL a \u00e9t\u00e9 d\u00e9montr\u00e9e par 29 \u00e9tudes cliniques men\u00e9es in vivo par des dermatologues experts en photo-dermatologie reconnus mondialement.<\/li>\n<li>Les produits de protection solaire ANTHELIOS sont enrichis \u00e0 l'eau thermale La Roche-Posay. Cette eau unique, particuli\u00e8rement efficace contre les dommages cutan\u00e9s qui peuvent \u00eatre induits par des rayons UVA-UVB, poss\u00e8de des propri\u00e9t\u00e9s apaisantes et anti-oxydantes.<\/li>\n<li>Hydratation 24h<\/li>\n<\/ul>\n<\/div>\n<div class=\"ctn_col var_texture\">\n<h4>TEXTURE &amp; APPLICATION<\/h4>\n<div>Appliquer le produit juste avant l'exposition. Renouveler g\u00e9n\u00e9reusement et fr\u00e9quemment, surtout apr\u00e8s avoir nag\u00e9, transpir\u00e9 ou vous \u00eatre essuy\u00e9.<\/p>\n<p>Usage externe.<br \/>Indication : Protection solaire SPF 50+ pour yeux sensibles.<\/div>\n<\/div>","protected":false},"excerpt":{"rendered":"<div id=\"action\" class=\"ctn_desc\">\n<p>Cette cr\u00e8me contient un complexe XL Protect : technologie large spectre, \u00e0 la protection d\u00e9montr\u00e9e contre les UVA\/UVB et certains dommages induits par la pollution et le stress oxydatif.<\/p>\n<\/div>\n<div class=\"ctn_format\">\n<p>Tube 50ml<\/p>\n<h4>PROPRI\u00c9T\u00c9S<\/h4>\n<p>Cette cr\u00e8me sans parfum est recommand\u00e9e aux peaux sensibles ou r\u00e9actives, sujettes aux intol\u00e9rances solaires commun\u00e9ment appel\u00e9es allergies solaires. Elle ne laisse aucune trace blanche, ni d&rsquo;effet gras sur la peau. R\u00e9sistante \u00e0 l&rsquo;eau.<\/p>\n<p>Formul\u00e9e sans paraben, sans conservateur.<\/p>\n<\/div>","protected":false},"featured_media":27911,"template":"","meta":{"arc_restricted_post":false},"product_cat":[385,48,331],"product_tag":[],"_links":{"self":[{"href":"https:\/\/www.sopha-sahara.com\/en\/wp-json\/wp\/v2\/product\/27696"}],"collection":[{"href":"https:\/\/www.sopha-sahara.com\/en\/wp-json\/wp\/v2\/product"}],"about":[{"href":"https:\/\/www.sopha-sahara.com\/en\/wp-json\/wp\/v2\/types\/product"}],"wp:featuredmedia":[{"embeddable":true,"href":"https:\/\/www.sopha-sahara.com\/en\/wp-json\/wp\/v2\/media\/27911"}],"wp:attachment":[{"href":"https:\/\/www.sopha-sahara.com\/en\/wp-json\/wp\/v2\/media?parent=27696"}],"wp:term":[{"taxonomy":"product_cat","embeddable":true,"href":"https:\/\/www.sopha-sahara.com\/en\/wp-json\/wp\/v2\/product_cat?post=27696"},{"taxonomy":"product_tag","embeddable":true,"href":"https:\/\/www.sopha-sahara.com\/en\/wp-json\/wp\/v2\/product_tag?post=27696"}],"curies":[{"name":"wp","href":"https:\/\/api.w.org\/{rel}","templated":true}]}}