{"id":27694,"date":"2021-01-12T11:01:52","date_gmt":"2021-01-12T10:01:52","guid":{"rendered":"https:\/\/www.interbusinesschamber.com\/produit\/anthelios-pigmentation-spf50\/"},"modified":"2021-01-13T10:36:58","modified_gmt":"2021-01-13T09:36:58","slug":"anthelios-pigmentation-spf50","status":"publish","type":"product","link":"https:\/\/www.sopha-sahara.com\/en\/product\/anthelios-pigmentation-spf50\/","title":{"rendered":"Anthelios Pigmentation SPF50+"},"content":{"rendered":"<div class=\"ctn_col var_efficacy\">\n<h4>EFFICACIT\u00c9<\/h4>\n<p>produits test\u00e9s sous contr\u00f4le dermatologique sur peaux sensibles.<br \/>Efficacit\u00e9 cliniquement prouv\u00e9e sur peaux intol\u00e9rantes au soleil: l'efficacit\u00e9 d'ANTHELIOS a \u00e9t\u00e9 d\u00e9montr\u00e9e par 28 \u00e9tudes cliniques r\u00e9alis\u00e9es in vivo par des dermatologues de renomm\u00e9e mondiale en photo-dermatologie.<\/p>\n<\/div>\n<div class=\"ctn_col var_texture\">\n<h4>TEXTURE &amp; APPLICATION<\/h4>\n<div>Cr\u00e8me teint\u00e9e fondante<\/p>\n<ul>\n<li>Non-collante<\/li>\n<li>Non com\u00e9dog\u00e8ne<\/li>\n<\/ul>\n<p>Appliquez le produit de protection solaire juste avant l'exposition.<br \/>R\u00e9appliquer fr\u00e9quemment et g\u00e9n\u00e9reusement pour maintenir la protection, surtout apr\u00e8s avoir transpir\u00e9 ou \u00eatre essuy\u00e9.<br \/>Usage externe..<\/div>\n<\/div>","protected":false},"excerpt":{"rendered":"<div id=\"action\" class=\"ctn_desc\">\n<p>Protection teint\u00e9e \u00e0 tr\u00e8s large spectre (UVA + UVB). Enrichie en Proc\u00e9rad, la formule \u00e9claircit et unifie le teint.<br \/>Test\u00e9 sous contr\u00f4le dermatologique. Pour les peaux sensibles et intol\u00e9rantes au soleil.<\/p>\n<\/div>\n<div class=\"ctn_format\">\n<p>tube 50ml<\/p>\n<h4>PROPRI\u00c9T\u00c9S<\/h4>\n<p>Peau sensible \u00e0 risque d&rsquo;hyperpigmentation induite par les UV et la lumi\u00e8re visible, telle qu&rsquo;un masque de grossesse et des taches de vieillesse.<br \/>Tr\u00e8s haute protection, \u00e0 large spectre large, photostable UVA \/ UVB et m\u00eame contre la lumi\u00e8re visible.\u00a0 \u00a0 \u00a0 \u00a0 \u00a0 \u00a0 \u00a0 \u00a0 \u00a0 \u00a0 \u00a0 \u00a0 \u00a0<br \/>Protection SPF 50+ optimale renforc\u00e9e contre les rayons UVA (presque deux fois plus stricte que la recommandation europ\u00e9enne sur les produits solaires) gr\u00e2ce \u00e0 la technologie de filtration XL-Protect associ\u00e9e \u00e0 l&rsquo;Eau thermale de La Roche-Posay, un antioxydant apaisant.<\/p>\n<\/div>","protected":false},"featured_media":27909,"template":"","meta":{"arc_restricted_post":false},"product_cat":[385,48,331],"product_tag":[],"_links":{"self":[{"href":"https:\/\/www.sopha-sahara.com\/en\/wp-json\/wp\/v2\/product\/27694"}],"collection":[{"href":"https:\/\/www.sopha-sahara.com\/en\/wp-json\/wp\/v2\/product"}],"about":[{"href":"https:\/\/www.sopha-sahara.com\/en\/wp-json\/wp\/v2\/types\/product"}],"wp:featuredmedia":[{"embeddable":true,"href":"https:\/\/www.sopha-sahara.com\/en\/wp-json\/wp\/v2\/media\/27909"}],"wp:attachment":[{"href":"https:\/\/www.sopha-sahara.com\/en\/wp-json\/wp\/v2\/media?parent=27694"}],"wp:term":[{"taxonomy":"product_cat","embeddable":true,"href":"https:\/\/www.sopha-sahara.com\/en\/wp-json\/wp\/v2\/product_cat?post=27694"},{"taxonomy":"product_tag","embeddable":true,"href":"https:\/\/www.sopha-sahara.com\/en\/wp-json\/wp\/v2\/product_tag?post=27694"}],"curies":[{"name":"wp","href":"https:\/\/api.w.org\/{rel}","templated":true}]}}