{"id":27693,"date":"2021-01-12T11:01:52","date_gmt":"2021-01-12T10:01:52","guid":{"rendered":"https:\/\/www.interbusinesschamber.com\/produit\/anthelios-xl-spf-50-gel-creme-toucher-sec-teinte\/"},"modified":"2021-01-13T10:36:16","modified_gmt":"2021-01-13T09:36:16","slug":"anthelios-xl-spf-50-gel-creme-toucher-sec-teinte","status":"publish","type":"product","link":"https:\/\/www.sopha-sahara.com\/en\/product\/anthelios-xl-spf-50-gel-creme-toucher-sec-teinte\/","title":{"rendered":"Anthelios XL SPF 50+ Gel Cr\u00e8me toucher sec teint\u00e9"},"content":{"rendered":"<h4>TEXTURE &amp; APPLICATION<\/h4>\n<div>Pr\u00e9cautions: L'abus de soleil est dangereux. Un produit solaire ne prot\u00e8ge jamais totalement. Appliquer le produit juste avant l'exposition. Renouveler g\u00e9n\u00e9reusement et fr\u00e9quemment, surtout apr\u00e8s une baignade ou s'\u00eatre essuy\u00e9. Usage externe.<\/div>","protected":false},"excerpt":{"rendered":"<div id=\"action\" class=\"ctn_desc\">\n<p>Nouveau flacon-pompe. Protection solaire avec parfum. Sans paraben. Tr\u00e8s r\u00e9sistant \u00e0 l&rsquo;eau. Non com\u00e9dog\u00e8ne.Test\u00e9 sous contr\u00f4le dermatologique.<br \/>50ml<\/p>\n<\/div>\n<div class=\"ctn_format\">\n<p>&nbsp;<\/p>\n<\/div>\n<div class=\"ctn_properties\">\n<h4>PROPRI\u00c9T\u00c9S<\/h4>\n<p>Peau sensible ou sujette aux intol\u00e9rances solaires, commun\u00e9ment appel\u00e9es allergies solaires.<br \/>Ensoleillement extr\u00eame.<br \/>Pr\u00e9vient les t\u00e2ches de pigmentation (grossesse, photosensbiliisation&#8230;).<\/p>\n<p>Tr\u00e8s haute protection UVA\/UVB, large et photostable.<br \/>Protection optimale SPF 50+ renforc\u00e9e contre les UVA (niveau plus strict que la recommandation europ\u00e9enne) gr\u00e2ce \u00e0 un nouveau syst\u00e8me filtrant brevet\u00e9 Mexoplex\u00ae associ\u00e9 \u00e0 l\u2019eau thermale de La Roche-Posay, apaisante et antioxydante<\/p>\n<ul>\n<li>Texture toucher sec : double action anti-brillance, absorption imm\u00e9diate, fini ultra-sec, sans trace blanche. Sans effet gras.<\/li>\n<li>Id\u00e9al pour les peaux grasses.<\/li>\n<\/ul>\n<\/div>","protected":false},"featured_media":27914,"template":"","meta":{"arc_restricted_post":false},"product_cat":[385,48,331],"product_tag":[],"_links":{"self":[{"href":"https:\/\/www.sopha-sahara.com\/en\/wp-json\/wp\/v2\/product\/27693"}],"collection":[{"href":"https:\/\/www.sopha-sahara.com\/en\/wp-json\/wp\/v2\/product"}],"about":[{"href":"https:\/\/www.sopha-sahara.com\/en\/wp-json\/wp\/v2\/types\/product"}],"wp:featuredmedia":[{"embeddable":true,"href":"https:\/\/www.sopha-sahara.com\/en\/wp-json\/wp\/v2\/media\/27914"}],"wp:attachment":[{"href":"https:\/\/www.sopha-sahara.com\/en\/wp-json\/wp\/v2\/media?parent=27693"}],"wp:term":[{"taxonomy":"product_cat","embeddable":true,"href":"https:\/\/www.sopha-sahara.com\/en\/wp-json\/wp\/v2\/product_cat?post=27693"},{"taxonomy":"product_tag","embeddable":true,"href":"https:\/\/www.sopha-sahara.com\/en\/wp-json\/wp\/v2\/product_tag?post=27693"}],"curies":[{"name":"wp","href":"https:\/\/api.w.org\/{rel}","templated":true}]}}