{"id":27692,"date":"2021-01-12T11:01:52","date_gmt":"2021-01-12T10:01:52","guid":{"rendered":"https:\/\/www.interbusinesschamber.com\/produit\/anthelios-xl-spf-50-creme-matifiante\/"},"modified":"2021-01-13T10:37:45","modified_gmt":"2021-01-13T09:37:45","slug":"anthelios-xl-spf-50-creme-matifiante","status":"publish","type":"product","link":"https:\/\/www.sopha-sahara.com\/en\/product\/anthelios-xl-spf-50-creme-matifiante\/","title":{"rendered":"Anthelios XL SPF 50+ CR\u00c8ME MATIFIANTE"},"content":{"rendered":"<div class=\"ctn_col var_efficacy\">\n<h4>EFFICACIT\u00c9<\/h4>\n<p>Pr\u00e9vient les intol\u00e9rances solaires, commun\u00e9ment appel\u00e9es allergies solaires. Pr\u00e9vient \u00e9galement les taches pigmentaires dues au soleil (grossesses, photosensibilisations...).<br \/>Pr\u00e9serve du vieillissement cutan\u00e9 pr\u00e9matur\u00e9 et des dommages cellulaires \u00e0 long terme.<\/p>\n<\/div>\n<div class=\"ctn_col var_texture\">\n<h4>TEXTURE &amp; APPLICATION<\/h4>\n<div>Appliquer le produit juste avant l'exposition. Renouveler g\u00e9n\u00e9reusement et fr\u00e9quemment, surtout apr\u00e8s une baignade ou s'\u00eatre essuy\u00e9. Usage Externe.<\/div>\n<\/div>","protected":false},"excerpt":{"rendered":"<div id=\"action\" class=\"ctn_desc\">\n<p>Sans parfum. Sans paraben. Non-com\u00e9dog\u00e8ne. Tr\u00e8s r\u00e9sistant \u00e0 l&rsquo;eau.<\/p>\n<\/div>\n<div class=\"ctn_format\">\n<p>Tube 50ml<\/p>\n<\/div>\n<div class=\"ctn_properties\">\n<h4>PROPRI\u00c9T\u00c9S<\/h4>\n<p>Peau sujette aux intol\u00e9rances solaires, commun\u00e9ment appel\u00e9es allergies solaires.<br \/>Ensoleillement extr\u00eame.<br \/>Pr\u00e9vention des taches pigmentaires dues au soleil (grossesses, photosensibilisations,&#8230;).<br \/>Tr\u00e8s haute protection UVA\/UVB, large et photostable.<br \/>Protection optimale SPF 50+ renforc\u00e9e contre les UVA (niveau plus strict que la recommandation europ\u00e9enne sur les produits solaires) gr\u00e2ce au syst\u00e8me filtrant \u00a0brevet\u00e9 Mexoplex\u00ae associ\u00e9 \u00e0 l&rsquo;eau thermale de La Roche-Posay, apaisante et antioxydante.<\/p>\n<ul>\n<li>Texture toucher sec : double action anti-brillance, absorption imm\u00e9diate, fini ultra-sec, sans trace blanche.<\/li>\n<li>Id\u00e9al pour les peaux mixtes \u00e0 grasses.<\/li>\n<li>Tr\u00e8s r\u00e9sistant \u00e0 l&rsquo;eau.<\/li>\n<li>Test\u00e9 sous contr\u00f4le dermatologique. Sans parfum, sans paraben, non-com\u00e9dog\u00e8ne.<\/li>\n<\/ul>\n<\/div>","protected":false},"featured_media":27913,"template":"","meta":{"arc_restricted_post":false},"product_cat":[385,48,331],"product_tag":[],"_links":{"self":[{"href":"https:\/\/www.sopha-sahara.com\/en\/wp-json\/wp\/v2\/product\/27692"}],"collection":[{"href":"https:\/\/www.sopha-sahara.com\/en\/wp-json\/wp\/v2\/product"}],"about":[{"href":"https:\/\/www.sopha-sahara.com\/en\/wp-json\/wp\/v2\/types\/product"}],"wp:featuredmedia":[{"embeddable":true,"href":"https:\/\/www.sopha-sahara.com\/en\/wp-json\/wp\/v2\/media\/27913"}],"wp:attachment":[{"href":"https:\/\/www.sopha-sahara.com\/en\/wp-json\/wp\/v2\/media?parent=27692"}],"wp:term":[{"taxonomy":"product_cat","embeddable":true,"href":"https:\/\/www.sopha-sahara.com\/en\/wp-json\/wp\/v2\/product_cat?post=27692"},{"taxonomy":"product_tag","embeddable":true,"href":"https:\/\/www.sopha-sahara.com\/en\/wp-json\/wp\/v2\/product_tag?post=27692"}],"curies":[{"name":"wp","href":"https:\/\/api.w.org\/{rel}","templated":true}]}}