{"id":27691,"date":"2021-01-12T11:01:52","date_gmt":"2021-01-12T10:01:52","guid":{"rendered":"https:\/\/www.interbusinesschamber.com\/produit\/anthelios-anti-imperfections\/"},"modified":"2021-01-12T16:31:48","modified_gmt":"2021-01-12T15:31:48","slug":"anthelios-anti-imperfections","status":"publish","type":"product","link":"https:\/\/www.sopha-sahara.com\/en\/product\/anthelios-anti-imperfections\/","title":{"rendered":"Anthelios ANTI-IMPERFECTIONS"},"content":{"rendered":"<div class=\"ctn_col var_efficacy\">\n<h5>EFFICACIT\u00c9<\/h5>\n<p><u><\/u>XL-PROTECT \u2122 fournit une tr\u00e8s haute protection \u00e0 large spectre contre les rayons UVA \/ UVB. SPF 50+ offre une tr\u00e8s haute protection contre les rayons UVA gr\u00e2ce \u00e0 la technologie XL-Protect, associ\u00e9e \u00e0 l\u2019Eau Thermale de La Roche-Posay, naturellement antioxydante et apaisante.<u><\/u><u><\/u><u><\/u><\/p>\n<p><u><\/u>La technologie AIRLICIUM \u2122 avec des micro-particules matifiantes absorbe imm\u00e9diatement le s\u00e9bum et pr\u00e9vient la transpiration, pour une tenue longue dur\u00e9e.<u><\/u><u><\/u><u><\/u><\/p>\n<p><u><\/u>Enrichie en ACIDE SALICYLIQUE ET EN NIACINAMIDE, la formule cible les imperfections existantes et aide \u00e0 pr\u00e9venir les marques induites par les UV<\/p>\n<\/div>\n<div class=\"ctn_col var_texture\">\n<h4>TEXTURE &amp; APPLICATION<\/h4>\n<div>\n<ul>\n<li>Non gras<\/li>\n<li>Non-collant<\/li>\n<li>Sans traces blanches<\/li>\n<\/ul>\n<p>Appliquez la protection solaire avant l'exposition. Renouveler l'application fr\u00e9quemment et g\u00e9n\u00e9reusement pour maintenir la protection, surtout apr\u00e8s avoir transpir\u00e9 ou essuy\u00e9. Usage externe.<\/div>\n<\/div>","protected":false},"excerpt":{"rendered":"<div id=\"action\" class=\"ctn_desc\">\n<p>Gel cr\u00e8me correcteur, protection solaire dermatologique enrichie \u00e0 l\u2019acide salicylique et niacinamide. Adapt\u00e9 \u00e0 la peau mixte \u00e0 grasse, \u00e0 tendance acn\u00e9ique, sujette \u00e0 la r\u00e9apparition d\u2019imperfections post exposition solaire.<br \/>Anti-brillance longue dur\u00e9e. Aide \u00e0 corriger les imperfections. Pr\u00e9vient les marques induites par les UV.<\/p>\n<\/div>\n<div class=\"ctn_properties\">\n<h4>PROPRI\u00c9T\u00c9S<\/h4>\n<p>Pour les peaux grasses, convient \u00e9galement aux peaux \u00e0 tendance acn\u00e9ique expos\u00e9es aux rayons UV et sujettes \u00e0 l\u2019effet rebond.<br \/><u><\/u><u><\/u>Tr\u00e8s haute protection solaire. Non com\u00e9dog\u00e8ne. Hypoallerg\u00e9nique.<\/p>\n<\/div>","protected":false},"featured_media":27904,"template":"","meta":{"arc_restricted_post":false},"product_cat":[385,48,331],"product_tag":[],"_links":{"self":[{"href":"https:\/\/www.sopha-sahara.com\/en\/wp-json\/wp\/v2\/product\/27691"}],"collection":[{"href":"https:\/\/www.sopha-sahara.com\/en\/wp-json\/wp\/v2\/product"}],"about":[{"href":"https:\/\/www.sopha-sahara.com\/en\/wp-json\/wp\/v2\/types\/product"}],"wp:featuredmedia":[{"embeddable":true,"href":"https:\/\/www.sopha-sahara.com\/en\/wp-json\/wp\/v2\/media\/27904"}],"wp:attachment":[{"href":"https:\/\/www.sopha-sahara.com\/en\/wp-json\/wp\/v2\/media?parent=27691"}],"wp:term":[{"taxonomy":"product_cat","embeddable":true,"href":"https:\/\/www.sopha-sahara.com\/en\/wp-json\/wp\/v2\/product_cat?post=27691"},{"taxonomy":"product_tag","embeddable":true,"href":"https:\/\/www.sopha-sahara.com\/en\/wp-json\/wp\/v2\/product_tag?post=27691"}],"curies":[{"name":"wp","href":"https:\/\/api.w.org\/{rel}","templated":true}]}}