{"id":27690,"date":"2021-01-12T11:01:52","date_gmt":"2021-01-12T10:01:52","guid":{"rendered":"https:\/\/www.interbusinesschamber.com\/produit\/anthelios-fluide-invisible-spf-50-sans-parfum\/"},"modified":"2021-01-12T16:49:01","modified_gmt":"2021-01-12T15:49:01","slug":"anthelios-fluide-invisible-spf-50-sans-parfum","status":"publish","type":"product","link":"https:\/\/www.sopha-sahara.com\/en\/product\/anthelios-fluide-invisible-spf-50-sans-parfum\/","title":{"rendered":"Anthelios FLUIDE invisible SPF 50+ SANS PARFUM"},"content":{"rendered":"<div class=\"ctn_col var_efficacy\">\n<h4>EFFICACIT\u00c9<\/h4>\n<p>Depuis plus de 30 ans, Anthelios est pionnier en mati\u00e8re d'innovations : Filtres UVA, protection \u00e0 large spectre, textures et technologies.<\/p>\n<p>Efficacit\u00e9 cliniquement prouv\u00e9e sur les peaux sensibles et intol\u00e9rantes au soleil. L'efficacit\u00e9 d'Anthelios a \u00e9t\u00e9 d\u00e9montr\u00e9e par\u00a031 \u00e9tudes cliniques\u00a0r\u00e9alis\u00e9es in vivo par des dermatologues de renomm\u00e9e mondiale en photo-dermatologie.<\/p>\n<p><strong>Lors de l\u2019application*\u00a0:<\/strong><br \/>Ne laisse pas la peau blanche 98%.<br \/>Ne laisse pas la peau grasse 81%.<br \/>Sensation de l\u00e9g\u00e8ret\u00e9 sur la peau 88%.<\/p>\n<p><em>*Etude men\u00e9e sur 36 femmes, 7 hommes de 22-62 ans, sur tous les types de peau. Peaux 100% r\u00e9actives\/sensibles.<\/em><\/p>\n<\/div>\n<div class=\"ctn_col var_texture\">\n<h4>TEXTURE &amp; APPLICATION<\/h4>\n<div>\n<ul>\n<li>Texture fluide<\/li>\n<li>Fini imperceptible et naturel<\/li>\n<li>Non collant, non gras<\/li>\n<\/ul>\n<p><\/p>\n<ul>Appliquer la cr\u00e8me solaire juste avant l'exposition. Renouveler fr\u00e9quemment et g\u00e9n\u00e9reusement l'application pour maintenir la protection, surtout apr\u00e8s avoir transpir\u00e9 ou s\u2019\u00eatre essuy\u00e9. Usage externe.<\/ul>\n<\/div>\n<\/div>\n<p>&nbsp;<\/p>","protected":false},"excerpt":{"rendered":"<p>Pour les peaux sensibles ou allergiques en cas d&rsquo;ensoleillement extr\u00eame. Convient \u00e0 tous types de peau. Application m\u00eame sur le contour des yeux. Hypoallerg\u00e9nique.Protection \u00e0 tr\u00e8s large spectre contre les:\u00a0UVA\/UVB, Infrarouge et Pollution. Fini imperceptible. Ultra r\u00e9sistant.<\/p>\n<p>Test\u00e9 sous contr\u00f4le dermatologique sur peaux sensibles et r\u00e9actives.<br \/>Test\u00e9 sous contr\u00f4le ophtalmologique sur yeux sensibles.<br \/>Test\u00e9 sur les porteurs de lentilles de contact.<\/p>","protected":false},"featured_media":27905,"template":"","meta":{"arc_restricted_post":false},"product_cat":[385,48,331],"product_tag":[],"_links":{"self":[{"href":"https:\/\/www.sopha-sahara.com\/en\/wp-json\/wp\/v2\/product\/27690"}],"collection":[{"href":"https:\/\/www.sopha-sahara.com\/en\/wp-json\/wp\/v2\/product"}],"about":[{"href":"https:\/\/www.sopha-sahara.com\/en\/wp-json\/wp\/v2\/types\/product"}],"wp:featuredmedia":[{"embeddable":true,"href":"https:\/\/www.sopha-sahara.com\/en\/wp-json\/wp\/v2\/media\/27905"}],"wp:attachment":[{"href":"https:\/\/www.sopha-sahara.com\/en\/wp-json\/wp\/v2\/media?parent=27690"}],"wp:term":[{"taxonomy":"product_cat","embeddable":true,"href":"https:\/\/www.sopha-sahara.com\/en\/wp-json\/wp\/v2\/product_cat?post=27690"},{"taxonomy":"product_tag","embeddable":true,"href":"https:\/\/www.sopha-sahara.com\/en\/wp-json\/wp\/v2\/product_tag?post=27690"}],"curies":[{"name":"wp","href":"https:\/\/api.w.org\/{rel}","templated":true}]}}