{"id":27689,"date":"2021-01-12T11:01:52","date_gmt":"2021-01-12T10:01:52","guid":{"rendered":"https:\/\/www.interbusinesschamber.com\/produit\/anthelios-ka\/"},"modified":"2021-01-13T10:35:31","modified_gmt":"2021-01-13T09:35:31","slug":"anthelios-ka","status":"publish","type":"product","link":"https:\/\/www.sopha-sahara.com\/en\/product\/anthelios-ka\/","title":{"rendered":"Anthelios KA +"},"content":{"rendered":"<div class=\"ctn_col var_efficacy\">\n<h4>EFFICACIT\u00c9<\/h4>\n<p>Peaux \u00e0 haut risque de dommages et de vieillissement cutan\u00e9 li\u00e9s \u00e0 une exposition quotidienne aux UV.<\/p>\n<\/div>\n<div class=\"ctn_col var_texture\">\n<h4>TEXTURE &amp; APPLICATION<\/h4>\n<div>Appliquer chaque matin uniform\u00e9ment sur le visage et sur les zones expos\u00e9es au rayonnement UV quotidien. Renouveler l'application en cas d'exposition prolong\u00e9e, de forte transpiration ou de contact avec l'eau.<\/div>\n<\/div>","protected":false},"excerpt":{"rendered":"<p>Formul\u00e9 avec la technologie Cellular-Defence, une association de filtres solaires photostables et brevet\u00e9s. Anthelios KA+ offre une protection optimale \u00e0 large spectre contre les UVB et les UVA, pr\u00e9vient des dommages cellulaires, du vieillissement de la peau, ainsi que d&rsquo;autres r\u00e9actions cutan\u00e9es induites par les UV. Enrichie en panth\u00e9nol et en niacinamide, la formule hydratante aide \u00e0 apaiser, renforce et favorise la r\u00e9paration de la barri\u00e8re cutan\u00e9e. Hypoallerg\u00e9nique.<\/p>","protected":false},"featured_media":23155,"template":"","meta":{"arc_restricted_post":false},"product_cat":[385,48,331],"product_tag":[],"_links":{"self":[{"href":"https:\/\/www.sopha-sahara.com\/en\/wp-json\/wp\/v2\/product\/27689"}],"collection":[{"href":"https:\/\/www.sopha-sahara.com\/en\/wp-json\/wp\/v2\/product"}],"about":[{"href":"https:\/\/www.sopha-sahara.com\/en\/wp-json\/wp\/v2\/types\/product"}],"wp:featuredmedia":[{"embeddable":true,"href":"https:\/\/www.sopha-sahara.com\/en\/wp-json\/wp\/v2\/media\/23155"}],"wp:attachment":[{"href":"https:\/\/www.sopha-sahara.com\/en\/wp-json\/wp\/v2\/media?parent=27689"}],"wp:term":[{"taxonomy":"product_cat","embeddable":true,"href":"https:\/\/www.sopha-sahara.com\/en\/wp-json\/wp\/v2\/product_cat?post=27689"},{"taxonomy":"product_tag","embeddable":true,"href":"https:\/\/www.sopha-sahara.com\/en\/wp-json\/wp\/v2\/product_tag?post=27689"}],"curies":[{"name":"wp","href":"https:\/\/api.w.org\/{rel}","templated":true}]}}