{"id":26065,"date":"2020-12-31T13:04:41","date_gmt":"2020-12-31T12:04:41","guid":{"rendered":"https:\/\/www.interbusinesschamber.com\/produit\/cereales-ble-lait-fruits-vitameal-baby\/"},"modified":"2020-12-31T14:21:37","modified_gmt":"2020-12-31T13:21:37","slug":"cereales-ble-lait-fruits-vitameal-baby","status":"publish","type":"product","link":"https:\/\/www.sopha-sahara.com\/en\/product\/cereales-ble-lait-fruits-vitameal-baby\/","title":{"rendered":"CEREALES BLE LAIT FRUITS VITAMEAL BABY"},"content":{"rendered":"<div class=\"fusion-text\">\n<div class=\"su-list su-list-style-\">\n<p><strong class=\"product-text-style\">PR\u00c9PARATION :<\/strong><\/p>\n<ul>\n<li>Se laver les mains et celles de votre b\u00e9b\u00e9<\/li>\n<li>Utilisez des ustensiles propres<\/li>\n<li>Faire bouillir de l\u2019eau potable pendant 5 min<\/li>\n<li>Mesurez la quantit\u00e9 d\u2019eau et laissez refroidir<\/li>\n<li>Ajouter la quantit\u00e9 de c\u00e9r\u00e9ales dans le bol ou le biberon et m\u00e9langez pour obtenir une pr\u00e9paration homog\u00e8ne<\/li>\n<\/ul>\n<\/div>\n<\/div>","protected":false},"excerpt":{"rendered":"<p>Un savoureux m\u00e9lange de fruits dans cette pr\u00e9paration au lait, m\u00e9langeant des oranges, des bananes et des dattes.<br \/>nutritionnelles VITAMEAL Baby C\u00e9r\u00e9ales est une des seules pr\u00e9parations lact\u00e9es \u00e0 apporter de vraies r\u00e9ponses\u00a0 \u00e0 votre b\u00e9b\u00e9 gr\u00e2ce \u00e0 ses 24 vitamines &amp; min\u00e9raux.<\/p>\n<p><strong class=\"product-text-style\">CONDITIONNEMENT<\/strong>\u00a0: Boite 200 g &amp; 350 g, sachet 30 g<\/p>","protected":false},"featured_media":26069,"template":"","meta":{"arc_restricted_post":false},"product_cat":[49,349],"product_tag":[],"_links":{"self":[{"href":"https:\/\/www.sopha-sahara.com\/en\/wp-json\/wp\/v2\/product\/26065"}],"collection":[{"href":"https:\/\/www.sopha-sahara.com\/en\/wp-json\/wp\/v2\/product"}],"about":[{"href":"https:\/\/www.sopha-sahara.com\/en\/wp-json\/wp\/v2\/types\/product"}],"wp:featuredmedia":[{"embeddable":true,"href":"https:\/\/www.sopha-sahara.com\/en\/wp-json\/wp\/v2\/media\/26069"}],"wp:attachment":[{"href":"https:\/\/www.sopha-sahara.com\/en\/wp-json\/wp\/v2\/media?parent=26065"}],"wp:term":[{"taxonomy":"product_cat","embeddable":true,"href":"https:\/\/www.sopha-sahara.com\/en\/wp-json\/wp\/v2\/product_cat?post=26065"},{"taxonomy":"product_tag","embeddable":true,"href":"https:\/\/www.sopha-sahara.com\/en\/wp-json\/wp\/v2\/product_tag?post=26065"}],"curies":[{"name":"wp","href":"https:\/\/api.w.org\/{rel}","templated":true}]}}