{"id":26064,"date":"2020-12-31T13:04:41","date_gmt":"2020-12-31T12:04:41","guid":{"rendered":"https:\/\/www.interbusinesschamber.com\/produit\/cereales-ble-lait-cacao-vitameal-baby\/"},"modified":"2020-12-31T15:23:52","modified_gmt":"2020-12-31T14:23:52","slug":"cereales-ble-lait-cacao-vitameal-baby","status":"publish","type":"product","link":"https:\/\/www.sopha-sahara.com\/en\/product\/cereales-ble-lait-cacao-vitameal-baby\/","title":{"rendered":"CEREALES BLE LAIT CACAO VITAMEAL BABY"},"content":{"rendered":"<p><strong class=\"product-text-style\">PR\u00c9PARATION :<\/strong><\/p>\n<ul>\n<li>Se laver les mains et celles de votre b\u00e9b\u00e9<\/li>\n<li>Utilisez des ustensiles propres<\/li>\n<li>Faire bouillir de l\u2019eau potable pendant 5 min<\/li>\n<li>Mesurez la quantit\u00e9 d\u2019eau et laissez refroidir<\/li>\n<li>Ajouter la quantit\u00e9 de c\u00e9r\u00e9ales dans le bol ou le biberon et m\u00e9langez pour obtenir une pr\u00e9paration homog\u00e8ne<\/li>\n<\/ul>","protected":false},"excerpt":{"rendered":"<p>Le bon go\u00fbt du Chocolat, tous les b\u00e9b\u00e9s, les enfants\u00a0et m\u00eame les adultes l\u2019adorent !<br \/>Souvent utilis\u00e9e pour les b\u00e9b\u00e9s et enfants ayant des probl\u00e8mes de diarrh\u00e9e,<br \/>VITAMEAL Baby C\u00e9r\u00e9ales est une des seules pr\u00e9parations lact\u00e9es \u00e0 apporter de vraies r\u00e9ponses nutritionnelles \u00e0 votre b\u00e9b\u00e9 gr\u00e2ce \u00e0 ses 24 vitamines &amp; min\u00e9raux.<\/p>\n<p><strong class=\"product-text-style\">CONDITIONNEMENT :<\/strong>\u00a0boite de 200g<\/p>","protected":false},"featured_media":26074,"template":"","meta":{"arc_restricted_post":false},"product_cat":[49,349],"product_tag":[],"_links":{"self":[{"href":"https:\/\/www.sopha-sahara.com\/en\/wp-json\/wp\/v2\/product\/26064"}],"collection":[{"href":"https:\/\/www.sopha-sahara.com\/en\/wp-json\/wp\/v2\/product"}],"about":[{"href":"https:\/\/www.sopha-sahara.com\/en\/wp-json\/wp\/v2\/types\/product"}],"wp:featuredmedia":[{"embeddable":true,"href":"https:\/\/www.sopha-sahara.com\/en\/wp-json\/wp\/v2\/media\/26074"}],"wp:attachment":[{"href":"https:\/\/www.sopha-sahara.com\/en\/wp-json\/wp\/v2\/media?parent=26064"}],"wp:term":[{"taxonomy":"product_cat","embeddable":true,"href":"https:\/\/www.sopha-sahara.com\/en\/wp-json\/wp\/v2\/product_cat?post=26064"},{"taxonomy":"product_tag","embeddable":true,"href":"https:\/\/www.sopha-sahara.com\/en\/wp-json\/wp\/v2\/product_tag?post=26064"}],"curies":[{"name":"wp","href":"https:\/\/api.w.org\/{rel}","templated":true}]}}