{"id":26062,"date":"2020-12-31T13:04:41","date_gmt":"2020-12-31T12:04:41","guid":{"rendered":"https:\/\/www.interbusinesschamber.com\/produit\/cereals-ble-lait-vitameal-baby\/"},"modified":"2020-12-31T15:24:03","modified_gmt":"2020-12-31T14:24:03","slug":"cereals-ble-lait-vitameal-baby","status":"publish","type":"product","link":"https:\/\/www.sopha-sahara.com\/en\/product\/cereals-ble-lait-vitameal-baby\/","title":{"rendered":"CEREALS BLE LAIT VITAMEAL BABY"},"content":{"rendered":"<div class=\"fusion-text\">\n<div class=\"su-list su-list-style-\">\n<p><strong class=\"su-list su-list-style-\">Pr\u00e9paration<\/strong><\/p>\n<ul>\n<li>Se laver les mains et celles de votre b\u00e9b\u00e9<\/li>\n<li>Utilisez des ustensiles propres<\/li>\n<li>Faire bouillir de l\u2019eau potable pendant 5 min<\/li>\n<li>Mesurez la quantit\u00e9 d\u2019eau et laissez refroidir<\/li>\n<li>Ajouter la quantit\u00e9 de c\u00e9r\u00e9ales dans le bol ou le biberon et m\u00e9langez pour obtenir une pr\u00e9paration homog\u00e8ne<\/li>\n<\/ul>\n<\/div>\n<div class=\"su-list su-list-style-\">\n<p><strong class=\"product-text-style\">CONSEILS D\u2019UTILISATION<\/strong><\/p>\n<ul>\n<li>Bien renfermer l\u2019\u00e9tui apr\u00e8s chaque utilisation<\/li>\n<li>A consommer au plus tard 30 jours apr\u00e8s l\u2019ouverture du sachet<\/li>\n<\/ul>\n<\/div>\n<p><strong class=\"product-text-style\">RECOMMAND\u00c9 EN<\/strong>\u00a0petit d\u00e9jeuner\/ d\u00e9jeuner\/ go\u00fbter\/ d\u00eener<\/p>\n<div>\n<p><strong class=\"product-text-style\">CONSEILS DE CONSERVATION<\/strong><\/p>\n<ul>\n<li>Conserver dans un endroit frais et sec<\/li>\n<li>Ne pas entreposer directement au soleil<\/li>\n<\/ul>\n<\/div>\n<\/div>","protected":false},"excerpt":{"rendered":"<p>La recette Bl\u00e9 Lait, tous les b\u00e9b\u00e9s, les enfants et les adultes l\u2019adorent pour le petit d\u00e9jeuner, le d\u00e9jeuner ou le go\u00fbter\u2026<br \/>Souvent utilis\u00e9e pour les b\u00e9b\u00e9s et enfants ayant des probl\u00e8mes de diarrh\u00e9e,<br \/>VITAMEAL Baby C\u00e9r\u00e9ales\u00a0 est une des seules pr\u00e9parations lact\u00e9es \u00e0 apporter de vraies r\u00e9ponses nutritionnelles \u00e0 votre b\u00e9b\u00e9\u00a0gr\u00e2ce \u00e0 ses 22 vitamines &amp; min\u00e9raux.<\/p>\n<p><strong class=\"product-text-style\">CONDITIONNEMENT<\/strong>\u00a0 boite de 30g, 200g &amp; 350g<\/p>","protected":false},"featured_media":26072,"template":"","meta":{"arc_restricted_post":false},"product_cat":[49,349],"product_tag":[],"_links":{"self":[{"href":"https:\/\/www.sopha-sahara.com\/en\/wp-json\/wp\/v2\/product\/26062"}],"collection":[{"href":"https:\/\/www.sopha-sahara.com\/en\/wp-json\/wp\/v2\/product"}],"about":[{"href":"https:\/\/www.sopha-sahara.com\/en\/wp-json\/wp\/v2\/types\/product"}],"wp:featuredmedia":[{"embeddable":true,"href":"https:\/\/www.sopha-sahara.com\/en\/wp-json\/wp\/v2\/media\/26072"}],"wp:attachment":[{"href":"https:\/\/www.sopha-sahara.com\/en\/wp-json\/wp\/v2\/media?parent=26062"}],"wp:term":[{"taxonomy":"product_cat","embeddable":true,"href":"https:\/\/www.sopha-sahara.com\/en\/wp-json\/wp\/v2\/product_cat?post=26062"},{"taxonomy":"product_tag","embeddable":true,"href":"https:\/\/www.sopha-sahara.com\/en\/wp-json\/wp\/v2\/product_tag?post=26062"}],"curies":[{"name":"wp","href":"https:\/\/api.w.org\/{rel}","templated":true}]}}