{"id":26061,"date":"2020-12-31T13:04:41","date_gmt":"2020-12-31T12:04:41","guid":{"rendered":"https:\/\/www.interbusinesschamber.com\/produit\/cereales-5-legumes\/"},"modified":"2021-01-06T08:47:03","modified_gmt":"2021-01-06T07:47:03","slug":"cereales-5-legumes","status":"publish","type":"product","link":"https:\/\/www.sopha-sahara.com\/en\/product\/cereales-5-legumes\/","title":{"rendered":"Cereales \u201c5 Legumes\u201d"},"content":{"rendered":"<div class=\"su-list su-list-style-\">\n<p><strong>Pr\u00e9paration :<\/strong><\/p>\n<ul>\n<li>Se laver les mains et celles de votre b\u00e9b\u00e9<\/li>\n<li>Utilisez des ustensiles propres<\/li>\n<li>Faire bouillir de l\u2019eau potable pendant 5 min<\/li>\n<li>Mesurez la quantit\u00e9 d\u2019eau et laissez refroidir<\/li>\n<li>Ajouter la quantit\u00e9 de c\u00e9r\u00e9ales dans le bol ou le biberon et m\u00e9langez pour obtenir une pr\u00e9paration homog\u00e8ne<\/li>\n<\/ul>\n<\/div>\n<div class=\"su-list su-list-style-\">\n<p><strong class=\"product-text-style\">CONSEILS D\u2019UTILISATION :<\/strong><\/p>\n<ul>\n<li>Bien renfermer l\u2019\u00e9tui apr\u00e8s chaque utilisation<\/li>\n<li>A consommer au plus tard 30 jours apr\u00e8s l\u2019ouverture du sachet<\/li>\n<\/ul>\n<\/div>\n<p><strong class=\"product-text-style\">RECOMMAND\u00c9 EN<\/strong>\u00a0: petit d\u00e9jeuner\/ d\u00e9jeuner\/ go\u00fbter\/ d\u00eener<\/p>\n<div class=\"su-list su-list-style-\">\n<p><strong class=\"product-text-style\">CONSEILS DE CONSERVATION :<\/strong><\/p>\n<ul>\n<li>Conserver dans un endroit frais et sec<\/li>\n<li>Ne pas entreposer directement au soleil<\/li>\n<\/ul>\n<\/div>","protected":false},"excerpt":{"rendered":"<p>Retrouvez tous les bienfaits des l\u00e9gumes dans cette recette \u00e0 d\u00e9guster, seule ou accompagn\u00e9e de viandes ou de poisson.<br \/>VITAMEAL Baby C\u00e9r\u00e9ales est une des seules pr\u00e9parations lact\u00e9es \u00e0 apporter de vraies r\u00e9ponses nutritionnelles \u00e0 votre b\u00e9b\u00e9 gr\u00e2ce \u00e0 ses 22 vitamines &amp; min\u00e9raux.<\/p>","protected":false},"featured_media":26070,"template":"","meta":{"arc_restricted_post":false},"product_cat":[49,349],"product_tag":[],"_links":{"self":[{"href":"https:\/\/www.sopha-sahara.com\/en\/wp-json\/wp\/v2\/product\/26061"}],"collection":[{"href":"https:\/\/www.sopha-sahara.com\/en\/wp-json\/wp\/v2\/product"}],"about":[{"href":"https:\/\/www.sopha-sahara.com\/en\/wp-json\/wp\/v2\/types\/product"}],"wp:featuredmedia":[{"embeddable":true,"href":"https:\/\/www.sopha-sahara.com\/en\/wp-json\/wp\/v2\/media\/26070"}],"wp:attachment":[{"href":"https:\/\/www.sopha-sahara.com\/en\/wp-json\/wp\/v2\/media?parent=26061"}],"wp:term":[{"taxonomy":"product_cat","embeddable":true,"href":"https:\/\/www.sopha-sahara.com\/en\/wp-json\/wp\/v2\/product_cat?post=26061"},{"taxonomy":"product_tag","embeddable":true,"href":"https:\/\/www.sopha-sahara.com\/en\/wp-json\/wp\/v2\/product_tag?post=26061"}],"curies":[{"name":"wp","href":"https:\/\/api.w.org\/{rel}","templated":true}]}}