{"id":26059,"date":"2020-12-31T13:04:40","date_gmt":"2020-12-31T12:04:40","guid":{"rendered":"https:\/\/www.interbusinesschamber.com\/produit\/cereales-riz-lait-carottes-vitameal-baby\/"},"modified":"2020-12-31T15:22:01","modified_gmt":"2020-12-31T14:22:01","slug":"cereales-riz-lait-carottes-vitameal-baby","status":"publish","type":"product","link":"https:\/\/www.sopha-sahara.com\/en\/product\/cereales-riz-lait-carottes-vitameal-baby\/","title":{"rendered":"Cereales \u201cRIZ LAIT CAROTTES\u201d VITAMEAL BABY"},"content":{"rendered":"<p><strong class=\"product-text-style\">PR\u00c9PARATION :<\/strong><\/p>\n<ul>\n<li>Se laver les mains et celles de votre b\u00e9b\u00e9<\/li>\n<li>Utilisez des ustensiles propres<\/li>\n<li>Faire bouillir de l\u2019eau potable pendant 5 min<\/li>\n<li>Mesurez la quantit\u00e9 d\u2019eau et laissez refroidir<\/li>\n<li>Ajouter la quantit\u00e9 de c\u00e9r\u00e9ales dans le bol ou le biberon et m\u00e9langez pour obtenir une pr\u00e9paration homog\u00e8ne<\/li>\n<\/ul>","protected":false},"excerpt":{"rendered":"<p>Un excellent repas\u00a0 SANS GLUTEN \u00a0pour les b\u00e9b\u00e9s, mais \u00e9galement pour les enfants et adultes, avec le bon go\u00fbt du riz et des carottes.<br \/>VITAMEAL Baby C\u00e9r\u00e9ales est une des seules pr\u00e9parations lact\u00e9es \u00e0 apporter de vraies r\u00e9ponses nutritionnelles \u00e0 votre b\u00e9b\u00e9 gr\u00e2ce \u00e0 ses 22 vitamines &amp; min\u00e9raux.<br \/><strong class=\"product-text-style\">CONDITIONNEMENT\u00a0<\/strong>: boite de 200g<\/p>","protected":false},"featured_media":26084,"template":"","meta":{"arc_restricted_post":false},"product_cat":[49,349],"product_tag":[],"_links":{"self":[{"href":"https:\/\/www.sopha-sahara.com\/en\/wp-json\/wp\/v2\/product\/26059"}],"collection":[{"href":"https:\/\/www.sopha-sahara.com\/en\/wp-json\/wp\/v2\/product"}],"about":[{"href":"https:\/\/www.sopha-sahara.com\/en\/wp-json\/wp\/v2\/types\/product"}],"wp:featuredmedia":[{"embeddable":true,"href":"https:\/\/www.sopha-sahara.com\/en\/wp-json\/wp\/v2\/media\/26084"}],"wp:attachment":[{"href":"https:\/\/www.sopha-sahara.com\/en\/wp-json\/wp\/v2\/media?parent=26059"}],"wp:term":[{"taxonomy":"product_cat","embeddable":true,"href":"https:\/\/www.sopha-sahara.com\/en\/wp-json\/wp\/v2\/product_cat?post=26059"},{"taxonomy":"product_tag","embeddable":true,"href":"https:\/\/www.sopha-sahara.com\/en\/wp-json\/wp\/v2\/product_tag?post=26059"}],"curies":[{"name":"wp","href":"https:\/\/api.w.org\/{rel}","templated":true}]}}