{"id":26058,"date":"2020-12-31T13:04:40","date_gmt":"2020-12-31T12:04:40","guid":{"rendered":"https:\/\/www.interbusinesschamber.com\/produit\/compote-cocktail-de-fruits-vitameal-baby\/"},"modified":"2020-12-31T14:43:57","modified_gmt":"2020-12-31T13:43:57","slug":"compote-cocktail-de-fruits-vitameal-baby","status":"publish","type":"product","link":"https:\/\/www.sopha-sahara.com\/en\/product\/compote-cocktail-de-fruits-vitameal-baby\/","title":{"rendered":"COMPOTE  COCKTAIL DE FRUITS VITAMEAL BABY"},"content":{"rendered":"<div class=\"su-list su-list-style-\"><strong class=\"product-text-style\">CONSEILS D\u2019UTILISATION :<\/strong>Utilisez une cuill\u00e8re propre, adapt\u00e9e \u00e0 la bouche du b\u00e9b\u00e9<br \/>Ne pas ajoutez de sucre<\/div>\n<div class=\"su-list su-list-style-\"><strong class=\"product-text-style\">CONSEILS DE CONSERVATION :<\/strong>Conserver dans un endroit frais et sec, loin des rayons du soleil direct.<br \/>Apr\u00e8s ouverture, conserver le pot maximum 48h au r\u00e9frig\u00e9rateur<\/div>","protected":false},"excerpt":{"rendered":"<p>Une compote aux fruits d\u2019\u00e9t\u00e9 pour \u00e9veiller en douceur les papilles de votre b\u00e9b\u00e9. Garantie sans conservateurs ou colorant, cette d\u00e9licieuse compote apporte les bienfaits nutritionnels qui aident au bon d\u00e9veloppement de votre b\u00e9b\u00e9.<br \/>Nos fruits sont soigneusement s\u00e9lectionn\u00e9s et pr\u00e9par\u00e9s pour le plaisir des touts petits.<\/p>\n<p><img loading=\"lazy\" class=\"alignnone wp-image-7392 lazyloaded\" src=\"https:\/\/vitamealbaby.com\/wp-content\/uploads\/2017\/04\/icon-2.png\" alt=\"\" width=\"39\" height=\"39\" data-src=\"https:\/\/vitamealbaby.com\/wp-content\/uploads\/2017\/04\/icon-2.png\" \/>Sans Gluten<br \/><strong class=\"product-text-style\">RECOMMAND\u00c9 EN :<\/strong>\u00a0Petit d\u00e9jeuner\/ Gouter \/ D\u00e9jeuner \/ d\u00eener<br \/><strong class=\"product-text-style\">DOSAGE RECOMMAND\u00c9 :<\/strong>\u00a0jusqu\u2019\u00e0 3 petits pots par jour<br \/><strong class=\"product-text-style\">CONDITIONNEMENT :<\/strong>\u00a02 pots de 100g<\/p>","protected":false},"featured_media":26080,"template":"","meta":{"arc_restricted_post":false},"product_cat":[49,349],"product_tag":[],"_links":{"self":[{"href":"https:\/\/www.sopha-sahara.com\/en\/wp-json\/wp\/v2\/product\/26058"}],"collection":[{"href":"https:\/\/www.sopha-sahara.com\/en\/wp-json\/wp\/v2\/product"}],"about":[{"href":"https:\/\/www.sopha-sahara.com\/en\/wp-json\/wp\/v2\/types\/product"}],"wp:featuredmedia":[{"embeddable":true,"href":"https:\/\/www.sopha-sahara.com\/en\/wp-json\/wp\/v2\/media\/26080"}],"wp:attachment":[{"href":"https:\/\/www.sopha-sahara.com\/en\/wp-json\/wp\/v2\/media?parent=26058"}],"wp:term":[{"taxonomy":"product_cat","embeddable":true,"href":"https:\/\/www.sopha-sahara.com\/en\/wp-json\/wp\/v2\/product_cat?post=26058"},{"taxonomy":"product_tag","embeddable":true,"href":"https:\/\/www.sopha-sahara.com\/en\/wp-json\/wp\/v2\/product_tag?post=26058"}],"curies":[{"name":"wp","href":"https:\/\/api.w.org\/{rel}","templated":true}]}}