{"id":26057,"date":"2020-12-31T13:04:40","date_gmt":"2020-12-31T12:04:40","guid":{"rendered":"https:\/\/www.interbusinesschamber.com\/produit\/compote-pomme-vanille-vitameal-baby\/"},"modified":"2020-12-31T14:45:33","modified_gmt":"2020-12-31T13:45:33","slug":"compote-pomme-vanille-vitameal-baby","status":"publish","type":"product","link":"https:\/\/www.sopha-sahara.com\/en\/product\/compote-pomme-vanille-vitameal-baby\/","title":{"rendered":"COMPOTE POMME VANILLE VITAMEAL BABY"},"content":{"rendered":"<div class=\"su-list su-list-style-\">\n<p><strong class=\"product-text-style\">CONSEILS D\u2019UTILISATION :\u00a0<\/strong>Utilisez une cuill\u00e8re propre, adapt\u00e9e \u00e0 la bouche du b\u00e9b\u00e9<br \/>Ne pas ajoutez de sucre<\/p>\n<\/div>\n<div class=\"su-list su-list-style-\">\n<p><strong class=\"product-text-style\">CONSEILS DE CONSERVATION :\u00a0<\/strong>Conserver dans un endroit frais et sec, loin des rayons du soleil direct.<br \/>Apr\u00e8s ouverture, conserver le pot maximum 48h au r\u00e9frig\u00e9rateur<\/p>\n<\/div>","protected":false},"excerpt":{"rendered":"<p>La pomme est le fruit de la diversification alimentaire par excellence: une saveur douce et sucr\u00e9e, une texture id\u00e9ale qui se pr\u00eate bien \u00e0 un mixage tr\u00e8s fin, avec un peu de vanille, une douceur assur\u00e9e pour votre b\u00e9b\u00e9 !<\/p>\n<p>Sans Gluten<br \/>Nos fruits sont soigneusement s\u00e9lectionn\u00e9s et pr\u00e9par\u00e9s pour le plaisir des touts petits.<br \/><strong class=\"product-text-style\">RECOMMAND\u00c9 EN :<\/strong>\u00a0Petit d\u00e9jeuner\/ Gouter \/ D\u00e9jeuner \/ d\u00eener<br \/><strong class=\"product-text-style\">DOSAGE RECOMMAND\u00c9 :<\/strong>\u00a0jusqu\u2019\u00e0 3 petits pots par jour<br \/><strong class=\"product-text-style\">CONDITIONNEMENT :<\/strong>\u00a02 pots de 100g<\/p>","protected":false},"featured_media":26081,"template":"","meta":{"arc_restricted_post":false},"product_cat":[49,349],"product_tag":[],"_links":{"self":[{"href":"https:\/\/www.sopha-sahara.com\/en\/wp-json\/wp\/v2\/product\/26057"}],"collection":[{"href":"https:\/\/www.sopha-sahara.com\/en\/wp-json\/wp\/v2\/product"}],"about":[{"href":"https:\/\/www.sopha-sahara.com\/en\/wp-json\/wp\/v2\/types\/product"}],"wp:featuredmedia":[{"embeddable":true,"href":"https:\/\/www.sopha-sahara.com\/en\/wp-json\/wp\/v2\/media\/26081"}],"wp:attachment":[{"href":"https:\/\/www.sopha-sahara.com\/en\/wp-json\/wp\/v2\/media?parent=26057"}],"wp:term":[{"taxonomy":"product_cat","embeddable":true,"href":"https:\/\/www.sopha-sahara.com\/en\/wp-json\/wp\/v2\/product_cat?post=26057"},{"taxonomy":"product_tag","embeddable":true,"href":"https:\/\/www.sopha-sahara.com\/en\/wp-json\/wp\/v2\/product_tag?post=26057"}],"curies":[{"name":"wp","href":"https:\/\/api.w.org\/{rel}","templated":true}]}}