{"id":26056,"date":"2020-12-31T13:04:40","date_gmt":"2020-12-31T12:04:40","guid":{"rendered":"https:\/\/www.interbusinesschamber.com\/produit\/petit-pot-riz-et-colin\/"},"modified":"2020-12-31T15:22:26","modified_gmt":"2020-12-31T14:22:26","slug":"petit-pot-riz-et-colin","status":"publish","type":"product","link":"https:\/\/www.sopha-sahara.com\/en\/product\/petit-pot-riz-et-colin\/","title":{"rendered":"Petit Pot RIZ et COLIN"},"content":{"rendered":"<div class=\"fusion-text\">\n<div class=\"su-list su-list-style-\"><strong class=\"product-text-style\">CONSEILS D\u2019UTILISATION :<\/strong>\u00a0A l\u2019ouverture, le \u00abPOP\u00bb est votre garantie<br \/>Utilisez une cuill\u00e8re propre, adapt\u00e9e \u00e0 la bouche du b\u00e9b\u00e9<br \/>Repas pouvant \u00eatre servi chaud ou \u00e0 temp\u00e9rature ambiante<br \/>R\u00e9chauffez au micro-ondes ou au bain-marie<br \/>V\u00e9rifiez la temp\u00e9rature avant de servir au b\u00e9b\u00e9<br \/>N\u2019ajoutez pas de sel<\/div>\n<div>\u00a0<\/div>\n<div class=\"su-list su-list-style-\"><strong class=\"product-text-style\">CONSEILS DE CONSERVATION :<\/strong>\u00a0Conserver dans un endroit frais et sec, loin des rayons du soleil direct.<br \/>Apr\u00e8s ouverture, conserver le pot maximum 48h au r\u00e9frig\u00e9rateur<\/div>\n<\/div>","protected":false},"excerpt":{"rendered":"<p>A partir du 6\u00e8me mois, la diversification alimentaire continue. Vous allez d\u00e9sormais pouvoir proposer \u00e0 votre b\u00e9b\u00e9, au repas du midi, du poisson blanc comme le colin riche en om\u00e9ga 3 et en prot\u00e9ines, ainsi que du riz pour un repas complet savoureux.<br \/>Nos mati\u00e8res premi\u00e8res sont s\u00e9lectionn\u00e9es avec le plus grand soin pour nourrir votre b\u00e9b\u00e9 et l\u2019aider \u00e0 bien grandir.<br \/><img loading=\"lazy\" class=\"alignnone wp-image-7358 lazyloaded\" src=\"https:\/\/vitamealbaby.com\/wp-content\/uploads\/2017\/04\/icon.png\" alt=\"\" width=\"29\" height=\"29\" data-src=\"https:\/\/vitamealbaby.com\/wp-content\/uploads\/2017\/04\/icon.png\" \/>Sans sel ajout\u00e9,\u00a0<img loading=\"lazy\" class=\"alignnone wp-image-7358 lazyloaded\" src=\"https:\/\/vitamealbaby.com\/wp-content\/uploads\/2017\/04\/icon.png\" alt=\"\" width=\"29\" height=\"29\" data-src=\"https:\/\/vitamealbaby.com\/wp-content\/uploads\/2017\/04\/icon.png\" \/>sans conservateur,\u00a0<img loading=\"lazy\" class=\"alignnone wp-image-7358 lazyloaded\" src=\"https:\/\/vitamealbaby.com\/wp-content\/uploads\/2017\/04\/icon.png\" alt=\"\" width=\"29\" height=\"29\" data-src=\"https:\/\/vitamealbaby.com\/wp-content\/uploads\/2017\/04\/icon.png\" \/>sans gluten\u00a0<img loading=\"lazy\" class=\"alignnone wp-image-7358 lazyloaded\" src=\"https:\/\/vitamealbaby.com\/wp-content\/uploads\/2017\/04\/icon.png\" alt=\"\" width=\"29\" height=\"29\" data-src=\"https:\/\/vitamealbaby.com\/wp-content\/uploads\/2017\/04\/icon.png\" \/>\u00a0sans morceaux !<br \/><strong class=\"product-text-style\">RECOMMAND\u00c9 EN :<\/strong>\u00a0d\u00e9jeuner\/d\u00eener<br \/><strong class=\"product-text-style\">CONDITIONNEMENT :<\/strong>\u00a0pot de 200g<\/p>","protected":false},"featured_media":26082,"template":"","meta":{"arc_restricted_post":false},"product_cat":[49,349],"product_tag":[],"_links":{"self":[{"href":"https:\/\/www.sopha-sahara.com\/en\/wp-json\/wp\/v2\/product\/26056"}],"collection":[{"href":"https:\/\/www.sopha-sahara.com\/en\/wp-json\/wp\/v2\/product"}],"about":[{"href":"https:\/\/www.sopha-sahara.com\/en\/wp-json\/wp\/v2\/types\/product"}],"wp:featuredmedia":[{"embeddable":true,"href":"https:\/\/www.sopha-sahara.com\/en\/wp-json\/wp\/v2\/media\/26082"}],"wp:attachment":[{"href":"https:\/\/www.sopha-sahara.com\/en\/wp-json\/wp\/v2\/media?parent=26056"}],"wp:term":[{"taxonomy":"product_cat","embeddable":true,"href":"https:\/\/www.sopha-sahara.com\/en\/wp-json\/wp\/v2\/product_cat?post=26056"},{"taxonomy":"product_tag","embeddable":true,"href":"https:\/\/www.sopha-sahara.com\/en\/wp-json\/wp\/v2\/product_tag?post=26056"}],"curies":[{"name":"wp","href":"https:\/\/api.w.org\/{rel}","templated":true}]}}