{"id":26051,"date":"2020-12-31T13:04:39","date_gmt":"2020-12-31T12:04:39","guid":{"rendered":"https:\/\/www.interbusinesschamber.com\/produit\/petit-pot-pomme-banane-vitameal-baby\/"},"modified":"2020-12-31T15:25:01","modified_gmt":"2020-12-31T14:25:01","slug":"petit-pot-pomme-banane-vitameal-baby","status":"publish","type":"product","link":"https:\/\/www.sopha-sahara.com\/en\/product\/petit-pot-pomme-banane-vitameal-baby\/","title":{"rendered":"PETIT POT POMME BANANE VITAMEAL BABY"},"content":{"rendered":"<div class=\"su-list su-list-style-\"><strong class=\"product-text-style\">CONSEILS D\u2019UTILISATION :\u00a0<\/strong>\u00a0 A l\u2019ouverture, le \u00abPOP\u00bb est votre garantie<br \/>Utilisez une cuill\u00e8re propre, adapt\u00e9e \u00e0 la bouche du b\u00e9b\u00e9<br \/>Ne pas ajoutez de sucre<\/div>\n<div>\u00a0<\/div>\n<div class=\"su-list su-list-style-\"><strong class=\"product-text-style\">CONSEILS DE CONSERVATION :<\/strong>\u00a0Conserver dans un endroit frais et sec, loin des rayons du soleil direct.<br \/>Apr\u00e8s ouverture, conserver le pot maximum 48h au r\u00e9frig\u00e9rateur<\/div>","protected":false},"excerpt":{"rendered":"<p>Pour faire d\u00e9couvrir les saveurs sucr\u00e9es en douceur \u00e0 votre b\u00e9b\u00e9, rien de plus d\u00e9licieux qu\u2019un petit pot pomme-banane.<br \/>Nos fruits sont soigneusement s\u00e9lectionn\u00e9s et pr\u00e9par\u00e9s pour le plaisir des touts petits.<\/p>\n<p><img loading=\"lazy\" class=\"alignnone wp-image-7366 lazyloaded\" src=\"https:\/\/vitamealbaby.com\/wp-content\/uploads\/2017\/07\/icon-gluten.png\" sizes=\"(max-width: 35px) 100vw, 35px\" srcset=\"https:\/\/vitamealbaby.com\/wp-content\/uploads\/2017\/07\/icon-gluten-66x66.png 66w, https:\/\/vitamealbaby.com\/wp-content\/uploads\/2017\/07\/icon-gluten.png 100w\" alt=\"icon-gluten\" width=\"35\" height=\"35\" data-src=\"https:\/\/vitamealbaby.com\/wp-content\/uploads\/2017\/07\/icon-gluten.png\" data-srcset=\"https:\/\/vitamealbaby.com\/wp-content\/uploads\/2017\/07\/icon-gluten-66x66.png 66w, https:\/\/vitamealbaby.com\/wp-content\/uploads\/2017\/07\/icon-gluten.png 100w\" data-sizes=\"(max-width: 35px) 100vw, 35px\" \/>\u00a0Sans Gluten<br \/><strong class=\"product-text-style\">RECOMMAND\u00c9 EN :<\/strong>\u00a0 Petit d\u00e9jeuner\/ Gouter \/ D\u00e9jeuner \/ d\u00eener<br \/><strong class=\"product-text-style\">DOSAGE RECOMMAND\u00c9 :\u00a0<\/strong>\u00a0Jusqu\u2019\u00e0 3 petits pots par jour<br \/><strong>Conditionnement :<\/strong>\u00a0pot de 130g<\/p>","protected":false},"featured_media":26091,"template":"","meta":{"arc_restricted_post":false},"product_cat":[49,349],"product_tag":[],"_links":{"self":[{"href":"https:\/\/www.sopha-sahara.com\/en\/wp-json\/wp\/v2\/product\/26051"}],"collection":[{"href":"https:\/\/www.sopha-sahara.com\/en\/wp-json\/wp\/v2\/product"}],"about":[{"href":"https:\/\/www.sopha-sahara.com\/en\/wp-json\/wp\/v2\/types\/product"}],"wp:featuredmedia":[{"embeddable":true,"href":"https:\/\/www.sopha-sahara.com\/en\/wp-json\/wp\/v2\/media\/26091"}],"wp:attachment":[{"href":"https:\/\/www.sopha-sahara.com\/en\/wp-json\/wp\/v2\/media?parent=26051"}],"wp:term":[{"taxonomy":"product_cat","embeddable":true,"href":"https:\/\/www.sopha-sahara.com\/en\/wp-json\/wp\/v2\/product_cat?post=26051"},{"taxonomy":"product_tag","embeddable":true,"href":"https:\/\/www.sopha-sahara.com\/en\/wp-json\/wp\/v2\/product_tag?post=26051"}],"curies":[{"name":"wp","href":"https:\/\/api.w.org\/{rel}","templated":true}]}}