{"id":25156,"date":"2020-12-24T10:19:49","date_gmt":"2020-12-24T09:19:49","guid":{"rendered":"https:\/\/www.interbusinesschamber.com\/produit\/genestin-gel-intimo-30ml\/"},"modified":"2020-12-25T14:27:04","modified_gmt":"2020-12-25T13:27:04","slug":"genestin-gel-intimo-30ml","status":"publish","type":"product","link":"https:\/\/www.sopha-sahara.com\/en\/product\/genestin-gel-intimo-30ml\/","title":{"rendered":"Genestin &#8211; Gel Intimo 30ml"},"content":{"rendered":"<p><strong>PHARMALIFE RESEARCH GENESTIN - GEL INTIMO<\/strong><br \/>Utile en cas de probl\u00e8mes articulaires<\/p>\n<p>GENESTIN GEL INTIME exerce une hydratation continue et durable de la muqueuse vaginale, il contient des extraits v\u00e9g\u00e9taux exer\u00e7ant une action antiseptique, \u00e9molliente et rafra\u00eechissante qui soulage les \u00e9tats irritatifs et douloureux tout en procurant une sensation de fra\u00eecheur. GENESTIN GEL INTIME aide \u00e0 lutter contre la s\u00e9cheresse vaginale et favorise une action restitutive et normalisatrice.<\/p>\n<p>RECOMMENDATION: Appliquer la quantit\u00e9 n\u00e9cessaire de gel.<\/p>\n<p>INGR\u00c9DIENTS: densis gel, xanthan gum, laureth-9, tocopheryl acetate, bisabolol, glycyrrethinic acid, allantoin, fagus sylvatica extract, lythrum salicaria extract, helycrisum italicum extract, lactic acid, retinyl acetate, parfum, amyl cinnamal, hydroxycitronellal, geraniol, linalool, citronellol, benzyl benzoate, hexylcinnamal, limonene, phenoxyethanol, methylparaben, butylparaben, ethylparaben, propylparaben, sodium acrylates copolymer, paraffinum liquidum, ppg-1 trideceth- 6.<\/p>\n<p>CONTENU NET: 30ml<\/p>\n<p>STOCKAGE: Garder dans un endroit frais et sec.<\/p>","protected":false},"excerpt":{"rendered":"<p>Pharmalife Research Genestin &#8211; Gel Intimo 30ml. GENESTIN GEL INTIME exerce une hydratation continue et durable de la muqueuse vaginale, il contient des extraits v\u00e9g\u00e9taux exer\u00e7ant une action antiseptique, \u00e9molliente et rafra\u00eechissante qui soulage les \u00e9tats irritatifs et douloureux tout en procurant une sensation de fra\u00eecheur.<\/p>","protected":false},"featured_media":25287,"template":"","meta":{"arc_restricted_post":false},"product_cat":[49,347],"product_tag":[],"_links":{"self":[{"href":"https:\/\/www.sopha-sahara.com\/en\/wp-json\/wp\/v2\/product\/25156"}],"collection":[{"href":"https:\/\/www.sopha-sahara.com\/en\/wp-json\/wp\/v2\/product"}],"about":[{"href":"https:\/\/www.sopha-sahara.com\/en\/wp-json\/wp\/v2\/types\/product"}],"wp:featuredmedia":[{"embeddable":true,"href":"https:\/\/www.sopha-sahara.com\/en\/wp-json\/wp\/v2\/media\/25287"}],"wp:attachment":[{"href":"https:\/\/www.sopha-sahara.com\/en\/wp-json\/wp\/v2\/media?parent=25156"}],"wp:term":[{"taxonomy":"product_cat","embeddable":true,"href":"https:\/\/www.sopha-sahara.com\/en\/wp-json\/wp\/v2\/product_cat?post=25156"},{"taxonomy":"product_tag","embeddable":true,"href":"https:\/\/www.sopha-sahara.com\/en\/wp-json\/wp\/v2\/product_tag?post=25156"}],"curies":[{"name":"wp","href":"https:\/\/api.w.org\/{rel}","templated":true}]}}