{"id":25153,"date":"2020-12-24T10:19:47","date_gmt":"2020-12-24T09:19:47","guid":{"rendered":"https:\/\/www.interbusinesschamber.com\/produit\/aspersina-lait-demaquillant-200ml\/"},"modified":"2020-12-25T11:58:24","modified_gmt":"2020-12-25T10:58:24","slug":"aspersina-lait-demaquillant-200ml","status":"publish","type":"product","link":"https:\/\/www.sopha-sahara.com\/en\/product\/aspersina-lait-demaquillant-200ml\/","title":{"rendered":"Aspersina &#8211; Lait D\u00e9maquillant 200ml"},"content":{"rendered":"<div><strong>PHARMALIFE ASPERSINA - LAIT D\u00c9MAQUILLANT<br \/><\/strong><\/div>\n<div>\n<p>Hydratante, lenitif, d\u00e9toxifiant pour le visage et les yeux\u00a0bas\u00e9 sur la bave d'escargot<\/p>\n<p>ASPERSINA\u00a0LAIT D\u00c9MAQUILLANT apaisant, d\u00e9maquillant, hydratant d\u00e9toxifiant est formul\u00e9 pour nettoyer en douceur la peau en enlevant toutes traces d'impuret\u00e9s et pour donner 24 heures d'hydratation.<\/p>\n<p>CONTENU NET: 200ml<\/p>\n<p>STOCKAGE: Garder dans un endroit frais et sec.<\/p><\/div>","protected":false},"excerpt":{"rendered":"<p>Pharmalife Aspersina &#8211; Latte Detergente 200ml. ASPERSINA LAIT D\u00c9MAQUILLANT apaisant, d\u00e9maquillant, hydratant d\u00e9toxifiant est formul\u00e9 pour nettoyer en douceur la peau en enlevant toutes traces d&rsquo;impuret\u00e9s et pour donner 24 heures d&rsquo;hydratation.<\/p>","protected":false},"featured_media":25207,"template":"","meta":{"arc_restricted_post":false},"product_cat":[49,347],"product_tag":[],"_links":{"self":[{"href":"https:\/\/www.sopha-sahara.com\/en\/wp-json\/wp\/v2\/product\/25153"}],"collection":[{"href":"https:\/\/www.sopha-sahara.com\/en\/wp-json\/wp\/v2\/product"}],"about":[{"href":"https:\/\/www.sopha-sahara.com\/en\/wp-json\/wp\/v2\/types\/product"}],"wp:featuredmedia":[{"embeddable":true,"href":"https:\/\/www.sopha-sahara.com\/en\/wp-json\/wp\/v2\/media\/25207"}],"wp:attachment":[{"href":"https:\/\/www.sopha-sahara.com\/en\/wp-json\/wp\/v2\/media?parent=25153"}],"wp:term":[{"taxonomy":"product_cat","embeddable":true,"href":"https:\/\/www.sopha-sahara.com\/en\/wp-json\/wp\/v2\/product_cat?post=25153"},{"taxonomy":"product_tag","embeddable":true,"href":"https:\/\/www.sopha-sahara.com\/en\/wp-json\/wp\/v2\/product_tag?post=25153"}],"curies":[{"name":"wp","href":"https:\/\/api.w.org\/{rel}","templated":true}]}}