{"id":25152,"date":"2020-12-24T10:19:46","date_gmt":"2020-12-24T09:19:46","guid":{"rendered":"https:\/\/www.interbusinesschamber.com\/produit\/helix-med-pediatric-200ml\/"},"modified":"2020-12-25T14:35:57","modified_gmt":"2020-12-25T13:35:57","slug":"helix-med-pediatric-200ml","status":"publish","type":"product","link":"https:\/\/www.sopha-sahara.com\/en\/product\/helix-med-pediatric-200ml\/","title":{"rendered":"Helix Med Pediatric 200ml"},"content":{"rendered":"<div><strong>PHARMALIFE HELIX MED PEDIATRIC<br \/><\/strong><\/div>\n<div>Dispositif m\u00e9dical<\/p>\n<p>Helix Med p\u00e9diatrique Pharmalife Research Syrup est un dispositif m\u00e9dical innovant sp\u00e9cifiquement pour les enfants.<\/p>\n<p>Bas\u00e9 sur Snail Slime, il est id\u00e9al pour le traitement de la toux s\u00e8che et grasse, facilitant l'\u00e9limination des mucosit\u00e9s et des mucosit\u00e9s.<br \/>Helix\u00ae Med Pediatric est un dispositif m\u00e9dical de Classe I indiqu\u00e9 pour la toux s\u00e8che et grasse, en particulier celle qui accompagne les infections des voies a\u00e9riennes sup\u00e9rieures.<br \/>Helix\u00ae Med P\u00e9diatrique agit par action m\u00e9canique sur la muqueuse irrit\u00e9e \u00e0 travers trois m\u00e9canismes:<\/div>\n<div>\u00a0<\/div>\n<div>\n<ul>\n<li>Favorise l'hydratation du mucus facilitant son \u00e9limination.<\/li>\n<li>Forme un mucus adh\u00e9sif \u00abfilm\u00bb qui prot\u00e8ge la muqueuse du contact avec les irritants externes.<\/li>\n<li>Le miel millefiori et l'ar\u00f4me de cheesecake donnent au produit un go\u00fbt particuli\u00e8rement appr\u00e9ci\u00e9 des enfants.<\/li>\n<\/ul>\n<p>Helix\u00ae Med Pediatric est un dispositif m\u00e9dical de classe I qui, gr\u00e2ce \u00e0 la synergie de ses ingr\u00e9dients avec le mucus adh\u00e9sif et l'activit\u00e9 filmog\u00e8ne, s'av\u00e8re \u00eatre un adjuvant sp\u00e9cifique valable dans le cas de la toux s\u00e8che, grasse et productive.<\/p>\n<p>La formule p\u00e9diatrique Helix\u00ae Med r\u00e9alise les activit\u00e9s suivantes:<\/p><\/div>\n<div>\u00a0<\/div>\n<div>\n<ul>\n<li>Il calme la toux et r\u00e9duit le mucus gr\u00e2ce \u00e0 la formation d'un film protecteur avec un \u00abeffet barri\u00e8re\u00bb qui prot\u00e8ge la muqueuse des voies respiratoires, favorise l'hydratation et favorise l'expulsion du mucus.<\/li>\n<li>Il prot\u00e8ge la muqueuse des voies respiratoires gr\u00e2ce aux propri\u00e9t\u00e9s adh\u00e9sives des muqueuses de ses ingr\u00e9dients, en particulier le mucus de Helix Aspersa, capable de former une barri\u00e8re muco-adh\u00e9sive, hydratante et protectrice limitant le contact avec les agents ext\u00e9rieurs, notamment dans les situations o\u00f9 il est plus expos\u00e9 \u00e0 des conditions environnementales agressives pour la gorge, favorisant ainsi la restauration des conditions physiologiques.<\/li>\n<\/ul>\n<\/div>\n<div>COMMENT UTILISER:<\/div>\n<div>De 1 \u00e0 3 ans: 5 ml jusqu'\u00e0 2-3 fois par jour, loin des repas.<br \/>De 3 \u00e0 6 ans: 10 ml jusqu'\u00e0 2-3 fois par jour, \u00e0 l'\u00e9cart des repas.<br \/>De 6 \u00e0 12 ans: 10 ml jusqu'\u00e0 3-4 fois par jour, \u00e0 l'\u00e9cart des repas.<br \/>Plus de 12 ans: 15 ml jusqu'\u00e0 2-3 fois par jour, loin des repas.<\/div>\n<div>\u00a0<\/div>\n<div>La suspension orale p\u00e9diatrique Helix Med\u00ae peut \u00eatre prise telle quelle ou dilu\u00e9e dans une petite quantit\u00e9 de liquide ti\u00e8de (eau, lait, th\u00e9 ou infusions ...).<\/p>\n<p>INGR\u00c9DIENTS: Eau d\u00e9min\u00e9ralis\u00e9e, fructose, miel millefiori, extrait sec de fleurs de tilleul (Tilia platyphyllos ou Tilia cordata, maltodextrine), extrait de mucus d'escargot (Helix Aspersa), extrait sec de fleurs a\u00een\u00e9es (Sambucus nigra, maltodextrine), extrait hydroglyc\u00e9rique de Grindelia sommit\u00e9s fleuries (Grindelia robusta), extrait hydroglyc\u00e9rique de feuilles de plantain (Plantago major), gamma-cyclodextrine, acidifiant: acide citrique E330; gomme arabique, conservateurs: sorbate de potassium E202, benzoate de sodium E211; cheesecake aromatis\u00e9, betterave rouge E162, huile essentielle de feuilles d'eucalyptus (Eucalyptus globulus), huile essentielle de feuilles de pin (Pinus sylvestris).<\/p>\n<p>CONTENU NET: 200ml<\/p>\n<\/div>\n<div>STOCKAGE: garder dans un endroit frais et sec.<\/div>","protected":false},"excerpt":{"rendered":"<p>Pharmalife Helix Med Pediatric 200ml. Helix Med p\u00e9diatrique Pharmalife Research Syrup est un dispositif m\u00e9dical innovant sp\u00e9cifiquement pour les enfants.<\/p>","protected":false},"featured_media":25299,"template":"","meta":{"arc_restricted_post":false},"product_cat":[49,347],"product_tag":[],"_links":{"self":[{"href":"https:\/\/www.sopha-sahara.com\/en\/wp-json\/wp\/v2\/product\/25152"}],"collection":[{"href":"https:\/\/www.sopha-sahara.com\/en\/wp-json\/wp\/v2\/product"}],"about":[{"href":"https:\/\/www.sopha-sahara.com\/en\/wp-json\/wp\/v2\/types\/product"}],"wp:featuredmedia":[{"embeddable":true,"href":"https:\/\/www.sopha-sahara.com\/en\/wp-json\/wp\/v2\/media\/25299"}],"wp:attachment":[{"href":"https:\/\/www.sopha-sahara.com\/en\/wp-json\/wp\/v2\/media?parent=25152"}],"wp:term":[{"taxonomy":"product_cat","embeddable":true,"href":"https:\/\/www.sopha-sahara.com\/en\/wp-json\/wp\/v2\/product_cat?post=25152"},{"taxonomy":"product_tag","embeddable":true,"href":"https:\/\/www.sopha-sahara.com\/en\/wp-json\/wp\/v2\/product_tag?post=25152"}],"curies":[{"name":"wp","href":"https:\/\/api.w.org\/{rel}","templated":true}]}}