{"id":25148,"date":"2020-12-24T10:19:43","date_gmt":"2020-12-24T09:19:43","guid":{"rendered":"https:\/\/www.interbusinesschamber.com\/produit\/claimax-gel-intimo-50ml\/"},"modified":"2020-12-25T12:39:40","modified_gmt":"2020-12-25T11:39:40","slug":"claimax-gel-intimo-50ml","status":"publish","type":"product","link":"https:\/\/www.sopha-sahara.com\/en\/product\/claimax-gel-intimo-50ml\/","title":{"rendered":"Claimax Gel Intimo 50ml"},"content":{"rendered":"<div><strong>PHARMALIFE RESEARCH CLAIMAX GEL INTIMO<br \/><\/strong><\/div>\n<div>Protectur - Hydratant - Humectant<\/p>\n<p>Claimax Gel Plaisir est un gel protecteur, hydratant et humectant et des parties intimes.\u00a0Claimax Gel Plaisir est inodore et non toxique, m\u00eame en cas de contact avec le partner.<\/p>\n<p>RECOMMENDATION: appliquer une petite quantit\u00e9 de gel 5 \u00e0 10 minutes avant le rapport. L\u2019effet stimulant de Claimax gel plaisir est ressenti apr\u00e8s quelques minutes.<\/p>\n<p>INGR\u00c9DIENTS: Eau, Glycol, Glyc\u00e9rine, Cellulose hydrom\u00e9thyle, Aloe Vera, Extrait glycolique de soja, Extrait glycolique de Ginkgo Biloba, Miel, Chlorhydrate d\u2019Arginine, Methyl nicotinate.<\/p>\n<p>CONTENU NET: 50ml<\/p>\n<p>STOCKAGE: Garder dans un endroit frais et sec.<\/p><\/div>","protected":false},"excerpt":{"rendered":"<p>Pharmalife Research Claimax Gel Intimo 50ml. Claimax Gel Plaisir est un gel protecteur, hydratant et humectant et des parties intimes. Claimax Gel Plaisir est inodore et non toxique, m\u00eame en cas de contact avec le partner<\/p>","protected":false},"featured_media":25248,"template":"","meta":{"arc_restricted_post":false},"product_cat":[49,347],"product_tag":[],"_links":{"self":[{"href":"https:\/\/www.sopha-sahara.com\/en\/wp-json\/wp\/v2\/product\/25148"}],"collection":[{"href":"https:\/\/www.sopha-sahara.com\/en\/wp-json\/wp\/v2\/product"}],"about":[{"href":"https:\/\/www.sopha-sahara.com\/en\/wp-json\/wp\/v2\/types\/product"}],"wp:featuredmedia":[{"embeddable":true,"href":"https:\/\/www.sopha-sahara.com\/en\/wp-json\/wp\/v2\/media\/25248"}],"wp:attachment":[{"href":"https:\/\/www.sopha-sahara.com\/en\/wp-json\/wp\/v2\/media?parent=25148"}],"wp:term":[{"taxonomy":"product_cat","embeddable":true,"href":"https:\/\/www.sopha-sahara.com\/en\/wp-json\/wp\/v2\/product_cat?post=25148"},{"taxonomy":"product_tag","embeddable":true,"href":"https:\/\/www.sopha-sahara.com\/en\/wp-json\/wp\/v2\/product_tag?post=25148"}],"curies":[{"name":"wp","href":"https:\/\/api.w.org\/{rel}","templated":true}]}}