{"id":25147,"date":"2020-12-24T10:19:42","date_gmt":"2020-12-24T09:19:42","guid":{"rendered":"https:\/\/www.interbusinesschamber.com\/produit\/oxantin-addome-light-60-comprimes\/"},"modified":"2020-12-25T15:19:51","modified_gmt":"2020-12-25T14:19:51","slug":"oxantin-addome-light-60-comprimes","status":"publish","type":"product","link":"https:\/\/www.sopha-sahara.com\/en\/product\/oxantin-addome-light-60-comprimes\/","title":{"rendered":"Oxantin Addome Light 60 comprim\u00e9s"},"content":{"rendered":"<div class=\"prodsch_txt\">\n<div>\n<div><strong>PHARMALIFE RESEARCH OXANTIN ADDOME LIGHT<br \/><\/strong>Compl\u00e9ment alimentaire<\/p>\n<p>Oxantin est un compl\u00e9ment alimentaire \u00e0 base d'extraits de plantes connus pour leur action b\u00e9n\u00e9fique dans la lutte contre les gonflements et les tensions abdominales.<\/p>\n<p>CONTENU NET 51 grammes<\/p>\n<p>STOCKAGE: Garder dans un endroit frais et sec.<\/p><\/div>\n<div>\u00a0<\/p>\n<div>\n<h4 class=\"tabnut_tit\">INFORMATION NUTRITIONNELLE<\/h4>\n<div class=\"tabnut_table\">\n<table class=\"iaftable iaftable_temp\" cellspacing=\"0\" align=\"center\">\n<tbody>\n<tr>\n<td class=\"tabnut_medsep-top\">\n<div>\n<div>\n<div>\n<p><strong>Analyse moyenne<\/strong><\/p>\n<\/div>\n<\/div>\n<\/div>\n<\/td>\n<td class=\"tabnut_medsep-top\"><strong>Par 100g<\/strong><\/td>\n<td class=\"tabnut_medsep-top\"><strong><span id=\"result_box\" class=\"short_text\" lang=\"fr\">Par dose quotidienne (2 comprim\u00e9s)<\/span><\/strong><\/td>\n<\/tr>\n<tr>\n<td class=\"tabnut_medsep-btm\"><span id=\"result_box\" class=\"short_text\" lang=\"fr\">Valeur \u00e9nerg\u00e9tique<\/span><\/td>\n<td class=\"tabnut_medsep-btm\">175,2Kcal \/ 743,6KJ<\/td>\n<td class=\"tabnut_medsep-btm\">8,93Kcal \/ 37,9KJ<\/td>\n<\/tr>\n<tr>\n<td>P<span id=\"result_box\" class=\"short_text\" lang=\"fr\">rot\u00e9ines<\/span><\/td>\n<td>\n<div>7g<\/div>\n<\/td>\n<td>\n<div>0,35g<\/div>\n<\/td>\n<\/tr>\n<tr>\n<td>G<span id=\"result_box\" class=\"short_text\" lang=\"fr\">lucides<\/span><\/td>\n<td>\n<div>35g<\/div>\n<\/td>\n<td>\n<div>1,78g<\/div>\n<\/td>\n<\/tr>\n<tr>\n<td>L<span id=\"result_box\" class=\"short_text\" lang=\"fr\">ipides<\/span><\/td>\n<td>\n<div>0,8g<\/div>\n<\/td>\n<td>\n<div>0,04g<\/div>\n<\/td>\n<\/tr>\n<tr>\n<td>F<span id=\"result_box\" class=\"short_text\" lang=\"fr\"><span class=\"hps alt-edited\">ibres alimentaires<\/span><br \/>dont soluble<\/span><\/td>\n<td>\n<div>38g<\/div>\n<div>12g<\/div>\n<\/td>\n<td>\n<div>1,94g<\/div>\n<div>0,6g<\/div>\n<\/td>\n<\/tr>\n<tr>\n<td><span id=\"result_box\" class=\"short_text\" lang=\"fr\">Undaria poudre de thalle pinnatifida<\/span><\/td>\n<td>\n<div>29,41g<\/div>\n<\/td>\n<td>\n<div>1,5g<\/div>\n<\/td>\n<\/tr>\n<tr>\n<td>Io<span id=\"result_box\" class=\"short_text\" lang=\"fr\">de<\/span><\/td>\n<td>\n<div>4412mcg<\/div>\n<\/td>\n<td>\n<div>225mcg<\/div>\n<\/td>\n<\/tr>\n<tr>\n<td><span id=\"result_box\" class=\"short_text\" lang=\"fr\">Racine de rhubarbe e.s.<\/span><\/td>\n<td>\n<div>23,53g<\/div>\n<\/td>\n<td>\n<div>1,2g<\/div>\n<\/td>\n<\/tr>\n<tr>\n<td><span id=\"result_box\" class=\"short_text\" lang=\"fr\"><span class=\"hps alt-edited\">Racine de pissenlit<\/span>\u00a0e.s.<\/span><\/td>\n<td>\n<div>11,8g<\/div>\n<\/td>\n<td>\n<div>0,6g<\/div>\n<\/td>\n<\/tr>\n<tr>\n<td>I<span id=\"result_box\" class=\"short_text\" lang=\"fr\">nuline<\/span><\/td>\n<td>\n<div>0,47g<\/div>\n<\/td>\n<td>\n<div>0,024g<\/div>\n<\/td>\n<\/tr>\n<tr>\n<td><span id=\"result_box\" class=\"short_text\" lang=\"fr\">Queue de cerise e.s.<\/span><\/td>\n<td>\n<div>9,4g<\/div>\n<\/td>\n<td>\n<div>0,48g<\/div>\n<\/td>\n<\/tr>\n<tr>\n<td class=\"tabnut_medsep-top\"><span id=\"result_box\" class=\"short_text\" lang=\"fr\">Fructo-oligosaccharides<\/span><\/td>\n<td class=\"tabnut_medsep-top\">11,8g<\/td>\n<td class=\"tabnut_medsep-top\">0,6g<\/td>\n<\/tr>\n<tr>\n<td class=\"tabnut_medsep-btm\" colspan=\"3\"><strong>I<span id=\"result_box\" class=\"short_text\" lang=\"fr\">ngr\u00e9dients<\/span>:\u00a0<\/strong>Pissenlit: extrait sec titr\u00e9 \u00e0 2% en inuline, Rhubarbe: extrait sec titr\u00e9 \u00e0 5% en rh\u00e9ine, Cerise: p\u00e9doncules extrait sec, FOS (fructo oligosaccharides), Undaria Pinnatifida (Wakam\u00e9).<\/td>\n<\/tr>\n<\/tbody>\n<\/table>\n<\/div>\n<\/div>\n<p>&nbsp;<\/p>\n<\/div>\n<div>\n<div>\u00a0<\/div>\n<\/div>\n<\/div>\n<\/div>\n<div class=\"prodsch_avvert\">D\u00e9conseill\u00e9 aux enfants de moins de 12 ans, aux femmes enceintes et allaitantes.<br \/>Un usage prolong\u00e9 est d\u00e9conseill\u00e9.<\/p>\n<div>Lisez attentivement l\u2019\u00e9tiquette et les informations concernant le produit ainsi que le mode d\u2019emploi.<br \/>Ne pas d\u00e9passer la dose journali\u00e8re indiqu\u00e9e.<br \/>Tenir hors de port\u00e9e des jeunes enfants.<br \/>Les compl\u00e9ments alimentaires ne soient utilis\u00e9s comme substituts d'un r\u00e9gime alimentaire vari\u00e9.<\/div>\n<div>IAF network vous rappelled l\u2019importance d\u2019une alimentation vari\u00e9e et \u00e9quilibr\u00e9e et \u00e0 un mode de vie sain.<\/div>\n<\/div>","protected":false},"excerpt":{"rendered":"<p class=\"productabstract\">Pharmalife Research Oxantin Addome Light 60 comprim\u00e9s. Oxantin est un compl\u00e9ment alimentaire \u00e0 base d&rsquo;extraits de plantes connus pour leur action b\u00e9n\u00e9fique dans la lutte contre les gonflements et les tensions abdominales.<\/p>","protected":false},"featured_media":25334,"template":"","meta":{"arc_restricted_post":false},"product_cat":[49,347],"product_tag":[],"_links":{"self":[{"href":"https:\/\/www.sopha-sahara.com\/en\/wp-json\/wp\/v2\/product\/25147"}],"collection":[{"href":"https:\/\/www.sopha-sahara.com\/en\/wp-json\/wp\/v2\/product"}],"about":[{"href":"https:\/\/www.sopha-sahara.com\/en\/wp-json\/wp\/v2\/types\/product"}],"wp:featuredmedia":[{"embeddable":true,"href":"https:\/\/www.sopha-sahara.com\/en\/wp-json\/wp\/v2\/media\/25334"}],"wp:attachment":[{"href":"https:\/\/www.sopha-sahara.com\/en\/wp-json\/wp\/v2\/media?parent=25147"}],"wp:term":[{"taxonomy":"product_cat","embeddable":true,"href":"https:\/\/www.sopha-sahara.com\/en\/wp-json\/wp\/v2\/product_cat?post=25147"},{"taxonomy":"product_tag","embeddable":true,"href":"https:\/\/www.sopha-sahara.com\/en\/wp-json\/wp\/v2\/product_tag?post=25147"}],"curies":[{"name":"wp","href":"https:\/\/api.w.org\/{rel}","templated":true}]}}