{"id":25146,"date":"2020-12-24T10:19:41","date_gmt":"2020-12-24T09:19:41","guid":{"rendered":"https:\/\/www.interbusinesschamber.com\/produit\/psoren-compresse-30-comprimes-30-perles\/"},"modified":"2020-12-25T15:33:37","modified_gmt":"2020-12-25T14:33:37","slug":"psoren-compresse-30-comprimes-30-perles","status":"publish","type":"product","link":"https:\/\/www.sopha-sahara.com\/en\/product\/psoren-compresse-30-comprimes-30-perles\/","title":{"rendered":"Psoren Compresse 30 comprim\u00e9s + 30 perles"},"content":{"rendered":"<div class=\"prodsch_txt\">\n<div>\n<div><strong>PHARMALIFE RESEARCH PSOREN COMPRESSE<\/strong><\/div>\n<div>Compl\u00e9ment alimentaire<\/p>\n<p>Psoren\u00ae est une pr\u00e9paration compos\u00e9e de comprim\u00e9s et de perles. Les comprim\u00e9s fournissent et h\u00e9bergent des activit\u00e9s antioxydantes. Les perles sont recommand\u00e9es dans tous les cas de consommation r\u00e9duite avec le r\u00e9gime ou de besoin accru en acides gras polyinsatur\u00e9s des s\u00e9ries Omega 3 et Omega 6.<\/p>\n<p>CONTENU NET 46,5 grammes<\/p>\n<p>STOCKAGE: Garder dans un endroit frais et sec.<\/p><\/div>\n<div><\/p>\n<div>\n<h4 class=\"tabnut_tit\">INFORMATION NUTRITIONNELLE<\/h4>\n<div class=\"tabnut_table\">\n<table class=\"iaftable iaftable_temp\" cellspacing=\"0\" align=\"center\">\n<tbody>\n<tr>\n<td class=\"tabnut_medsep-top\">\n<div>\n<div>\n<p><strong>Analyse moyenne (Comprim\u00e9s)<\/strong><\/p>\n<\/div>\n<\/div>\n<\/td>\n<td class=\"tabnut_medsep-top\"><strong>Par 100g<\/strong><\/td>\n<td class=\"tabnut_medsep-top\"><strong>Par dose quotidienne (3 comprim\u00e9s)<\/strong><\/td>\n<td class=\"tabnut_medsep-top\"><strong>*% AJR<\/strong><\/td>\n<\/tr>\n<tr>\n<td class=\"tabnut_medsep-btm\">Zinc<\/td>\n<td class=\"tabnut_medsep-btm\">185mg<\/td>\n<td class=\"tabnut_medsep-btm\">4,71mg<\/td>\n<td class=\"tabnut_medsep-btm\">47%<\/td>\n<\/tr>\n<tr>\n<td>Vitamine C<\/td>\n<td>824mg<\/td>\n<td>21mg<\/td>\n<td>26%<\/td>\n<\/tr>\n<tr>\n<td>Boswellia e.s.<\/td>\n<td>35,3g<\/td>\n<td>0,9g<\/td>\n<td>\u00a0<\/td>\n<\/tr>\n<tr>\n<td class=\"tabnut_medsep-top\">Uncaria e.s.<\/td>\n<td class=\"tabnut_medsep-top\">23,6g<\/td>\n<td class=\"tabnut_medsep-top\">0,6g<\/td>\n<td class=\"tabnut_medsep-top\">\u00a0<\/td>\n<\/tr>\n<tr>\n<td class=\"tabnut_medsep-btm\" colspan=\"4\">\n<div>\n<div>\n<div>\n<div>* Pourcentage des valeurs journali\u00e8res bas\u00e9 sur un r\u00e9gime de 2000 calories<\/div>\n<\/div>\n<\/div>\n<\/div>\n<\/td>\n<\/tr>\n<tr>\n<td colspan=\"4\">\n<div>\n<div>\n<div>\n<div>\u2020 Valeurs journali\u00e8res non \u00e9tablies<\/div>\n<\/div>\n<\/div>\n<\/div>\n<\/td>\n<\/tr>\n<\/tbody>\n<\/table>\n<\/div>\n<\/div>\n<\/div>\n<div>\u00a0<\/div>\n<div>\u00a0<\/div>\n<div>\n<div>\n<div class=\"tabnut_table\">\n<table class=\"iaftable iaftable_temp\" cellspacing=\"0\" align=\"center\">\n<tbody>\n<tr>\n<td class=\"tabnut_medsep-top\"><strong>Analyse moyenne (Perles)<\/strong><\/td>\n<td class=\"tabnut_medsep-top\"><strong>Par 100g<\/strong><\/td>\n<td class=\"tabnut_medsep-top\"><strong>Par dose quotidienne (3 perles)<\/strong><\/td>\n<\/tr>\n<tr>\n<td class=\"tabnut_medsep-btm\">Valeur \u00e9nerg\u00e9tique<\/td>\n<td class=\"tabnut_medsep-btm\">736Kcal \/ 3040,5KJ<\/td>\n<td class=\"tabnut_medsep-btm\">15,45Kcal \/ 63,85KJ<\/td>\n<\/tr>\n<tr>\n<td>Prot\u00e9ines<\/td>\n<td>18,5g<\/td>\n<td>0,39g<\/td>\n<\/tr>\n<tr>\n<td>Glucides<\/td>\n<td>8,0g<\/td>\n<td>0,17g<\/td>\n<\/tr>\n<tr>\n<td>Lipides<br \/>dont acides gras satur\u00e9s<br \/>dont monoinsatur\u00e9s<br \/>dont polyinsatur\u00e9s<br \/>dont l'acide linol\u00e9ique<br \/>dont l'acide alpha-linol\u00e9nique<\/td>\n<td>\n<div>70g<\/div>\n<div>6,0g<\/div>\n<div>7,0g<\/div>\n<div>57g<\/div>\n<div>50g<\/div>\n<div>4,6g<\/div>\n<\/td>\n<td>\n<div>1,47g<\/div>\n<div>0,126g<\/div>\n<div>0,147g<\/div>\n<div>1,20g<\/div>\n<div>1,05g<\/div>\n<div>0,096g<\/div>\n<\/td>\n<\/tr>\n<\/tbody>\n<\/table>\n<\/div>\n<\/div>\n<\/div>\n<p>&nbsp;<\/p>\n<div>\n<div>\u00a0<\/div>\n<\/div>\n<div class=\"iaf_ingred tabnut_table\"><strong>Ingr\u00e9dients<\/strong>\u00a0(comprim\u00e9s): cellulose, Boswellia (Boswellia serrata) extrait sec (35,3%), Griffe (Uncaria tomentosa) de Cat extrait sec (23,6%), gluconate de zinc, anti-agglom\u00e9rant: dioxyde de silicium, st\u00e9arate de magn\u00e9sium, de la vitamine C. ingr\u00e9dients (perle): groseille (Ribes nigrum) huile d'onagre (Oenothera biennis) huile, g\u00e9latine, glyc\u00e9rol.<\/div>\n<\/div>\n<\/div>\n<div class=\"prodsch_avvert\">\n<div>Lisez attentivement l\u2019\u00e9tiquette et les informations concernant le produit ainsi que le mode d\u2019emploi.<br \/>Ne pas d\u00e9passer la dose journali\u00e8re indiqu\u00e9e.<br \/>Tenir hors de port\u00e9e des jeunes enfants.<br \/>Les compl\u00e9ments alimentaires ne soient utilis\u00e9s comme substituts d'un r\u00e9gime alimentaire vari\u00e9.<\/div>\n<div>IAF network vous rappelled l\u2019importance d\u2019une alimentation vari\u00e9e et \u00e9quilibr\u00e9e et \u00e0 un mode de vie sain.<\/div>\n<\/div>","protected":false},"excerpt":{"rendered":"<p>Pharmalife Research Psoren Compresse 30 comprim\u00e9s &#8211; 30 perles. Psoren\u00ae est une pr\u00e9paration compos\u00e9e de comprim\u00e9s et de perles. Les comprim\u00e9s fournissent et h\u00e9bergent des activit\u00e9s antioxydantes. Les perles sont recommand\u00e9es dans tous les cas de consommation r\u00e9duite avec le r\u00e9gime ou de besoin accru en acides gras polyinsatur\u00e9s des s\u00e9ries Omega 3 et Omega 6.<\/p>","protected":false},"featured_media":25354,"template":"","meta":{"arc_restricted_post":false},"product_cat":[49,347],"product_tag":[],"_links":{"self":[{"href":"https:\/\/www.sopha-sahara.com\/en\/wp-json\/wp\/v2\/product\/25146"}],"collection":[{"href":"https:\/\/www.sopha-sahara.com\/en\/wp-json\/wp\/v2\/product"}],"about":[{"href":"https:\/\/www.sopha-sahara.com\/en\/wp-json\/wp\/v2\/types\/product"}],"wp:featuredmedia":[{"embeddable":true,"href":"https:\/\/www.sopha-sahara.com\/en\/wp-json\/wp\/v2\/media\/25354"}],"wp:attachment":[{"href":"https:\/\/www.sopha-sahara.com\/en\/wp-json\/wp\/v2\/media?parent=25146"}],"wp:term":[{"taxonomy":"product_cat","embeddable":true,"href":"https:\/\/www.sopha-sahara.com\/en\/wp-json\/wp\/v2\/product_cat?post=25146"},{"taxonomy":"product_tag","embeddable":true,"href":"https:\/\/www.sopha-sahara.com\/en\/wp-json\/wp\/v2\/product_tag?post=25146"}],"curies":[{"name":"wp","href":"https:\/\/api.w.org\/{rel}","templated":true}]}}