{"id":25143,"date":"2020-12-24T10:19:39","date_gmt":"2020-12-24T09:19:39","guid":{"rendered":"https:\/\/www.interbusinesschamber.com\/produit\/genestin-crema-intima-30ml\/"},"modified":"2020-12-25T14:28:36","modified_gmt":"2020-12-25T13:28:36","slug":"genestin-crema-intima-30ml","status":"publish","type":"product","link":"https:\/\/www.sopha-sahara.com\/en\/product\/genestin-crema-intima-30ml\/","title":{"rendered":"Genestin Crema Intima 30ml"},"content":{"rendered":"<div class=\"prodsch_txt\">\n<div>\n<div>\n<div>\n<div><strong>PHARMALIFE RESEARCH GENESTIN CREMA INTIMA<\/strong><\/div>\n<\/div>\n<div>Hydratante vulvo-vaginale<\/p>\n<p>Hydratante vulvo-vaginale exer\u00e7ant une action l\u00e9nitive naturelle. une aide naturelle contre la m\u00e9nopause. la premi\u00e8re cr\u00e8me intime contenant des isoflavones!<\/p>\n<p><\/p>\n<p>Genestin Cr\u00e8me Intime est donc conseill\u00e9e:<\/p>\n<ul>\n<li>Au moment de la m\u00e9nopause<\/li>\n<li>Chaque fois qu\u2019une action \u00e9molliente et l\u00e9nitive se r\u00e9v\u00e8le n\u00e9cessaire.<\/li>\n<\/ul>\n<p>RECOMMENDATION: appliquer la quantit\u00e9 n\u00e9cessaire de cr\u00e8me. Elle est facilement absorb\u00e9e et ne tache pas.<\/p>\n<p>INGR\u00c9DIENTS: Aloe vera gel, vitamine E, Trifolium pratense (tr\u00e8fle violet), Isoflavones de soja, Cimicifuga racemosa, extrait de Salicaire, extrait d\u2019H\u00e9licryse, Souci Officinal, Huile de bourrache, Phytostimuline de Ma\u00efs, Polydocanol, Camomille.<\/p>\n<p>CONTENU NET: 30ml<\/p>\n<p>STOCKAGE: Garder dans un endroit frais et sec.<\/p><\/div>\n<\/div>\n<\/div>\n<\/div>","protected":false},"excerpt":{"rendered":"<p>Pharmalife Research Genestin Crema Intima 30ml. Hydratante vulvo-vaginale exer\u00e7ant une action l\u00e9nitive naturelle. une aide naturelle contre la m\u00e9nopause. la premi\u00e8re cr\u00e8me intime contenant des isoflavones!<\/p>","protected":false},"featured_media":25290,"template":"","meta":{"arc_restricted_post":false},"product_cat":[49,347],"product_tag":[],"_links":{"self":[{"href":"https:\/\/www.sopha-sahara.com\/en\/wp-json\/wp\/v2\/product\/25143"}],"collection":[{"href":"https:\/\/www.sopha-sahara.com\/en\/wp-json\/wp\/v2\/product"}],"about":[{"href":"https:\/\/www.sopha-sahara.com\/en\/wp-json\/wp\/v2\/types\/product"}],"wp:featuredmedia":[{"embeddable":true,"href":"https:\/\/www.sopha-sahara.com\/en\/wp-json\/wp\/v2\/media\/25290"}],"wp:attachment":[{"href":"https:\/\/www.sopha-sahara.com\/en\/wp-json\/wp\/v2\/media?parent=25143"}],"wp:term":[{"taxonomy":"product_cat","embeddable":true,"href":"https:\/\/www.sopha-sahara.com\/en\/wp-json\/wp\/v2\/product_cat?post=25143"},{"taxonomy":"product_tag","embeddable":true,"href":"https:\/\/www.sopha-sahara.com\/en\/wp-json\/wp\/v2\/product_tag?post=25143"}],"curies":[{"name":"wp","href":"https:\/\/api.w.org\/{rel}","templated":true}]}}