{"id":25142,"date":"2020-12-24T10:19:39","date_gmt":"2020-12-24T09:19:39","guid":{"rendered":"https:\/\/www.interbusinesschamber.com\/produit\/aspersina-maschera-75ml\/"},"modified":"2020-12-25T12:20:49","modified_gmt":"2020-12-25T11:20:49","slug":"aspersina-maschera-75ml","status":"publish","type":"product","link":"https:\/\/www.sopha-sahara.com\/en\/product\/aspersina-maschera-75ml\/","title":{"rendered":"Aspersina Maschera 75ml"},"content":{"rendered":"<div><strong>PHARMALIFE RESEARCH ASPERSINA MASCHERA<\/strong><\/div>\n<div>Sans parabens - Sans allerg\u00e8nes - Sans PEG<\/p>\n<p>ASPERSINA MASCHERA TENSOR VISAGE BOT est un masque \u00e0 l'effet \"\u00e9tirement\" anti-\u00e2ge, r\u00e9g\u00e9n\u00e9rant et compactant qui garantit un apport durable en substances v\u00e9g\u00e9tales fonctionnelles capables d'agir sur les diff\u00e9rentes couches de la peau.<\/p>\n<p>ASPERSINA MASQUE TENSOR VEGETAL B.O.T est un masque \u00e0 l\u2019effet \u00ab \u00e9tirant \u00bb anti-\u00e2ge, r\u00e9g\u00e9n\u00e9rant et compactant qui garantit un apport durable en substances actives \u00e0 m\u00eame d\u2019agir sur les diff\u00e9rentes couches de la peau pour redonner compacit\u00e9, fermet\u00e9, \u00e9lasticit\u00e9 et r\u00e9duire visiblement les rides ainsi que red\u00e9finir les contours du visage. Apr\u00e8s l\u2019application, la peau est d\u00e9tendue, lisse et les rides et les signes d\u2019expressions sont visiblement moins marqu\u00e9s, les traits du visage sont d\u00e9tendus et les signes de fatigue sont diminu\u00e9s. Son syst\u00e8me tenseur d\u2019origine naturelle puissant et exclusif garantit tonus et douceur \u00e0 la peau du visage de fa\u00e7on imm\u00e9diate et durable. V\u00e9ritable concentr\u00e9 d\u2019\u00e9nergie et de jeunesse, il s\u2019agit du produit cosm\u00e9tique id\u00e9al pour une profonde action r\u00e9g\u00e9n\u00e9rante.<\/p>\n<p>RECOMMENDATION: Appliquer uniform\u00e9ment le masque sur le visage et le d\u00e9collet\u00e9 parfaitement nettoy\u00e9s; laisser poser pendant 15 minutes environ puis laver le visage en \u00e9liminant les r\u00e9sidus de masque. Appliquer ensuite le soin Aspersina Hydrate ou, pour un effet tenseur plus important et visible, Aspersina Lift express. R\u00e9p\u00e9ter le soin au moins deux fois par semaine.<\/p>\n<p>INGR\u00c9DIENTS: Aqua, Glyceryl Stearate, Cetearyl Alcohol, Sorbitol Glycerin, Ceteareth-20, Helix Aspersa, Cetyl Alcohol Glutamic Acid, Pullulan, Macrocystis Pyrifera Glyceric Extract, Chondrus Crispus Extract, Algin, Hydrolized Wheat Gluten, Algae Extract, Mel Tocopheryl Acetate, Imidazolidinyl Urea, Parfum, Sodium Dehydroacetate, Triethylcitrate, Tocopherol<\/p>\n<p>CONTENU NET: 75ml<\/p>\n<p>STOCKAGE: Garder dans un endroit frais et sec.<\/p><\/div>","protected":false},"excerpt":{"rendered":"<p>Pharmalife Research Aspersina Maschera 75ml. ASPERSINA MASCHERA TENSOR VISAGE BOT est un masque \u00e0 l&rsquo;effet \u00ab\u00a0\u00e9tirement\u00a0\u00bb anti-\u00e2ge, r\u00e9g\u00e9n\u00e9rant et compactant qui garantit un apport durable en substances v\u00e9g\u00e9tales fonctionnelles capables d&rsquo;agir sur les diff\u00e9rentes couches de la peau.<\/p>","protected":false},"featured_media":25226,"template":"","meta":{"arc_restricted_post":false},"product_cat":[49,347],"product_tag":[],"_links":{"self":[{"href":"https:\/\/www.sopha-sahara.com\/en\/wp-json\/wp\/v2\/product\/25142"}],"collection":[{"href":"https:\/\/www.sopha-sahara.com\/en\/wp-json\/wp\/v2\/product"}],"about":[{"href":"https:\/\/www.sopha-sahara.com\/en\/wp-json\/wp\/v2\/types\/product"}],"wp:featuredmedia":[{"embeddable":true,"href":"https:\/\/www.sopha-sahara.com\/en\/wp-json\/wp\/v2\/media\/25226"}],"wp:attachment":[{"href":"https:\/\/www.sopha-sahara.com\/en\/wp-json\/wp\/v2\/media?parent=25142"}],"wp:term":[{"taxonomy":"product_cat","embeddable":true,"href":"https:\/\/www.sopha-sahara.com\/en\/wp-json\/wp\/v2\/product_cat?post=25142"},{"taxonomy":"product_tag","embeddable":true,"href":"https:\/\/www.sopha-sahara.com\/en\/wp-json\/wp\/v2\/product_tag?post=25142"}],"curies":[{"name":"wp","href":"https:\/\/api.w.org\/{rel}","templated":true}]}}