{"id":25141,"date":"2020-12-24T10:19:38","date_gmt":"2020-12-24T09:19:38","guid":{"rendered":"https:\/\/www.interbusinesschamber.com\/produit\/aspersina-siero-lift-express-30ml\/"},"modified":"2020-12-25T12:23:43","modified_gmt":"2020-12-25T11:23:43","slug":"aspersina-siero-lift-express-30ml","status":"publish","type":"product","link":"https:\/\/www.sopha-sahara.com\/en\/product\/aspersina-siero-lift-express-30ml\/","title":{"rendered":"Aspersina Siero Lift Express 30ml"},"content":{"rendered":"<div><strong>PHARMALIFE RESEARCH ASPERSINA SIERO LIFT EXPRESS<\/strong><\/div>\n<p>Anti-\u00e2ge, r\u00e9g\u00e9n\u00e9rant et le compactage du s\u00e9rum<\/p>\n<p>ASPERSINA LIFT EXPRESS est un s\u00e9rum anti-\u00e2ge, r\u00e9g\u00e9n\u00e9rant et compactant qui garantit un apport durable de principes actifs \u00e0 tous les niveaux de la peau.<\/p>\n<div>CONTENU NET: 30ml<\/p>\n<p>STOCKAGE: Garder dans un endroit frais et sec.<\/p><\/div>","protected":false},"excerpt":{"rendered":"<p>Pharmalife Research Aspersina Siero Lift Express 30ml. ASPERSINA LIFT EXPRESS est un s\u00e9rum anti-\u00e2ge, r\u00e9g\u00e9n\u00e9rant et compactant qui garantit un apport durable de principes actifs \u00e0 tous les niveaux de la peau.<\/p>","protected":false},"featured_media":25230,"template":"","meta":{"arc_restricted_post":false},"product_cat":[49,347],"product_tag":[],"_links":{"self":[{"href":"https:\/\/www.sopha-sahara.com\/en\/wp-json\/wp\/v2\/product\/25141"}],"collection":[{"href":"https:\/\/www.sopha-sahara.com\/en\/wp-json\/wp\/v2\/product"}],"about":[{"href":"https:\/\/www.sopha-sahara.com\/en\/wp-json\/wp\/v2\/types\/product"}],"wp:featuredmedia":[{"embeddable":true,"href":"https:\/\/www.sopha-sahara.com\/en\/wp-json\/wp\/v2\/media\/25230"}],"wp:attachment":[{"href":"https:\/\/www.sopha-sahara.com\/en\/wp-json\/wp\/v2\/media?parent=25141"}],"wp:term":[{"taxonomy":"product_cat","embeddable":true,"href":"https:\/\/www.sopha-sahara.com\/en\/wp-json\/wp\/v2\/product_cat?post=25141"},{"taxonomy":"product_tag","embeddable":true,"href":"https:\/\/www.sopha-sahara.com\/en\/wp-json\/wp\/v2\/product_tag?post=25141"}],"curies":[{"name":"wp","href":"https:\/\/api.w.org\/{rel}","templated":true}]}}