{"id":25140,"date":"2020-12-24T10:19:38","date_gmt":"2020-12-24T09:19:38","guid":{"rendered":"https:\/\/www.interbusinesschamber.com\/produit\/rhodiola-100-60-comprimes\/"},"modified":"2020-12-25T15:37:42","modified_gmt":"2020-12-25T14:37:42","slug":"rhodiola-100-60-comprimes","status":"publish","type":"product","link":"https:\/\/www.sopha-sahara.com\/en\/product\/rhodiola-100-60-comprimes\/","title":{"rendered":"Rhodiola 100% 60 comprim\u00e9s"},"content":{"rendered":"<div class=\"prodsch_txt\">\n<div>\n<div><strong>PHARMALIFE RESEARCH RHODIOLA 100%<br \/><\/strong>Compl\u00e9ment alimentaire<\/p>\n<p>Rhodiola 100% est un extrait hautement purifi\u00e9, titr\u00e9 et standardis\u00e9 de Rhodiola.<\/p>\n<p>La Rhodiola rose, connue aussi comme racine rose, racine dor\u00e9e, racine arctique, est une plante qui appartient \u00e0 la famille des Crassulaceae et qui pousse spontan\u00e9ment dans les r\u00e9gions du nord de l\u2019Europe (Scandinavie, Laponie), Alaska et montagnes du Tibet. D\u00e9j\u00e0 dans le pass\u00e9, cette plante \u00e9tait reconnue pour donner force et vigueur et il \u00e9tait d\u2019usage de l\u2019utiliser pour traiter les \u00e9tats de faiblesse et d\u2019asth\u00e9nie dus \u00e0 des infections pour augmenter la r\u00e9sistance et l\u2019activit\u00e9 performante de l\u2019organisme en d\u00e9terminant une am\u00e9lioration g\u00e9n\u00e9rale de l\u2019\u00e9tat de bien \u00eatre. Les propri\u00e9t\u00e9s de la Rhodiola rose sont attribu\u00e9es \u00e0 une s\u00e9rie de facteurs nutritionnels, \u00e0 des vitamines, \u00e0 des micro et macro \u00e9l\u00e9ments et des importants glycosides de nature diverse: rhodiocyanoside A et B deux bioactifs cyanoglycosides. Des autres constituants importants sont la salidroside, le p-tyrosol, le beta-sitost\u00e9rol, l\u2019acide gallique et le pyrogallol.<\/p>\n<p>CONTENU NET 30 grammes<\/p>\n<p>STOCKAGE: Garder dans un endroit frais et sec.<\/p>\n<div>\n<h4 class=\"tabnut_tit\">INFORMATION NUTRITIONNELLE<\/h4>\n<div class=\"tabnut_table\">\n<table class=\"iaftable iaftable_temp\" cellspacing=\"0\" align=\"center\">\n<tbody>\n<tr>\n<td class=\"tabnut_medsep-top\">\n<div>\n<div>\n<div>\n<p><strong>Analyse moyenne<\/strong><\/p>\n<\/div>\n<\/div>\n<\/div>\n<\/td>\n<td class=\"tabnut_medsep-top\"><strong>Par 100g<\/strong><\/td>\n<td class=\"tabnut_medsep-top\"><strong>Par dose quotidienne (4 comprim\u00e9s)<\/strong><\/td>\n<\/tr>\n<tr>\n<td class=\"tabnut_medsep-btm tabnut_medsep-top\">Rhodiola e.s.<br \/>dont rosavins<\/td>\n<td class=\"tabnut_medsep-btm tabnut_medsep-top\">\n<div>40g<\/div>\n<div>1,2g<\/div>\n<\/td>\n<td class=\"tabnut_medsep-btm tabnut_medsep-top\">\n<div>0,8g<\/div>\n<div>0,024g<\/div>\n<\/td>\n<\/tr>\n<tr>\n<td class=\"tabnut_medsep-btm\" colspan=\"3\"><strong>Ingr\u00e9dients:\u00a0<\/strong>Rhodiola extrait sec titr\u00e9 \u00e0 3% de rosavin et \u00e0 1% de salidrosides, cellulose, calcium phosphate, st\u00e9arate de magn\u00e9sium, bioxyde de silicium.<\/td>\n<\/tr>\n<\/tbody>\n<\/table>\n<\/div>\n<\/div>\n<p><strong><br \/><\/strong><\/div>\n<\/div>\n<\/div>\n<div class=\"prodsch_avvert\">\n<div>Lisez attentivement l\u2019\u00e9tiquette et les informations concernant le produit ainsi que le mode d\u2019emploi.<br \/>Ne pas d\u00e9passer la dose journali\u00e8re indiqu\u00e9e.<br \/>Tenir hors de port\u00e9e des jeunes enfants.<br \/>Les compl\u00e9ments alimentaires ne soient utilis\u00e9s comme substituts d'un r\u00e9gime alimentaire vari\u00e9.<\/div>\n<div>IAF network vous rappelled l\u2019importance d\u2019une alimentation vari\u00e9e et \u00e9quilibr\u00e9e et \u00e0 un mode de vie sain.<\/div>\n<\/div>","protected":false},"excerpt":{"rendered":"<p class=\"productabstract\">Pharmalife Research Rhodiola 100% 60 comprim\u00e9s. Rhodiola 100% est un extrait hautement purifi\u00e9, titr\u00e9 et standardis\u00e9 de Rhodiola.<\/p>","protected":false},"featured_media":25360,"template":"","meta":{"arc_restricted_post":false},"product_cat":[49,347],"product_tag":[],"_links":{"self":[{"href":"https:\/\/www.sopha-sahara.com\/en\/wp-json\/wp\/v2\/product\/25140"}],"collection":[{"href":"https:\/\/www.sopha-sahara.com\/en\/wp-json\/wp\/v2\/product"}],"about":[{"href":"https:\/\/www.sopha-sahara.com\/en\/wp-json\/wp\/v2\/types\/product"}],"wp:featuredmedia":[{"embeddable":true,"href":"https:\/\/www.sopha-sahara.com\/en\/wp-json\/wp\/v2\/media\/25360"}],"wp:attachment":[{"href":"https:\/\/www.sopha-sahara.com\/en\/wp-json\/wp\/v2\/media?parent=25140"}],"wp:term":[{"taxonomy":"product_cat","embeddable":true,"href":"https:\/\/www.sopha-sahara.com\/en\/wp-json\/wp\/v2\/product_cat?post=25140"},{"taxonomy":"product_tag","embeddable":true,"href":"https:\/\/www.sopha-sahara.com\/en\/wp-json\/wp\/v2\/product_tag?post=25140"}],"curies":[{"name":"wp","href":"https:\/\/api.w.org\/{rel}","templated":true}]}}