{"id":25138,"date":"2020-12-24T10:19:38","date_gmt":"2020-12-24T09:19:38","guid":{"rendered":"https:\/\/www.interbusinesschamber.com\/produit\/phyto-h-compresse-30-comprimes\/"},"modified":"2020-12-25T15:23:54","modified_gmt":"2020-12-25T14:23:54","slug":"phyto-h-compresse-30-comprimes","status":"publish","type":"product","link":"https:\/\/www.sopha-sahara.com\/en\/product\/phyto-h-compresse-30-comprimes\/","title":{"rendered":"Phyto H Compresse 30 comprim\u00e9s"},"content":{"rendered":"<div class=\"prodsch_txt\">\n<div>\n<div>\n<div><strong>PHARMALIFE RESEARCH PHYTO H COMPRESSE<\/strong><\/div>\n<p>Compl\u00e9ment alimentaire<\/p>\n<p>PHYTO H est un compl\u00e9ment alimentaire \u00e0 base de substances v\u00e9g\u00e9tales comme le marronnier titr\u00e9 \u00e0 15% dans l\u2019escine, les feuilles de noisetier titr\u00e9es \u00e0 10% dans les ph\u00e9nols, le balai du boucher titr\u00e9 \u00e0 10% dans la ruscog\u00e9nine, la trox\u00e9rutine et la vitamine C<\/p>\n<p>POIDS NET: 27 grammes<\/p>\n<p>STOCKAGE: Garder dans un endroit frais et sec.<\/p><\/div>\n<div>\u00a0<\/p>\n<div>\n<h4 class=\"tabnut_tit\">INFORMATION NUTRITIONNELLE<\/h4>\n<div class=\"tabnut_table\">\n<table class=\"iaftable iaftable_temp\" cellspacing=\"0\" align=\"center\">\n<tbody>\n<tr>\n<td class=\"tabnut_medsep-top\">\n<div>\n<div>\n<div>\n<p><strong>Analyse moyenne<\/strong><\/p>\n<\/div>\n<\/div>\n<\/div>\n<\/td>\n<td class=\"tabnut_medsep-top\"><strong>Par 100g<\/strong><\/td>\n<td class=\"tabnut_medsep-top\"><strong>Par dose quotidienne\u00a0(2 comprim\u00e9s)<\/strong><\/td>\n<td class=\"tabnut_medsep-top\"><strong>*% AJR<\/strong><\/td>\n<\/tr>\n<tr>\n<td class=\"tabnut_medsep-btm\">Cheval\u00a0\u00e9corce\u00a0de ch\u00e2taigne\u00a0e.s.<br \/>dont\u00a0l'escine<\/td>\n<td class=\"tabnut_medsep-btm\">\n<div>55,6g<\/div>\n<div>8,34g<\/div>\n<\/td>\n<td class=\"tabnut_medsep-btm\">\n<div>1,5g<\/div>\n<div>0,225g<\/div>\n<\/td>\n<td class=\"tabnut_medsep-btm\">\u00a0<\/td>\n<\/tr>\n<tr>\n<td>\n<div>Hamam\u00e9lis\u00a0e.s.<br \/>dont\u00a0ph\u00e9nols<\/div>\n<\/td>\n<td>\n<div>11,1g<\/div>\n<div>1,11g<\/div>\n<\/td>\n<td>\n<div>0,30g<\/div>\n<div>0,03g<\/div>\n<\/td>\n<td>\u00a0<\/td>\n<\/tr>\n<tr>\n<td>Rusco\u00a0e.s.<br \/>dont\u00a0ruscog\u00e9nine<\/td>\n<td>\n<div>8,9g<\/div>\n<div>0,89g<\/div>\n<\/td>\n<td>\n<div>0,24g<\/div>\n<div>0,024g<\/div>\n<\/td>\n<td>\u00a0<\/td>\n<\/tr>\n<tr>\n<td>Troxerutin<\/td>\n<td>8,9g<\/td>\n<td>0,24g<\/td>\n<td>\u00a0<\/td>\n<\/tr>\n<tr>\n<td class=\"tabnut_medsep-top\">Vitamine C<\/td>\n<td class=\"tabnut_medsep-top\">3,3g<\/td>\n<td class=\"tabnut_medsep-top\">0,09g<\/td>\n<td class=\"tabnut_medsep-top\">112,5%<\/td>\n<\/tr>\n<tr>\n<td class=\"tabnut_medsep-btm\" colspan=\"4\">\n<div>\n<div>\n<div>\n<div>* Pourcentage des valeurs journali\u00e8res bas\u00e9 sur un r\u00e9gime de 2000 calories<\/div>\n<\/div>\n<\/div>\n<\/div>\n<\/td>\n<\/tr>\n<tr>\n<td colspan=\"4\">\u2020 Valeurs journali\u00e8res non \u00e9tablies<\/td>\n<\/tr>\n<tr>\n<td colspan=\"4\"><strong>Ingr\u00e9dients:<\/strong>\u00a0Horse Chestnut cortex (Aesculus hippocastanum, maltodextrine) extrait sec, feuilles Whtch Hazel (Hamamelis virginiana, maltodextrine) extrait sec, Broom rhizome et radix Butcher (Ruscus aculeatus, maltodextrine) d'extrait sec, trox\u00e9rutine, agents gonflants: cellulose microcristalline, phosphate de calcium ; La vitamine C, anti-agglom\u00e9rants: st\u00e9arate de magn\u00e9sium, le dioxyde de silicium.<\/td>\n<\/tr>\n<\/tbody>\n<\/table>\n<\/div>\n<\/div>\n<p>\u00a0<\/p><\/div>\n<\/div>\n<\/div>\n<div class=\"prodsch_avvert\">\n<div>Lisez attentivement l\u2019\u00e9tiquette et les informations concernant le produit ainsi que le mode d\u2019emploi.<br \/>Ne pas d\u00e9passer la dose journali\u00e8re indiqu\u00e9e.<br \/>Tenir hors de port\u00e9e des jeunes enfants.<br \/>Les compl\u00e9ments alimentaires ne soient utilis\u00e9s comme substituts d'un r\u00e9gime alimentaire vari\u00e9.<\/div>\n<div>IAF network vous rappelled l\u2019importance d\u2019une alimentation vari\u00e9e et \u00e9quilibr\u00e9e et \u00e0 un mode de vie sain.<\/div>\n<\/div>","protected":false},"excerpt":{"rendered":"<p class=\"productabstract\">Pharmalife Research Phyto H Compresse 30 comprim\u00e9s. PHYTO H est un compl\u00e9ment alimentaire \u00e0 base de substances v\u00e9g\u00e9tales comme le marronnier titr\u00e9 \u00e0 15% dans l\u2019escine, les feuilles de noisetier titr\u00e9es \u00e0 10% dans les ph\u00e9nols, le balai du boucher titr\u00e9 \u00e0 10% dans la ruscog\u00e9nine, la trox\u00e9rutine et la vitamine C<\/p>","protected":false},"featured_media":25345,"template":"","meta":{"arc_restricted_post":false},"product_cat":[49,347],"product_tag":[],"_links":{"self":[{"href":"https:\/\/www.sopha-sahara.com\/en\/wp-json\/wp\/v2\/product\/25138"}],"collection":[{"href":"https:\/\/www.sopha-sahara.com\/en\/wp-json\/wp\/v2\/product"}],"about":[{"href":"https:\/\/www.sopha-sahara.com\/en\/wp-json\/wp\/v2\/types\/product"}],"wp:featuredmedia":[{"embeddable":true,"href":"https:\/\/www.sopha-sahara.com\/en\/wp-json\/wp\/v2\/media\/25345"}],"wp:attachment":[{"href":"https:\/\/www.sopha-sahara.com\/en\/wp-json\/wp\/v2\/media?parent=25138"}],"wp:term":[{"taxonomy":"product_cat","embeddable":true,"href":"https:\/\/www.sopha-sahara.com\/en\/wp-json\/wp\/v2\/product_cat?post=25138"},{"taxonomy":"product_tag","embeddable":true,"href":"https:\/\/www.sopha-sahara.com\/en\/wp-json\/wp\/v2\/product_tag?post=25138"}],"curies":[{"name":"wp","href":"https:\/\/api.w.org\/{rel}","templated":true}]}}