{"id":25136,"date":"2020-12-24T10:19:37","date_gmt":"2020-12-24T09:19:37","guid":{"rendered":"https:\/\/www.interbusinesschamber.com\/produit\/guarana-100-60-comprimes\/"},"modified":"2020-12-25T14:35:01","modified_gmt":"2020-12-25T13:35:01","slug":"guarana-100-60-comprimes","status":"publish","type":"product","link":"https:\/\/www.sopha-sahara.com\/en\/product\/guarana-100-60-comprimes\/","title":{"rendered":"Guaran\u00e0 100% 60 comprim\u00e9s"},"content":{"rendered":"<div class=\"prodsch_txt\">\n<div>\n<div><strong>PHARMALIFE RESEARCH GUARANA'100%<br \/><\/strong>Compl\u00e9ment alimentaire<\/p>\n<p>Guaran\u00e0 100% est un compl\u00e9ment alimentaire \u00e0 base d'extrait sec de guarana titr\u00e9 \u00e0 10% en caf\u00e9ine.<\/p>\n<p>Le Guarana (Paullina cupana) est une liane d\u2019Amazonie. Les p\u00e9pins, contenus dans les fruits rouges de la plante, constituent la partie utilis\u00e9e \u00e0 des fins th\u00e9rapeutiques. Les constituants chimiques des p\u00e9pins sont constitu\u00e9s d\u2019amides, de polyph\u00e9nols et ils contiennent en particulier du methylxanthine, c\u2019est-\u00e0-dire des d\u00e9riv\u00e9s similaires \u00e0 la caf\u00e9ine(3.5%). La caf\u00e9ine augmente les concentrations intracellulaires de calcium et cause l\u2019\u00e9mission de noradr\u00e9naline et sensibilise les r\u00e9cepteurs de la dopamine. Les effets pharmacologiques de la caf\u00e9ine comprennent la stimulation du syst\u00e8me nerveux central (SNC) et cardiaque et la vasodilatation coronaire. La caf\u00e9ine rend la musculature lisse, stimule la musculature du squelette et elle a une faible action diur\u00e9tique et hypoglyc\u00e9miante.<\/p>\n<p>RECOMMENDATION: Il est conseill\u00e9 de prendre de 2 \u00e0 4 comprim\u00e9s par jour.<\/p>\n<p>CONTENU NET 30 grammes<\/p>\n<p>STOCKAGE: Garder dans un endroit frais et sec.<\/p>\n<div>\n<h4 class=\"tabnut_tit\">INFORMATION NUTRITIONNELLE<\/h4>\n<div class=\"tabnut_table\">\n<table class=\"iaftable iaftable_temp\" cellspacing=\"0\" align=\"center\">\n<tbody>\n<tr>\n<td class=\"tabnut_medsep-top\">\n<div>\n<div>\n<div>\n<p><strong>Analyse moyenne<\/strong><\/p>\n<\/div>\n<\/div>\n<\/div>\n<\/td>\n<td class=\"tabnut_medsep-top\"><strong>Par 100g<\/strong><\/td>\n<td class=\"tabnut_medsep-top\"><strong>Par dose quotidienne (4 comprim\u00e9s)<\/strong><\/td>\n<\/tr>\n<tr>\n<td class=\"tabnut_medsep-btm\">Guarana graines e.s.<br \/>dont la caf\u00e9ine<\/td>\n<td class=\"tabnut_medsep-btm\">\n<div>40g<\/div>\n<p>4,0g<\/td>\n<td class=\"tabnut_medsep-btm\">\n<div>0,8g<\/div>\n<div>0,08g<\/div>\n<\/td>\n<\/tr>\n<\/tbody>\n<\/table>\n<\/div>\n<\/div>\n<\/div>\n<div class=\"iaf_ingred tabnut_table\"><strong>Ingr\u00e9dients:<\/strong>\u00a0extrait sec de guarana (Paullinia cupana de maltodextrine) titr\u00e9es \u00e0 10% de caf\u00e9ine, de la cellulose, le phosphate de calcium, le st\u00e9arate de magn\u00e9sium, dioxyde de silicium.<\/div>\n<\/div>\n<\/div>\n<div class=\"prodsch_avvert\">Contient de la caf\u00e9ine, d\u00e9conseill\u00e9 aux enfants et aux femmes enceintes.<\/p>\n<div>Lisez attentivement l\u2019\u00e9tiquette et les informations concernant le produit ainsi que le mode d\u2019emploi.<br \/>Ne pas d\u00e9passer la dose journali\u00e8re indiqu\u00e9e.<br \/>Tenir hors de port\u00e9e des jeunes enfants.<br \/>Les compl\u00e9ments alimentaires ne soient utilis\u00e9s comme substituts d'un r\u00e9gime alimentaire vari\u00e9.<\/div>\n<div>IAF network vous rappelled l\u2019importance d\u2019une alimentation vari\u00e9e et \u00e9quilibr\u00e9e et \u00e0 un mode de vie sain.<\/div>\n<\/div>","protected":false},"excerpt":{"rendered":"<p class=\"productabstract\">Pharmalife Research Guaran\u00e0 100% 60 comprim\u00e9s. Guaran\u00e0 100% est un compl\u00e9ment alimentaire \u00e0 base d&rsquo;extrait sec de guarana titr\u00e9 \u00e0 10% en caf\u00e9ine.<\/p>","protected":false},"featured_media":25298,"template":"","meta":{"arc_restricted_post":false},"product_cat":[49,347],"product_tag":[],"_links":{"self":[{"href":"https:\/\/www.sopha-sahara.com\/en\/wp-json\/wp\/v2\/product\/25136"}],"collection":[{"href":"https:\/\/www.sopha-sahara.com\/en\/wp-json\/wp\/v2\/product"}],"about":[{"href":"https:\/\/www.sopha-sahara.com\/en\/wp-json\/wp\/v2\/types\/product"}],"wp:featuredmedia":[{"embeddable":true,"href":"https:\/\/www.sopha-sahara.com\/en\/wp-json\/wp\/v2\/media\/25298"}],"wp:attachment":[{"href":"https:\/\/www.sopha-sahara.com\/en\/wp-json\/wp\/v2\/media?parent=25136"}],"wp:term":[{"taxonomy":"product_cat","embeddable":true,"href":"https:\/\/www.sopha-sahara.com\/en\/wp-json\/wp\/v2\/product_cat?post=25136"},{"taxonomy":"product_tag","embeddable":true,"href":"https:\/\/www.sopha-sahara.com\/en\/wp-json\/wp\/v2\/product_tag?post=25136"}],"curies":[{"name":"wp","href":"https:\/\/api.w.org\/{rel}","templated":true}]}}