{"id":25134,"date":"2020-12-24T10:19:37","date_gmt":"2020-12-24T09:19:37","guid":{"rendered":"https:\/\/www.interbusinesschamber.com\/produit\/intest-30-comprimes-30-perles\/"},"modified":"2020-12-25T14:39:28","modified_gmt":"2020-12-25T13:39:28","slug":"intest-30-comprimes-30-perles","status":"publish","type":"product","link":"https:\/\/www.sopha-sahara.com\/en\/product\/intest-30-comprimes-30-perles\/","title":{"rendered":"InTest 30 comprim\u00e9s + 30 perles"},"content":{"rendered":"<div class=\"prodsch_txt\">\n<div>\n<div>\n<div><strong>PHARMALIFE RESEARCH INTEST<\/strong><\/div>\n<\/div>\n<div>Compl\u00e9ment alimentaire<\/p>\n<p>InTest est un compl\u00e9ment alimentaire \u00e0 base d\u2019huile de lin et d\u2019extraits de plantes.<\/p>\n<p>RECOMMANDATION: 1 compri\u00e9 et 1 perle avant d\u00e9jeuner et d \u00eener (2 perles et 2 comprim\u00e9s par jour).<\/p>\n<p>POIDS NET: 45 grammes<\/p>\n<p>STOCKAGE: Garder dans un endroit frais et sec.<\/p><\/div>\n<div><\/p>\n<div>\n<h4 class=\"tabnut_tit\">INFORMATION NUTRITIONNELLE<\/h4>\n<div class=\"tabnut_table\">\n<table class=\"iaftable iaftable_temp\" cellspacing=\"0\" align=\"center\">\n<tbody>\n<tr>\n<td class=\"tabnut_medsep-top\">\n<div>\n<div>\n<p><strong>Analyse moyenne\u00a0(Comprim\u00e9s)<\/strong><\/p>\n<\/div>\n<\/div>\n<\/td>\n<td class=\"tabnut_medsep-top\"><strong>Par 100g<\/strong><\/td>\n<td class=\"tabnut_medsep-top\"><strong>Par dose quotidienne\u00a0(2 comprim\u00e9s)<\/strong><\/td>\n<\/tr>\n<tr>\n<td class=\"tabnut_medsep-btm\">Acide alginique<\/td>\n<td class=\"tabnut_medsep-btm\">25g<\/td>\n<td class=\"tabnut_medsep-btm\">0,4g<\/td>\n<\/tr>\n<tr>\n<td>Altea e.s.<\/td>\n<td>25g<\/td>\n<td>0,4g<\/td>\n<\/tr>\n<tr>\n<td class=\"tabnut_medsep-top\">Agrimonia e.s.<\/td>\n<td class=\"tabnut_medsep-top\">25g<\/td>\n<td class=\"tabnut_medsep-top\">0,4g<\/td>\n<\/tr>\n<tr>\n<td class=\"tabnut_medsep-btm\" colspan=\"3\"><strong>Ingr\u00e9dients:\u00a0<\/strong>\u00a0Alt\u00e9a (Althaea officinalis), Aigremoine (Agrimonia eupatoria), Acide Alginique microcrystalline cellulose, phosphate de calcium, magnesium stearate, dioxyde de silicium.<\/td>\n<\/tr>\n<\/tbody>\n<\/table>\n<\/div>\n<\/div>\n<p><\/p>\n<div>\n<div class=\"tabnut_table\">\n<table class=\"iaftable iaftable_temp\" cellspacing=\"0\" align=\"center\">\n<tbody>\n<tr>\n<td class=\"tabnut_medsep-top\"><strong>Media analysis (Pearls)<\/strong><\/td>\n<td class=\"tabnut_medsep-top\"><strong>Par 100g<\/strong><\/td>\n<td class=\"tabnut_medsep-top\"><strong>Par dose quotidienne\u00a0(2 perles)<\/strong><\/td>\n<td class=\"tabnut_medsep-top\"><strong>*% AJR<\/strong><\/td>\n<\/tr>\n<tr>\n<td class=\"tabnut_medsep-btm\">Huile de lin<\/td>\n<td class=\"tabnut_medsep-btm\">71,5g<\/td>\n<td class=\"tabnut_medsep-btm\">1,0<\/td>\n<td class=\"tabnut_medsep-btm\">\u00a0<\/td>\n<\/tr>\n<tr>\n<td class=\"tabnut_medsep-top\">Vitamine E<\/td>\n<td class=\"tabnut_medsep-top\">1430mg<\/td>\n<td class=\"tabnut_medsep-top\">20mg<\/td>\n<td class=\"tabnut_medsep-top\">167%)<\/td>\n<\/tr>\n<tr>\n<td class=\"tabnut_medsep-btm\" colspan=\"4\">\n<div>\n<div>\n<div>\n<div>* Pourcentage des valeurs journali\u00e8res bas\u00e9 sur un r\u00e9gime de 2000 calories<\/div>\n<\/div>\n<\/div>\n<\/div>\n<\/td>\n<\/tr>\n<tr>\n<td colspan=\"4\">\n<div>\n<div>\n<div>\n<div>\u2020 Valeurs journali\u00e8res non \u00e9tablies<\/div>\n<\/div>\n<\/div>\n<\/div>\n<\/td>\n<\/tr>\n<tr>\n<td colspan=\"4\"><strong>Ingr\u00e9dients:\u00a0<\/strong>Huile\u00a0de graines de lin, de la g\u00e9latine, glyc\u00e9rol,\u00a0vitamine\u00a0E.<\/td>\n<\/tr>\n<\/tbody>\n<\/table>\n<\/div>\n<\/div>\n<p>\u00a0<\/p><\/div>\n<div>\n<div><strong>Avertissements:\u00a0<\/strong>Consultez votre m\u00e9decin avant de prendre ce produit si vous souffrez d'un quelconque probl\u00e8me de sant\u00e9. Comme pour l'usage de tous les produits \u00e0 base de cr\u00e9atine, maintenir un \u00e9tat d'hydratation ad\u00e9quat pendant l'utilisation de ce produit. Non recommand\u00e9 si vous souffrez de diab\u00e8te ou avez des probabilit\u00e9s de souffrir d'hyper ou d\u2019hypoglyc\u00e9mie. En cas d'\u00e9ruption cutan\u00e9e ou de r\u00e9action allergique, arr\u00eater imm\u00e9diatement de prendre ce produit et consulter un m\u00e9decin. Ne pas prendre pendant la grossesse ni pendant l'allaitement. Maintenir hors de la port\u00e9e des enfants. Ces d\u00e9clarations n'ont pas \u00e9t\u00e9 \u00e9valu\u00e9es par la FDA (Agence f\u00e9d\u00e9rale am\u00e9ricaine des produits alimentaires et m\u00e9dicamenteux). Ce produit n'a pas pour objectif de diagnostiquer, traiter, soigner ou pr\u00e9venir une quelconque maladie.<\/div>\n<\/div>\n<\/div>\n<\/div>\n<div class=\"prodsch_avvert\">\n<div>Lisez attentivement l\u2019\u00e9tiquette et les informations concernant le produit ainsi que le mode d\u2019emploi.<br \/>Ne pas d\u00e9passer la dose journali\u00e8re indiqu\u00e9e.<br \/>Tenir hors de port\u00e9e des jeunes enfants.<br \/>Les compl\u00e9ments alimentaires ne soient utilis\u00e9s comme substituts d'un r\u00e9gime alimentaire vari\u00e9.<\/div>\n<div>IAF network vous rappelled l\u2019importance d\u2019une alimentation vari\u00e9e et \u00e9quilibr\u00e9e et \u00e0 un mode de vie sain.<\/div>\n<\/div>","protected":false},"excerpt":{"rendered":"<p>Pharmalife Research InTest 30 comprim\u00e9s &#8211; 30 perles. InTest est un compl\u00e9ment alimentaire \u00e0 base d\u2019huile de lin et d\u2019extraits de plantes.<\/p>","protected":false},"featured_media":25303,"template":"","meta":{"arc_restricted_post":false},"product_cat":[49,347],"product_tag":[],"_links":{"self":[{"href":"https:\/\/www.sopha-sahara.com\/en\/wp-json\/wp\/v2\/product\/25134"}],"collection":[{"href":"https:\/\/www.sopha-sahara.com\/en\/wp-json\/wp\/v2\/product"}],"about":[{"href":"https:\/\/www.sopha-sahara.com\/en\/wp-json\/wp\/v2\/types\/product"}],"wp:featuredmedia":[{"embeddable":true,"href":"https:\/\/www.sopha-sahara.com\/en\/wp-json\/wp\/v2\/media\/25303"}],"wp:attachment":[{"href":"https:\/\/www.sopha-sahara.com\/en\/wp-json\/wp\/v2\/media?parent=25134"}],"wp:term":[{"taxonomy":"product_cat","embeddable":true,"href":"https:\/\/www.sopha-sahara.com\/en\/wp-json\/wp\/v2\/product_cat?post=25134"},{"taxonomy":"product_tag","embeddable":true,"href":"https:\/\/www.sopha-sahara.com\/en\/wp-json\/wp\/v2\/product_tag?post=25134"}],"curies":[{"name":"wp","href":"https:\/\/api.w.org\/{rel}","templated":true}]}}