{"id":25133,"date":"2020-12-24T10:19:36","date_gmt":"2020-12-24T09:19:36","guid":{"rendered":"https:\/\/www.interbusinesschamber.com\/produit\/broncamil-bimbi-concentrato-fluido-200ml\/"},"modified":"2020-12-25T12:33:27","modified_gmt":"2020-12-25T11:33:27","slug":"broncamil-bimbi-concentrato-fluido-200ml","status":"publish","type":"product","link":"https:\/\/www.sopha-sahara.com\/en\/product\/broncamil-bimbi-concentrato-fluido-200ml\/","title":{"rendered":"Broncamil Bimbi Concentrato Fluido 200ml"},"content":{"rendered":"<div class=\"prodsch_txt\">\n<div>\n<div>\n<div>\n<div>\n<div>\n<div><strong>PHARMALIFE RESEARCH BRONCAMIL CONCENTRATO FLUIDO<\/strong><\/div>\n<\/div>\n<\/div>\n<\/div>\n<p>Suppl\u00e9ment nutritionnel<\/p>\n<p>Suppl\u00e9ment nutritionnel aux extraits v\u00e9g\u00e9taux apaisant.\u00a0BRONCAMIL, concentr\u00e9 fluide, du fait de ses propri\u00e9t\u00e9s apaisantes, est le rem\u00e8de id\u00e9al pour un emploi prolong\u00e9 durant la saison hivernale. Produit notifi\u00e9 aupr\u00e8s du Minist\u00e8re de la Sant\u00e9.<\/p>\n<p>RECOMMANDATION: une cuill\u00e8re avant les deux repas principaux.<\/p>\n<p>CONTENU NET: 200ml<\/p>\n<p>STOCKAGE: Garder dans un endroit frais et sec.<\/p>\n<div>\n<h4 class=\"tabnut_tit\">INFORMATION NUTRITIONNELLE<\/h4>\n<div class=\"tabnut_table\">\n<table class=\"iaftable iaftable_temp\" cellspacing=\"0\">\n<tbody>\n<tr>\n<td class=\"tabnut_medsep-top\">\n<div>\n<div>\n<div>\n<p><strong>Analyse moyenne<\/strong><\/p>\n<\/div>\n<\/div>\n<\/div>\n<\/td>\n<td class=\"tabnut_medsep-top\"><strong>Par 100ml<\/strong><\/td>\n<td class=\"tabnut_medsep-top\"><strong>Par dose quotidienne (2 cuill\u00e8res \u00e0 soupe = 30ml)<\/strong><\/td>\n<\/tr>\n<tr>\n<td class=\"tabnut_medsep-btm\">Valeur \u00e9nerg\u00e9tique<\/td>\n<td class=\"tabnut_medsep-btm\">\n<div>160,78Kcal \/ 683,29KJ<\/div>\n<\/td>\n<td class=\"tabnut_medsep-btm\">\n<div>48,23Kcal \/ 204,99KJ<\/div>\n<\/td>\n<\/tr>\n<tr>\n<td>\n<div>Prot\u00e9ines<\/div>\n<\/td>\n<td>\n<div>0,15g<\/div>\n<\/td>\n<td>\n<div>0,045g<\/div>\n<\/td>\n<\/tr>\n<tr>\n<td>\n<div>Glucides<\/div>\n<\/td>\n<td>\n<div>40g<\/div>\n<\/td>\n<td>\n<div>12,0g<\/div>\n<\/td>\n<\/tr>\n<tr>\n<td>\n<div>\n<div>Lipides<\/div>\n<\/div>\n<\/td>\n<td>\n<div>0,02g<\/div>\n<\/td>\n<td>\n<div>0,006g<\/div>\n<\/td>\n<\/tr>\n<tr>\n<td>\n<div>Grindelia extrait hydroglyc\u00e9rique<\/div>\n<\/td>\n<td>\n<div>7,5g<\/div>\n<\/td>\n<td>\n<div>2,25g<\/div>\n<\/td>\n<\/tr>\n<tr>\n<td>\n<div>Helichrysum extrait hydroglyc\u00e9rique<\/div>\n<\/td>\n<td>\n<div>5,0g<\/div>\n<\/td>\n<td>\n<div>1,5g<\/div>\n<\/td>\n<\/tr>\n<tr>\n<td class=\"tabnut_medsep-top\">\n<div>Extrait de hydroglyc\u00e9rique de plantain<\/div>\n<\/td>\n<td class=\"tabnut_medsep-top\">\n<div>5,0g<\/div>\n<\/td>\n<td class=\"tabnut_medsep-top\">\n<div>1,5g<\/div>\n<\/td>\n<\/tr>\n<tr>\n<td class=\"tabnut_medsep-btm\" colspan=\"3\">\n<div><strong>Ingr\u00e9dients:\u00a0<\/strong>Eau, fructose, Grind\u00e9lia robusta ex. fluide, H\u00e9lychrise ex. fluide, Plantain lanc\u00e9ol\u00e9 ex. fluide, Pin h.e, Thym h.e., Eucalyptus h.e, jus d\u2019orange lyophilis\u00e9.<\/div>\n<\/td>\n<\/tr>\n<\/tbody>\n<\/table>\n<\/div>\n<\/div>\n<\/div>\n<\/div>\n<\/div>\n<div class=\"prodsch_avvert\">\n<div>Lisez attentivement l\u2019\u00e9tiquette et les informations concernant le produit ainsi que le mode d\u2019emploi.<br \/>Ne pas d\u00e9passer la dose journali\u00e8re indiqu\u00e9e.<br \/>Tenir hors de port\u00e9e des jeunes enfants.<br \/>Les compl\u00e9ments alimentaires ne soient utilis\u00e9s comme substituts d'un r\u00e9gime alimentaire vari\u00e9.<\/div>\n<div>IAF network vous rappelled l\u2019importance d\u2019une alimentation vari\u00e9e et \u00e9quilibr\u00e9e et \u00e0 un mode de vie sain.<\/div>\n<\/div>","protected":false},"excerpt":{"rendered":"<p>Pharmalife Research Broncamil Concentrato Fluido 200ml. Suppl\u00e9ment nutritionnel aux extraits v\u00e9g\u00e9taux apaisant. BRONCAMIL, concentr\u00e9 fluide, du fait de ses propri\u00e9t\u00e9s apaisantes, est le rem\u00e8de id\u00e9al pour un emploi prolong\u00e9 durant la saison hivernale.<\/p>","protected":false},"featured_media":25239,"template":"","meta":{"arc_restricted_post":false},"product_cat":[49,347],"product_tag":[],"_links":{"self":[{"href":"https:\/\/www.sopha-sahara.com\/en\/wp-json\/wp\/v2\/product\/25133"}],"collection":[{"href":"https:\/\/www.sopha-sahara.com\/en\/wp-json\/wp\/v2\/product"}],"about":[{"href":"https:\/\/www.sopha-sahara.com\/en\/wp-json\/wp\/v2\/types\/product"}],"wp:featuredmedia":[{"embeddable":true,"href":"https:\/\/www.sopha-sahara.com\/en\/wp-json\/wp\/v2\/media\/25239"}],"wp:attachment":[{"href":"https:\/\/www.sopha-sahara.com\/en\/wp-json\/wp\/v2\/media?parent=25133"}],"wp:term":[{"taxonomy":"product_cat","embeddable":true,"href":"https:\/\/www.sopha-sahara.com\/en\/wp-json\/wp\/v2\/product_cat?post=25133"},{"taxonomy":"product_tag","embeddable":true,"href":"https:\/\/www.sopha-sahara.com\/en\/wp-json\/wp\/v2\/product_tag?post=25133"}],"curies":[{"name":"wp","href":"https:\/\/api.w.org\/{rel}","templated":true}]}}